{"id":3909,"date":"2024-10-23T15:24:28","date_gmt":"2024-10-23T13:24:28","guid":{"rendered":"http:\/\/billigtrikots.com\/?post_type=product&#038;p=3909"},"modified":"2024-10-23T15:26:42","modified_gmt":"2024-10-23T13:26:42","slug":"rb-leipzig-rbl-auswaertstrikot-2021-22-herren-schwarz-gelb-blau","status":"publish","type":"product","link":"https:\/\/www.billigtrikotde.com\/en\/rb-leipzig-rbl-auswaertstrikot-2021-22-herren-schwarz-gelb-blau\/","title":{"rendered":"RB Leipzig RBL away kit 2021\/22 men black\/yellow\/blue"},"content":{"rendered":"<p>Feel the energy with the Nike RB Leipzig 21\/22 Stadium Away Jersey, a fan version of the jersey worn by the pros with a slightly looser fit.<\/p>\n<p>Designed with fans in mind, the Nike RB Leipzig 21\/22 Stadium Away Jersey is made from lightweight Nike Breathe fabric to keep you cool and comfortable whether you're following your heroes or cheering them on from the stands.<\/p>\n<p>The RB Leipzig 21\/22 away jersey features the same design as the home jersey, this time in bright colours that create a link to the brand's F1 racing team. Customised RBL side tape completes the speed-focused look.<\/p>\n<p>Tips for printing: If the name and number on the picture are exactly what you want, you do not need to enter them again. If not, you should enter your desired name and number.<\/p>\n<p>Washing tips: It is recommended to wash football shirts by hand. If you want to use the washing machine, remember to turn football shirts inside out and then wash them. Fill the machine with cold water and use a delicate cycle to better protect the colours.<\/p>","protected":false},"excerpt":{"rendered":"<p>Sp\u00fcre die Energie mit dem Nike RB Leipzig 21\/22 Stadium Ausw\u00e4rtstrikot, einer Fan-Version des Trikots, das von den Profis getragen wird, mit einer etwas lockereren Passform. Das Nike RB Leipzig 21\/22 Stadium Ausw\u00e4rtstrikot wurde speziell f\u00fcr Fans entwickelt und besteht aus leichtem Nike Breathe-Material, das dich k\u00fchl und bequem h\u00e4lt, egal ob du deinen Helden [\u2026]<\/p>","protected":false},"featured_media":3950,"comment_status":"open","ping_status":"closed","template":"","meta":[],"product_brand":[],"product_cat":[185],"product_tag":[20,21,22,23,24,186,187],"class_list":{"0":"post-3909","1":"product","2":"type-product","3":"status-publish","4":"has-post-thumbnail","6":"product_cat-rb-leipzig","7":"product_tag-coole-fussballtrikots","8":"product_tag-fussballtrikot-fuer-herren","9":"product_tag-fussballtrikot-guenstig-kaufen","10":"product_tag-fussballtrikot-kurzarm","11":"product_tag-guenstiges-fussballtrikot","12":"product_tag-rb-leipzig-auswaertstrikot","13":"product_tag-rb-leipzig-trikots","15":"first","16":"instock","17":"shipping-taxable","18":"purchasable","19":"product-type-variable"},"_links":{"self":[{"href":"https:\/\/www.billigtrikotde.com\/en\/wp-json\/wp\/v2\/product\/3909","targetHints":{"allow":["GET"]}}],"collection":[{"href":"https:\/\/www.billigtrikotde.com\/en\/wp-json\/wp\/v2\/product"}],"about":[{"href":"https:\/\/www.billigtrikotde.com\/en\/wp-json\/wp\/v2\/types\/product"}],"replies":[{"embeddable":true,"href":"https:\/\/www.billigtrikotde.com\/en\/wp-json\/wp\/v2\/comments?post=3909"}],"wp:featuredmedia":[{"embeddable":true,"href":"https:\/\/www.billigtrikotde.com\/en\/wp-json\/wp\/v2\/media\/3950"}],"wp:attachment":[{"href":"https:\/\/www.billigtrikotde.com\/en\/wp-json\/wp\/v2\/media?parent=3909"}],"wp:term":[{"taxonomy":"product_brand","embeddable":true,"href":"https:\/\/www.billigtrikotde.com\/en\/wp-json\/wp\/v2\/product_brand?post=3909"},{"taxonomy":"product_cat","embeddable":true,"href":"https:\/\/www.billigtrikotde.com\/en\/wp-json\/wp\/v2\/product_cat?post=3909"},{"taxonomy":"product_tag","embeddable":true,"href":"https:\/\/www.billigtrikotde.com\/en\/wp-json\/wp\/v2\/product_tag?post=3909"}],"curies":[{"name":"wp","href":"https:\/\/api.w.org\/{rel}","templated":true}]}}