{"id":3823,"date":"2024-10-23T15:20:29","date_gmt":"2024-10-23T13:20:29","guid":{"rendered":"http:\/\/billigtrikots.com\/?post_type=product&#038;p=3823"},"modified":"2024-10-23T15:22:37","modified_gmt":"2024-10-23T13:22:37","slug":"guenstige-fussballtrikots-liverpool-fc-herren-heimtrikot-2021-22-rot-weiss","status":"publish","type":"product","link":"https:\/\/www.billigtrikotde.com\/en\/guenstige-fussballtrikots-liverpool-fc-herren-heimtrikot-2021-22-rot-weiss\/","title":{"rendered":"Cheap Football Shirts Liverpool FC Men's Home Shirt 2021\/22 red\/white"},"content":{"rendered":"<p>Represent your team with the Liverpool FC Stadium Home Shirt. Its ultra-breathable fabric wicks sweat away so you stay cool and comfortable on the pitch or in the stands. This product is made entirely from recycled polyester fibres.<\/p>\n<p>Tips for printing: If the name and number on the picture are exactly what you want, you do not need to enter them again. If not, you should enter your desired name and number.<\/p>\n<p>Washing tips: It is recommended to wash football shirts by hand. If you want to use the washing machine, remember to turn football shirts inside out and then wash them. Fill the machine with cold water and use a delicate cycle to better protect the colours.<\/p>","protected":false},"excerpt":{"rendered":"<p>Repr\u00e4sentieren Sie Ihr Team mit dem Liverpool FC Stadium Home Shirt. Sein ultra-atmungsaktives Gewebe leitet den Schwei\u00df ab, damit Sie auf dem Spielfeld oder auf der Trib\u00fcne k\u00fchl und komfortabel bleiben. Dieses Produkt ist vollst\u00e4ndig aus recycelten Polyesterfasern hergestellt. Tipps zum Drucken: Wenn der Name und die Nummer auf dem Bild genau Ihren W\u00fcnschen entsprechen, [&hellip;]<\/p>","protected":false},"featured_media":3864,"comment_status":"open","ping_status":"closed","template":"","meta":[],"product_brand":[],"product_cat":[176],"product_tag":[20,21,22,23,24,152],"class_list":{"0":"post-3823","1":"product","2":"type-product","3":"status-publish","4":"has-post-thumbnail","6":"product_cat-liverpool-fc","7":"product_tag-coole-fussballtrikots","8":"product_tag-fussballtrikot-fuer-herren","9":"product_tag-fussballtrikot-guenstig-kaufen","10":"product_tag-fussballtrikot-kurzarm","11":"product_tag-guenstiges-fussballtrikot","12":"product_tag-liverpool-heimtrikot","14":"first","15":"instock","16":"shipping-taxable","17":"purchasable","18":"product-type-variable"},"_links":{"self":[{"href":"https:\/\/www.billigtrikotde.com\/en\/wp-json\/wp\/v2\/product\/3823","targetHints":{"allow":["GET"]}}],"collection":[{"href":"https:\/\/www.billigtrikotde.com\/en\/wp-json\/wp\/v2\/product"}],"about":[{"href":"https:\/\/www.billigtrikotde.com\/en\/wp-json\/wp\/v2\/types\/product"}],"replies":[{"embeddable":true,"href":"https:\/\/www.billigtrikotde.com\/en\/wp-json\/wp\/v2\/comments?post=3823"}],"wp:featuredmedia":[{"embeddable":true,"href":"https:\/\/www.billigtrikotde.com\/en\/wp-json\/wp\/v2\/media\/3864"}],"wp:attachment":[{"href":"https:\/\/www.billigtrikotde.com\/en\/wp-json\/wp\/v2\/media?parent=3823"}],"wp:term":[{"taxonomy":"product_brand","embeddable":true,"href":"https:\/\/www.billigtrikotde.com\/en\/wp-json\/wp\/v2\/product_brand?post=3823"},{"taxonomy":"product_cat","embeddable":true,"href":"https:\/\/www.billigtrikotde.com\/en\/wp-json\/wp\/v2\/product_cat?post=3823"},{"taxonomy":"product_tag","embeddable":true,"href":"https:\/\/www.billigtrikotde.com\/en\/wp-json\/wp\/v2\/product_tag?post=3823"}],"curies":[{"name":"wp","href":"https:\/\/api.w.org\/{rel}","templated":true}]}}