{"id":3665,"date":"2024-10-23T15:13:13","date_gmt":"2024-10-23T13:13:13","guid":{"rendered":"http:\/\/billigtrikots.com\/?post_type=product&#038;p=3665"},"modified":"2024-10-23T15:15:20","modified_gmt":"2024-10-23T13:15:20","slug":"personalisierbar-trikotsatz-fc-liverpool-torwarttrikot-2021-2022-gelb","status":"publish","type":"product","link":"https:\/\/www.billigtrikotde.com\/en\/personalisierbar-trikotsatz-fc-liverpool-torwarttrikot-2021-2022-gelb\/","title":{"rendered":"Customisable Liverpool FC goalkeeper kit 2021\/2022 yellow"},"content":{"rendered":"<p>The lightweight model in yellow helps you to support your team optimally in the next game. Nike releases an absolutely unique product with the goalkeeper jersey. This FC Liverpool goalkeeper jersey must not be missing from any fan collection. Its lightweight, comfortable, breathable, and moisture-wicking functionality makes it convincing. It visually impresses with a club crest on the chest. This sports shirt is perfect for your training and game and should not be missing from any sports bag. Let this yellow sports shirt with a checkered pattern become your loyal companion.<\/p>\n<p>Tips for printing: If the name and number on the picture are exactly what you want, you do not need to enter them again. If not, you should enter your desired name and number.<\/p>\n<p>Washing tips: It is recommended to wash football shirts by hand. If you want to use the washing machine, remember to turn football shirts inside out and then wash them. Fill the machine with cold water and use a delicate cycle to better protect the colours.<\/p>","protected":false},"excerpt":{"rendered":"<p>Das leichte Modell in Gelb hilft dir, dein Team beim n\u00e4chsten Spiel bestens zu unterst\u00fctzen. Nike ver\u00f6ffentlicht mit dem Torh\u00fcter-Trikot ein absolut einmaliges Produkt. In keiner Fan-Kollektion darf dieses FC Liverpool-Torh\u00fcter-Trikot fehlen. Die leichte, bequeme, atmungsaktive und schwei\u00dfableitende Funktionsweise l\u00e4sst es \u00fcberzeugen. Es besticht optisch mit einem Vereinswappen auf der Brust. Dieses Sportshirt ist optimal [&hellip;]<\/p>","protected":false},"featured_media":3708,"comment_status":"open","ping_status":"closed","template":"","meta":[],"product_brand":[],"product_cat":[176],"product_tag":[20,35,21,23,24,155],"class_list":{"0":"post-3665","1":"product","2":"type-product","3":"status-publish","4":"has-post-thumbnail","6":"product_cat-liverpool-fc","7":"product_tag-coole-fussballtrikots","8":"product_tag-fussball-torwarttrikots","9":"product_tag-fussballtrikot-fuer-herren","10":"product_tag-fussballtrikot-kurzarm","11":"product_tag-guenstiges-fussballtrikot","12":"product_tag-liverpool-torwarttrikot","14":"first","15":"instock","16":"shipping-taxable","17":"purchasable","18":"product-type-variable"},"_links":{"self":[{"href":"https:\/\/www.billigtrikotde.com\/en\/wp-json\/wp\/v2\/product\/3665","targetHints":{"allow":["GET"]}}],"collection":[{"href":"https:\/\/www.billigtrikotde.com\/en\/wp-json\/wp\/v2\/product"}],"about":[{"href":"https:\/\/www.billigtrikotde.com\/en\/wp-json\/wp\/v2\/types\/product"}],"replies":[{"embeddable":true,"href":"https:\/\/www.billigtrikotde.com\/en\/wp-json\/wp\/v2\/comments?post=3665"}],"wp:featuredmedia":[{"embeddable":true,"href":"https:\/\/www.billigtrikotde.com\/en\/wp-json\/wp\/v2\/media\/3708"}],"wp:attachment":[{"href":"https:\/\/www.billigtrikotde.com\/en\/wp-json\/wp\/v2\/media?parent=3665"}],"wp:term":[{"taxonomy":"product_brand","embeddable":true,"href":"https:\/\/www.billigtrikotde.com\/en\/wp-json\/wp\/v2\/product_brand?post=3665"},{"taxonomy":"product_cat","embeddable":true,"href":"https:\/\/www.billigtrikotde.com\/en\/wp-json\/wp\/v2\/product_cat?post=3665"},{"taxonomy":"product_tag","embeddable":true,"href":"https:\/\/www.billigtrikotde.com\/en\/wp-json\/wp\/v2\/product_tag?post=3665"}],"curies":[{"name":"wp","href":"https:\/\/api.w.org\/{rel}","templated":true}]}}