{"id":3663,"date":"2024-10-23T15:13:12","date_gmt":"2024-10-23T13:13:12","guid":{"rendered":"http:\/\/billigtrikots.com\/?post_type=product&#038;p=3663"},"modified":"2024-10-23T15:15:20","modified_gmt":"2024-10-23T13:15:20","slug":"fc-liverpool-herren-fussball-torwarttrikot-2021-2022-gruen-kurzarm-kurze-hosen","status":"publish","type":"product","link":"https:\/\/www.billigtrikotde.com\/en\/fc-liverpool-herren-fussball-torwarttrikot-2021-2022-gruen-kurzarm-kurze-hosen\/","title":{"rendered":"Liverpool FC men's football goalkeeper kit 2021\/2022 green short sleeve + shorts"},"content":{"rendered":"<p>With the comfortable green model you show your unconditional love for your club. Nike releases with the goalkeeper jersey a truly unique product. More support is hardly possible! With this FC Liverpool goalkeeper jersey you expand your fan collection. The moisture-wicking, breathable, light and comfortable functionality convinces. With this jersey you are perfectly equipped for the next training session. This is a goalkeeper jersey that is guaranteed to stand out thanks to the club crest on the chest. Do not wait any longer with this green goalkeeper jersey featuring a checkered pattern!<\/p>\n<p>Tips for printing: If the name and number on the picture are exactly what you want, you do not need to enter them again. If not, you should enter your desired name and number.<\/p>\n<p>Washing tips: It is recommended to wash football shirts by hand. If you want to use the washing machine, remember to turn football shirts inside out and then wash them. Fill the machine with cold water and use a delicate cycle to better protect the colours.<\/p>","protected":false},"excerpt":{"rendered":"<p>Mit dem bequemen Modell in Gr\u00fcn zeigst du deine bedingungslose Liebe zu deinem Verein. Nike ver\u00f6ffentlicht mit dem Torh\u00fcter-Trikot ein wirklich einmaliges Produkt. Mehr Unterst\u00fctzung geht kaum! Mit diesem FC Liverpool-Torh\u00fcter-Trikot erweiterst du deine Fan-Sammlung. Die schwei\u00dfableitende, atmungsaktive, leichte und bequeme Funktionsweise l\u00e4sst es \u00fcberzeugen. Mit diesem Trikot bist du f\u00fcr die n\u00e4chste Einheit perfekt [&hellip;]<\/p>","protected":false},"featured_media":3707,"comment_status":"open","ping_status":"closed","template":"","meta":[],"product_brand":[],"product_cat":[176],"product_tag":[20,35,21,23,24,155],"class_list":{"0":"post-3663","1":"product","2":"type-product","3":"status-publish","4":"has-post-thumbnail","6":"product_cat-liverpool-fc","7":"product_tag-coole-fussballtrikots","8":"product_tag-fussball-torwarttrikots","9":"product_tag-fussballtrikot-fuer-herren","10":"product_tag-fussballtrikot-kurzarm","11":"product_tag-guenstiges-fussballtrikot","12":"product_tag-liverpool-torwarttrikot","14":"first","15":"instock","16":"shipping-taxable","17":"purchasable","18":"product-type-variable"},"_links":{"self":[{"href":"https:\/\/www.billigtrikotde.com\/en\/wp-json\/wp\/v2\/product\/3663","targetHints":{"allow":["GET"]}}],"collection":[{"href":"https:\/\/www.billigtrikotde.com\/en\/wp-json\/wp\/v2\/product"}],"about":[{"href":"https:\/\/www.billigtrikotde.com\/en\/wp-json\/wp\/v2\/types\/product"}],"replies":[{"embeddable":true,"href":"https:\/\/www.billigtrikotde.com\/en\/wp-json\/wp\/v2\/comments?post=3663"}],"wp:featuredmedia":[{"embeddable":true,"href":"https:\/\/www.billigtrikotde.com\/en\/wp-json\/wp\/v2\/media\/3707"}],"wp:attachment":[{"href":"https:\/\/www.billigtrikotde.com\/en\/wp-json\/wp\/v2\/media?parent=3663"}],"wp:term":[{"taxonomy":"product_brand","embeddable":true,"href":"https:\/\/www.billigtrikotde.com\/en\/wp-json\/wp\/v2\/product_brand?post=3663"},{"taxonomy":"product_cat","embeddable":true,"href":"https:\/\/www.billigtrikotde.com\/en\/wp-json\/wp\/v2\/product_cat?post=3663"},{"taxonomy":"product_tag","embeddable":true,"href":"https:\/\/www.billigtrikotde.com\/en\/wp-json\/wp\/v2\/product_tag?post=3663"}],"curies":[{"name":"wp","href":"https:\/\/api.w.org\/{rel}","templated":true}]}}