{"id":3592,"date":"2024-10-23T15:09:53","date_gmt":"2024-10-23T13:09:53","guid":{"rendered":"http:\/\/billigtrikots.com\/?post_type=product&#038;p=3592"},"modified":"2024-10-23T15:12:00","modified_gmt":"2024-10-23T13:12:00","slug":"dfb-deutschland-herren-adipro-20-torwarttrikot-grau-mit-aufdruck-neuer-1","status":"publish","type":"product","link":"https:\/\/www.billigtrikotde.com\/en\/dfb-deutschland-herren-adipro-20-torwarttrikot-grau-mit-aufdruck-neuer-1\/","title":{"rendered":"DFB Germany Men's AdiPro 20 Goalkeeper Jersey Grey with print Neuer 1"},"content":{"rendered":"<p>The AdiPro 20 goalkeeper jersey for men convinces you with breathable technologies and high durability. The quick-drying functional material with ClimaLite technology offers unrestricted freedom of movement so you can fully concentrate on the ball. The tight-fitting sleeves stay in place when reaching for the ball. The V-neck with a narrow polo collar and the distinctive adidas 3-Stripes on the shoulder complete the jersey perfectly.<\/p>\n<p>Tips for printing: If the name and number on the picture are exactly what you want, you do not need to enter them again. If not, you should enter your desired name and number.<\/p>\n<p>Washing tips: It is recommended to wash football shirts by hand. If you want to use the washing machine, remember to turn football shirts inside out and then wash them. Fill the machine with cold water and use a delicate cycle to better protect the colours.<\/p>","protected":false},"excerpt":{"rendered":"<p>Das AdiPro 20 Torwarttrikot f\u00fcr Herren \u00fcberzeugt dich mit atmungsaktiven Technologien und hoher Strapazierf\u00e4higkeit. Das schnell trocknende Funktionsmaterial mit ClimaLite Technologie bietet uneingeschr\u00e4nkte Bewegungsfreiheit, damit du dich voll und ganz auf den Ball konzentrieren kannst. Die eng anliegenden \u00c4rmel bleiben beim Erreichen des Balls an Ort und Stelle. Der V-Ausschnitt mit schmalem Stehkragen sowie die [&hellip;]<\/p>","protected":false},"featured_media":3633,"comment_status":"open","ping_status":"closed","template":"","meta":[],"product_brand":[],"product_cat":[170],"product_tag":[20,171,172,21,22,23,24],"class_list":{"0":"post-3592","1":"product","2":"type-product","3":"status-publish","4":"has-post-thumbnail","6":"product_cat-deutschland-trikots","7":"product_tag-coole-fussballtrikots","8":"product_tag-deutschland-torwarttrikot","9":"product_tag-deutschland-trikots","10":"product_tag-fussballtrikot-fuer-herren","11":"product_tag-fussballtrikot-guenstig-kaufen","12":"product_tag-fussballtrikot-kurzarm","13":"product_tag-guenstiges-fussballtrikot","15":"first","16":"instock","17":"shipping-taxable","18":"purchasable","19":"product-type-variable"},"_links":{"self":[{"href":"https:\/\/www.billigtrikotde.com\/en\/wp-json\/wp\/v2\/product\/3592","targetHints":{"allow":["GET"]}}],"collection":[{"href":"https:\/\/www.billigtrikotde.com\/en\/wp-json\/wp\/v2\/product"}],"about":[{"href":"https:\/\/www.billigtrikotde.com\/en\/wp-json\/wp\/v2\/types\/product"}],"replies":[{"embeddable":true,"href":"https:\/\/www.billigtrikotde.com\/en\/wp-json\/wp\/v2\/comments?post=3592"}],"wp:featuredmedia":[{"embeddable":true,"href":"https:\/\/www.billigtrikotde.com\/en\/wp-json\/wp\/v2\/media\/3633"}],"wp:attachment":[{"href":"https:\/\/www.billigtrikotde.com\/en\/wp-json\/wp\/v2\/media?parent=3592"}],"wp:term":[{"taxonomy":"product_brand","embeddable":true,"href":"https:\/\/www.billigtrikotde.com\/en\/wp-json\/wp\/v2\/product_brand?post=3592"},{"taxonomy":"product_cat","embeddable":true,"href":"https:\/\/www.billigtrikotde.com\/en\/wp-json\/wp\/v2\/product_cat?post=3592"},{"taxonomy":"product_tag","embeddable":true,"href":"https:\/\/www.billigtrikotde.com\/en\/wp-json\/wp\/v2\/product_tag?post=3592"}],"curies":[{"name":"wp","href":"https:\/\/api.w.org\/{rel}","templated":true}]}}