{"id":3569,"date":"2024-10-23T15:08:48","date_gmt":"2024-10-23T13:08:48","guid":{"rendered":"http:\/\/billigtrikots.com\/?post_type=product&#038;p=3569"},"modified":"2025-06-09T04:42:52","modified_gmt":"2025-06-09T02:42:52","slug":"kindertrikot-fc-arsenal-heimtrikot-2022-kinder-weiss-rot-mit-aubameyang-14-aufdruck","status":"publish","type":"product","link":"https:\/\/www.billigtrikotde.com\/en\/kindertrikot-fc-arsenal-heimtrikot-2022-kinder-weiss-rot-mit-aubameyang-14-aufdruck\/","title":{"rendered":"Kids' FC Arsenal Home Shirt 2022 Kids white\/red with AUBAMEYANG 14 print"},"content":{"rendered":"<p>The new Arsenal home jersey from adidas comes in typical red and white home colours and is adorned with proud team details such as the original club logo. In addition, the adidas logo and sponsor branding are added to complete the jersey.<\/p>\n<p>Made from moisture-wicking Aeroready material, the new Arsenal kids' jersey offers you dry, cool comfort. The home jersey is also made from 100% recycled polyester fibres (Primegreen), which makes it not only dimensionally stable and durable, but also sustainable! Cut slightly wider than the players' jersey, it also ensures a first-class fit and optimum freedom of movement in all directions.<\/p>\n<p>As a true fan, you must have the adidas FC Arsenal Kids Home Jersey 2021\/22! Get it today!<\/p>\n<p>Tips for printing: If the name and number on the picture are exactly what you want, you do not need to enter them again. If not, you should enter your desired name and number.<\/p>\n<p>Washing tips: It is recommended to wash football shirts by hand. If you want to use the washing machine, remember to turn football shirts inside out and then wash them. Fill the machine with cold water and use a delicate cycle to better protect the colours.<\/p>","protected":false},"excerpt":{"rendered":"<p>Das neue Arsenal Heim Trikot von adidas kommt in typischer rot-wei\u00dfer Heimfarbe und ist mit stolzen Teamdetails, wie dem originalen Clublogo geschm\u00fcckt. Au\u00dferdem f\u00fcgen sich das adidas Logo, sowie Sponsorenbrandings passend ein und machen das Trikot komplett. Gefertigt aus feuchtigkeitsableitendem Aeroready Material, bietet dir das neue Arsenal Kinder Trikot einen trockenen, k\u00fchlen Tragekomfort. Zudem besteht [&hellip;]<\/p>","protected":false},"featured_media":3609,"comment_status":"open","ping_status":"closed","template":"","meta":[],"product_brand":[],"product_cat":[167],"product_tag":[20,56,57,168,94],"class_list":{"0":"post-3569","1":"product","2":"type-product","3":"status-publish","4":"has-post-thumbnail","6":"product_cat-arsenal-kindertrikot","7":"product_tag-coole-fussballtrikots","8":"product_tag-fc-arsenal-heimtrikot","9":"product_tag-fc-arsenal-trikots","10":"product_tag-fc-arsenal-trikotsatz-fuer-kinder","11":"product_tag-kinder-fussball-trikotsatz","13":"first","14":"instock","15":"shipping-taxable","16":"purchasable","17":"product-type-variable"},"_links":{"self":[{"href":"https:\/\/www.billigtrikotde.com\/en\/wp-json\/wp\/v2\/product\/3569","targetHints":{"allow":["GET"]}}],"collection":[{"href":"https:\/\/www.billigtrikotde.com\/en\/wp-json\/wp\/v2\/product"}],"about":[{"href":"https:\/\/www.billigtrikotde.com\/en\/wp-json\/wp\/v2\/types\/product"}],"replies":[{"embeddable":true,"href":"https:\/\/www.billigtrikotde.com\/en\/wp-json\/wp\/v2\/comments?post=3569"}],"wp:featuredmedia":[{"embeddable":true,"href":"https:\/\/www.billigtrikotde.com\/en\/wp-json\/wp\/v2\/media\/3609"}],"wp:attachment":[{"href":"https:\/\/www.billigtrikotde.com\/en\/wp-json\/wp\/v2\/media?parent=3569"}],"wp:term":[{"taxonomy":"product_brand","embeddable":true,"href":"https:\/\/www.billigtrikotde.com\/en\/wp-json\/wp\/v2\/product_brand?post=3569"},{"taxonomy":"product_cat","embeddable":true,"href":"https:\/\/www.billigtrikotde.com\/en\/wp-json\/wp\/v2\/product_cat?post=3569"},{"taxonomy":"product_tag","embeddable":true,"href":"https:\/\/www.billigtrikotde.com\/en\/wp-json\/wp\/v2\/product_tag?post=3569"}],"curies":[{"name":"wp","href":"https:\/\/api.w.org\/{rel}","templated":true}]}}