{"id":3544,"date":"2024-10-23T15:07:42","date_gmt":"2024-10-23T13:07:42","guid":{"rendered":"http:\/\/billigtrikots.com\/?post_type=product&#038;p=3544"},"modified":"2025-06-09T04:42:53","modified_gmt":"2025-06-09T02:42:53","slug":"trikotsatz-fc-arsenal-ausweichtrikot-2021-2022-fuer-kinder-blau","status":"publish","type":"product","link":"https:\/\/www.billigtrikotde.com\/en\/trikotsatz-fc-arsenal-ausweichtrikot-2021-2022-fuer-kinder-blau\/","title":{"rendered":"Arsenal FC away kit 2021\/2022 for kids blue"},"content":{"rendered":"<p>Here comes the revival of a 90s design \u2013 like a flash from the past. This FC Arsenal away shirt, here in the kids and teens version, celebrates a successful decade for football and for adidas. The fan shirt combines a retro look inspired by the equipment style with modern, functional material featuring moisture-absorbing AEROREADY technology. This product is Primegreen: manufactured with various functional recycled materials.<\/p>\n<p>Tips for printing: If the name and number on the picture are exactly what you want, you do not need to enter them again. If not, you should enter your desired name and number.<\/p>\n<p>Washing tips: It is recommended to wash football shirts by hand. If you want to use the washing machine, remember to turn football shirts inside out and then wash them. Fill the machine with cold water and use a delicate cycle to better protect the colours.<\/p>","protected":false},"excerpt":{"rendered":"<p>Hier kommt das Revival eines 90s-Designs \u2013 wie ein Blitz aus der Vergangenheit. Dieses FC Arsenal Ausweichtrikot, hier in der Version f\u00fcr Kinder und Teens, feiert ein Erfolgsjahrzehnt f\u00fcr den Fu\u00dfball und f\u00fcr adidas. Das Fan-Trikot verbindet einen vom Equipment Style inspirierten Retrolook mit einem modernen, funktionalen Material mit feuchtigkeitsabsorbierender AEROREADY Technologie.Dieses Produkt ist Primegreen: [&hellip;]<\/p>","protected":false},"featured_media":3585,"comment_status":"open","ping_status":"closed","template":"","meta":[],"product_brand":[],"product_cat":[167],"product_tag":[20,169,57,168,94],"class_list":{"0":"post-3544","1":"product","2":"type-product","3":"status-publish","4":"has-post-thumbnail","6":"product_cat-arsenal-kindertrikot","7":"product_tag-coole-fussballtrikots","8":"product_tag-fc-arsenal-ausweichtrikot","9":"product_tag-fc-arsenal-trikots","10":"product_tag-fc-arsenal-trikotsatz-fuer-kinder","11":"product_tag-kinder-fussball-trikotsatz","13":"first","14":"instock","15":"shipping-taxable","16":"purchasable","17":"product-type-variable"},"_links":{"self":[{"href":"https:\/\/www.billigtrikotde.com\/en\/wp-json\/wp\/v2\/product\/3544","targetHints":{"allow":["GET"]}}],"collection":[{"href":"https:\/\/www.billigtrikotde.com\/en\/wp-json\/wp\/v2\/product"}],"about":[{"href":"https:\/\/www.billigtrikotde.com\/en\/wp-json\/wp\/v2\/types\/product"}],"replies":[{"embeddable":true,"href":"https:\/\/www.billigtrikotde.com\/en\/wp-json\/wp\/v2\/comments?post=3544"}],"wp:featuredmedia":[{"embeddable":true,"href":"https:\/\/www.billigtrikotde.com\/en\/wp-json\/wp\/v2\/media\/3585"}],"wp:attachment":[{"href":"https:\/\/www.billigtrikotde.com\/en\/wp-json\/wp\/v2\/media?parent=3544"}],"wp:term":[{"taxonomy":"product_brand","embeddable":true,"href":"https:\/\/www.billigtrikotde.com\/en\/wp-json\/wp\/v2\/product_brand?post=3544"},{"taxonomy":"product_cat","embeddable":true,"href":"https:\/\/www.billigtrikotde.com\/en\/wp-json\/wp\/v2\/product_cat?post=3544"},{"taxonomy":"product_tag","embeddable":true,"href":"https:\/\/www.billigtrikotde.com\/en\/wp-json\/wp\/v2\/product_tag?post=3544"}],"curies":[{"name":"wp","href":"https:\/\/api.w.org\/{rel}","templated":true}]}}