{"id":3404,"date":"2024-10-23T15:00:45","date_gmt":"2024-10-23T13:00:45","guid":{"rendered":"http:\/\/billigtrikots.com\/?post_type=product&#038;p=3404"},"modified":"2024-10-23T15:02:51","modified_gmt":"2024-10-23T13:02:51","slug":"fussball-trikotsatz-fc-chelsea-heimtrikot-2021-22-kinder-blau-gelb-mit-aufdruck-havertz-29","status":"publish","type":"product","link":"https:\/\/www.billigtrikotde.com\/en\/fussball-trikotsatz-fc-chelsea-heimtrikot-2021-22-kinder-blau-gelb-mit-aufdruck-havertz-29\/","title":{"rendered":"Football kit FC Chelsea home kit 2021\/22 kids blue yellow with print Havertz 29"},"content":{"rendered":"<p>Das Kinder-Sportshirt von Nike in Blau l\u00e4sst dich die Farben deines Lieblingsclubs tragen und allen zeigen, wof\u00fcr dein Herz schl\u00e4gt. Das Heim-Sportshirt, wie es die Spieler in der Premier League tragen, sorgt bei echten FC Chelsea London-Anh\u00e4ngern f\u00fcr Begeisterung. Es ist atmungsaktiv, bequem und leicht. Dies ist ein Shirt, das durch das Vereinswappen auf der Brust garantiert trumpfen kann. So kannst du allen zeigen, dass du der Beste auf dem Platz bist.<\/p>\n<p>Tips for printing: If the name and number on the picture are exactly what you want, you do not need to enter them again. If not, you should enter your desired name and number.<\/p>\n<p>Washing tips: It is recommended to wash football shirts by hand. If you want to use the washing machine, remember to turn football shirts inside out and then wash them. Fill the machine with cold water and use a delicate cycle to better protect the colours.<\/p>","protected":false},"excerpt":{"rendered":"<p>Das Kinder-Sportshirt von Nike in Blau l\u00e4sst dich die Farben deines Lieblingsclubs tragen und allen zeigen, wof\u00fcr dein Herz schl\u00e4gt. Das Heim-Sportshirt, wie es die Spieler in der Premier League tragen, sorgt bei echten FC Chelsea London-Anh\u00e4ngern f\u00fcr Begeisterung. Es ist atmungsaktiv, bequem und leicht. Dies ist ein Shirt, das durch das Vereinswappen auf der [&hellip;]<\/p>","protected":false},"featured_media":3444,"comment_status":"open","ping_status":"closed","template":"","meta":[],"product_brand":[],"product_cat":[162],"product_tag":[20,164,73,163,21,22,23,24,94],"class_list":{"0":"post-3404","1":"product","2":"type-product","3":"status-publish","4":"has-post-thumbnail","6":"product_cat-chelsea-kindertrikot","7":"product_tag-coole-fussballtrikots","8":"product_tag-chelsea-heimtrikot","9":"product_tag-chelsea-trikots","10":"product_tag-chelsea-trikotsatz-fuer-kinder","11":"product_tag-fussballtrikot-fuer-herren","12":"product_tag-fussballtrikot-guenstig-kaufen","13":"product_tag-fussballtrikot-kurzarm","14":"product_tag-guenstiges-fussballtrikot","15":"product_tag-kinder-fussball-trikotsatz","17":"first","18":"instock","19":"shipping-taxable","20":"purchasable","21":"product-type-variable"},"_links":{"self":[{"href":"https:\/\/www.billigtrikotde.com\/en\/wp-json\/wp\/v2\/product\/3404","targetHints":{"allow":["GET"]}}],"collection":[{"href":"https:\/\/www.billigtrikotde.com\/en\/wp-json\/wp\/v2\/product"}],"about":[{"href":"https:\/\/www.billigtrikotde.com\/en\/wp-json\/wp\/v2\/types\/product"}],"replies":[{"embeddable":true,"href":"https:\/\/www.billigtrikotde.com\/en\/wp-json\/wp\/v2\/comments?post=3404"}],"wp:featuredmedia":[{"embeddable":true,"href":"https:\/\/www.billigtrikotde.com\/en\/wp-json\/wp\/v2\/media\/3444"}],"wp:attachment":[{"href":"https:\/\/www.billigtrikotde.com\/en\/wp-json\/wp\/v2\/media?parent=3404"}],"wp:term":[{"taxonomy":"product_brand","embeddable":true,"href":"https:\/\/www.billigtrikotde.com\/en\/wp-json\/wp\/v2\/product_brand?post=3404"},{"taxonomy":"product_cat","embeddable":true,"href":"https:\/\/www.billigtrikotde.com\/en\/wp-json\/wp\/v2\/product_cat?post=3404"},{"taxonomy":"product_tag","embeddable":true,"href":"https:\/\/www.billigtrikotde.com\/en\/wp-json\/wp\/v2\/product_tag?post=3404"}],"curies":[{"name":"wp","href":"https:\/\/api.w.org\/{rel}","templated":true}]}}