{"id":329,"date":"2024-10-23T12:14:27","date_gmt":"2024-10-23T10:14:27","guid":{"rendered":"http:\/\/billigtrikots.com\/?post_type=product&#038;p=329"},"modified":"2024-10-23T12:16:53","modified_gmt":"2024-10-23T10:16:53","slug":"fc-barcelona-herren-auswaerts-trikot-2021-22-fussballtrikot-lila-gelb","status":"publish","type":"product","link":"https:\/\/www.billigtrikotde.com\/en\/fc-barcelona-herren-auswaerts-trikot-2021-22-fussballtrikot-lila-gelb\/","title":{"rendered":"FC Barcelona Men's Away Shirt 2021\/22 Football Shirt purple\/yellow"},"content":{"rendered":"<p>Repr\u00e4sentieren Sie Ihr Team mit dem FC Barcelona Stadium Away Jersey. Das hoch atmungsaktive Gewebe leitet Schwei\u00df von der Haut weg, so dass Sie k\u00fchl bleiben, ob Sie auf der Trib\u00fcne die Fans anfeuern oder auf dem Feld spielen.Dry designThe Nike Dri-FIT-Technologie leitet Schwei\u00df von der Haut weg f\u00fcr eine schnellere Verdunstung, halten Sie trocken und komfortabel.Cool comfortThe Nike Breathe Gewebe ist hoch atmungsaktiv, um Ihnen zu helfen, k\u00fchl zu bleiben.Professional-level inspirationThe Design repliziert, was die Profis auf dem Feld tragen.<\/p>\n<p>Tips for printing: If the name and number on the picture are exactly what you want, you do not need to enter them again. If not, you should enter your desired name and number.<\/p>\n<p>Washing tips: It is recommended to wash football shirts by hand. If you want to use the washing machine, remember to turn football shirts inside out and then wash them. Fill the machine with cold water and use a delicate cycle to better protect the colours.<\/p>","protected":false},"excerpt":{"rendered":"<p>Repr\u00e4sentieren Sie Ihr Team mit dem FC Barcelona Stadium Away Jersey. Das hoch atmungsaktive Gewebe leitet Schwei\u00df von der Haut weg, so dass Sie k\u00fchl bleiben, ob Sie auf der Trib\u00fcne die Fans anfeuern oder auf dem Feld spielen.Dry designThe Nike Dri-FIT-Technologie leitet Schwei\u00df von der Haut weg f\u00fcr eine schnellere Verdunstung, halten Sie trocken [&hellip;]<\/p>","protected":false},"featured_media":384,"comment_status":"open","ping_status":"closed","template":"","meta":[],"product_brand":[],"product_cat":[31],"product_tag":[36,20,33,21,22,23,24],"class_list":{"0":"post-329","1":"product","2":"type-product","3":"status-publish","4":"has-post-thumbnail","6":"product_cat-fc-barcelona","7":"product_tag-barcelona-auswaertstrikot","8":"product_tag-coole-fussballtrikots","9":"product_tag-fc-barcelona-trikots","10":"product_tag-fussballtrikot-fuer-herren","11":"product_tag-fussballtrikot-guenstig-kaufen","12":"product_tag-fussballtrikot-kurzarm","13":"product_tag-guenstiges-fussballtrikot","15":"first","16":"instock","17":"shipping-taxable","18":"purchasable","19":"product-type-variable"},"_links":{"self":[{"href":"https:\/\/www.billigtrikotde.com\/en\/wp-json\/wp\/v2\/product\/329","targetHints":{"allow":["GET"]}}],"collection":[{"href":"https:\/\/www.billigtrikotde.com\/en\/wp-json\/wp\/v2\/product"}],"about":[{"href":"https:\/\/www.billigtrikotde.com\/en\/wp-json\/wp\/v2\/types\/product"}],"replies":[{"embeddable":true,"href":"https:\/\/www.billigtrikotde.com\/en\/wp-json\/wp\/v2\/comments?post=329"}],"wp:featuredmedia":[{"embeddable":true,"href":"https:\/\/www.billigtrikotde.com\/en\/wp-json\/wp\/v2\/media\/384"}],"wp:attachment":[{"href":"https:\/\/www.billigtrikotde.com\/en\/wp-json\/wp\/v2\/media?parent=329"}],"wp:term":[{"taxonomy":"product_brand","embeddable":true,"href":"https:\/\/www.billigtrikotde.com\/en\/wp-json\/wp\/v2\/product_brand?post=329"},{"taxonomy":"product_cat","embeddable":true,"href":"https:\/\/www.billigtrikotde.com\/en\/wp-json\/wp\/v2\/product_cat?post=329"},{"taxonomy":"product_tag","embeddable":true,"href":"https:\/\/www.billigtrikotde.com\/en\/wp-json\/wp\/v2\/product_tag?post=329"}],"curies":[{"name":"wp","href":"https:\/\/api.w.org\/{rel}","templated":true}]}}