{"id":3260,"date":"2024-10-23T14:53:56","date_gmt":"2024-10-23T12:53:56","guid":{"rendered":"http:\/\/billigtrikots.com\/?post_type=product&#038;p=3260"},"modified":"2024-10-23T14:56:10","modified_gmt":"2024-10-23T12:56:10","slug":"personalisierbar-heimtrikot-kinder-fc-liverpool-trikot-home-2021-22-in-rot","status":"publish","type":"product","link":"https:\/\/www.billigtrikotde.com\/en\/personalisierbar-heimtrikot-kinder-fc-liverpool-trikot-home-2021-22-in-rot\/","title":{"rendered":"Customisable Kids FC Liverpool Home Jersey 2021\/22 in red"},"content":{"rendered":"<p>Support FC Liverpool in the 2021\/2022 season and show your pride in the official Nike Replica Home Jersey. The authentic design of the kids' Home Jersey is based on the pros' match shirts. The 100% recycled functional material with Dri-FIT technology is particularly breathable and provides a cool wearing feel. The club badge on the chest shows your enthusiasm for your team, whether on the pitch or on the street.<\/p>\n<p>Tips for printing: If the name and number on the picture are exactly what you want, you do not need to enter them again. If not, you should enter your desired name and number.<\/p>\n<p>Washing tips: It is recommended to wash football shirts by hand. If you want to use the washing machine, remember to turn football shirts inside out and then wash them. Fill the machine with cold water and use a delicate cycle to better protect the colours.<\/p>","protected":false},"excerpt":{"rendered":"<p>Unterst\u00fctze den FC Liverpool in der Saison 2021\/2022 und zeige deinen Stolz im offiziellen Nike Replica Heimtrikot. Das authentische Design des Home Jerseys f\u00fcr Kinder basiert auf den Spieltrikots der Profis. Das zu 100 % recycelte Funktionsmaterial mit Dri-FIT-Technologie ist besonders atmungsaktiv und sorgt f\u00fcr ein k\u00fchles Tragegef\u00fchl. Das Vereinswappen auf der Brust zeigt deine [&hellip;]<\/p>","protected":false},"featured_media":3302,"comment_status":"open","ping_status":"closed","template":"","meta":[],"product_brand":[],"product_cat":[151],"product_tag":[20,21,22,23,24,94,152,153,154],"class_list":{"0":"post-3260","1":"product","2":"type-product","3":"status-publish","4":"has-post-thumbnail","6":"product_cat-liverpool-kindertrikot","7":"product_tag-coole-fussballtrikots","8":"product_tag-fussballtrikot-fuer-herren","9":"product_tag-fussballtrikot-guenstig-kaufen","10":"product_tag-fussballtrikot-kurzarm","11":"product_tag-guenstiges-fussballtrikot","12":"product_tag-kinder-fussball-trikotsatz","13":"product_tag-liverpool-heimtrikot","14":"product_tag-liverpool-trikots","15":"product_tag-liverpool-trikotsatz-fuer-kinder","17":"first","18":"instock","19":"shipping-taxable","20":"purchasable","21":"product-type-variable"},"_links":{"self":[{"href":"https:\/\/www.billigtrikotde.com\/en\/wp-json\/wp\/v2\/product\/3260","targetHints":{"allow":["GET"]}}],"collection":[{"href":"https:\/\/www.billigtrikotde.com\/en\/wp-json\/wp\/v2\/product"}],"about":[{"href":"https:\/\/www.billigtrikotde.com\/en\/wp-json\/wp\/v2\/types\/product"}],"replies":[{"embeddable":true,"href":"https:\/\/www.billigtrikotde.com\/en\/wp-json\/wp\/v2\/comments?post=3260"}],"wp:featuredmedia":[{"embeddable":true,"href":"https:\/\/www.billigtrikotde.com\/en\/wp-json\/wp\/v2\/media\/3302"}],"wp:attachment":[{"href":"https:\/\/www.billigtrikotde.com\/en\/wp-json\/wp\/v2\/media?parent=3260"}],"wp:term":[{"taxonomy":"product_brand","embeddable":true,"href":"https:\/\/www.billigtrikotde.com\/en\/wp-json\/wp\/v2\/product_brand?post=3260"},{"taxonomy":"product_cat","embeddable":true,"href":"https:\/\/www.billigtrikotde.com\/en\/wp-json\/wp\/v2\/product_cat?post=3260"},{"taxonomy":"product_tag","embeddable":true,"href":"https:\/\/www.billigtrikotde.com\/en\/wp-json\/wp\/v2\/product_tag?post=3260"}],"curies":[{"name":"wp","href":"https:\/\/api.w.org\/{rel}","templated":true}]}}