{"id":3230,"date":"2024-10-23T14:52:23","date_gmt":"2024-10-23T12:52:23","guid":{"rendered":"http:\/\/billigtrikots.com\/?post_type=product&#038;p=3230"},"modified":"2024-10-23T14:54:58","modified_gmt":"2024-10-23T12:54:58","slug":"fussball-trikot-liverpool-fc-2021-22-heimtrikot-rot-fuer-kinder-mit-aufdruck-a-becker-1","status":"publish","type":"product","link":"https:\/\/www.billigtrikotde.com\/en\/fussball-trikot-liverpool-fc-2021-22-heimtrikot-rot-fuer-kinder-mit-aufdruck-a-becker-1\/","title":{"rendered":"Liverpool FC 2021\/22 home shirt red for kids with print A.BECKER 1"},"content":{"rendered":"<p>With the super comfortable model in red, even the youngest fans show their affection for their favourite club. The brand Nike is launching a unique product with the children's shirt. Every true FC Liverpool supporter needs this home shirt, as the players also wear it in the Premier League. The moisture-wicking, super comfortable, breathable, and lightweight model impresses all round. It visually stands out with a club crest on the chest. With this sports top, you can become even more efficient and prepare for the next game.<\/p>\n<p>Tips for printing: If the name and number on the picture are exactly what you want, you do not need to enter them again. If not, you should enter your desired name and number.<\/p>\n<p>Washing tips: It is recommended to wash football shirts by hand. If you want to use the washing machine, remember to turn football shirts inside out and then wash them. Fill the machine with cold water and use a delicate cycle to better protect the colours.<\/p>","protected":false},"excerpt":{"rendered":"<p>Mit dem super bequemen Modell in Rot zeigen auch die j\u00fcngsten Fans ihre Zuneigung zu ihrem Lieblingsverein. Die Marke Nike bringt mit dem Kinder-Shirt ein einmaliges Produkt auf den Markt. Jeder waschechte FC Liverpool-Unterst\u00fctzer ben\u00f6tigt dieses Heim-Shirt, denn auch die Spieler tragen es in der Premier League. Das schwei\u00dfableitende, super bequeme, atmungsaktive und leichte Modell [&hellip;]<\/p>","protected":false},"featured_media":3270,"comment_status":"open","ping_status":"closed","template":"","meta":[],"product_brand":[],"product_cat":[151],"product_tag":[20,21,22,23,24,94,152,153,154],"class_list":{"0":"post-3230","1":"product","2":"type-product","3":"status-publish","4":"has-post-thumbnail","6":"product_cat-liverpool-kindertrikot","7":"product_tag-coole-fussballtrikots","8":"product_tag-fussballtrikot-fuer-herren","9":"product_tag-fussballtrikot-guenstig-kaufen","10":"product_tag-fussballtrikot-kurzarm","11":"product_tag-guenstiges-fussballtrikot","12":"product_tag-kinder-fussball-trikotsatz","13":"product_tag-liverpool-heimtrikot","14":"product_tag-liverpool-trikots","15":"product_tag-liverpool-trikotsatz-fuer-kinder","17":"first","18":"instock","19":"shipping-taxable","20":"purchasable","21":"product-type-variable"},"_links":{"self":[{"href":"https:\/\/www.billigtrikotde.com\/en\/wp-json\/wp\/v2\/product\/3230","targetHints":{"allow":["GET"]}}],"collection":[{"href":"https:\/\/www.billigtrikotde.com\/en\/wp-json\/wp\/v2\/product"}],"about":[{"href":"https:\/\/www.billigtrikotde.com\/en\/wp-json\/wp\/v2\/types\/product"}],"replies":[{"embeddable":true,"href":"https:\/\/www.billigtrikotde.com\/en\/wp-json\/wp\/v2\/comments?post=3230"}],"wp:featuredmedia":[{"embeddable":true,"href":"https:\/\/www.billigtrikotde.com\/en\/wp-json\/wp\/v2\/media\/3270"}],"wp:attachment":[{"href":"https:\/\/www.billigtrikotde.com\/en\/wp-json\/wp\/v2\/media?parent=3230"}],"wp:term":[{"taxonomy":"product_brand","embeddable":true,"href":"https:\/\/www.billigtrikotde.com\/en\/wp-json\/wp\/v2\/product_brand?post=3230"},{"taxonomy":"product_cat","embeddable":true,"href":"https:\/\/www.billigtrikotde.com\/en\/wp-json\/wp\/v2\/product_cat?post=3230"},{"taxonomy":"product_tag","embeddable":true,"href":"https:\/\/www.billigtrikotde.com\/en\/wp-json\/wp\/v2\/product_tag?post=3230"}],"curies":[{"name":"wp","href":"https:\/\/api.w.org\/{rel}","templated":true}]}}