{"id":3228,"date":"2024-10-23T14:52:21","date_gmt":"2024-10-23T12:52:21","guid":{"rendered":"http:\/\/billigtrikots.com\/?post_type=product&#038;p=3228"},"modified":"2024-10-23T14:54:26","modified_gmt":"2024-10-23T12:54:26","slug":"fussball-trikot-liverpool-fc-2021-22-auswaertstrikot-fuer-kinder-in-beige","status":"publish","type":"product","link":"https:\/\/www.billigtrikotde.com\/en\/fussball-trikot-liverpool-fc-2021-22-auswaertstrikot-fuer-kinder-in-beige\/","title":{"rendered":"Liverpool FC 2021\/22 away kit for kids in beige"},"content":{"rendered":"<p>With the moisture-wicking model in beige, even the youngest fans show their affection for their favourite club. The Nike children's T-shirt is the perfect choice. As a true FC Liverpool fan, you need this away shirt worn by the players in the Premier League. The lightweight, moisture-wicking, breathable, and comfortable model impresses all round. This way, you can perform even better and give your best in every session. The great look of the shirt is emphasised by the club crest on the chest.<\/p>\n<p>Tips for printing: If the name and number on the picture are exactly what you want, you do not need to enter them again. If not, you should enter your desired name and number.<\/p>\n<p>Washing tips: It is recommended to wash football shirts by hand. If you want to use the washing machine, remember to turn football shirts inside out and then wash them. Fill the machine with cold water and use a delicate cycle to better protect the colours.<\/p>","protected":false},"excerpt":{"rendered":"<p>Mit dem schwei\u00dfableitenden Modell in Beige zeigen auch die j\u00fcngsten Fans ihre Zuneigung zu ihrem Lieblingsverein. Das Nike Kinder-Shirt ist die perfekte Wahl. Als echter FC Liverpool-Fan brauchst du dieses Ausw\u00e4rts-Shirt, das die Spieler in der Premier League tragen. Das leichte, schwei\u00dfableitende, atmungsaktive und bequeme Modell \u00fcberzeugt auf ganzer Linie. So bist du noch leistungsf\u00e4higer [&hellip;]<\/p>","protected":false},"featured_media":3268,"comment_status":"open","ping_status":"closed","template":"","meta":[],"product_brand":[],"product_cat":[151],"product_tag":[20,21,22,23,24,94,156,153,154],"class_list":{"0":"post-3228","1":"product","2":"type-product","3":"status-publish","4":"has-post-thumbnail","6":"product_cat-liverpool-kindertrikot","7":"product_tag-coole-fussballtrikots","8":"product_tag-fussballtrikot-fuer-herren","9":"product_tag-fussballtrikot-guenstig-kaufen","10":"product_tag-fussballtrikot-kurzarm","11":"product_tag-guenstiges-fussballtrikot","12":"product_tag-kinder-fussball-trikotsatz","13":"product_tag-liverpool-auswaertstrikot","14":"product_tag-liverpool-trikots","15":"product_tag-liverpool-trikotsatz-fuer-kinder","17":"first","18":"instock","19":"shipping-taxable","20":"purchasable","21":"product-type-variable"},"_links":{"self":[{"href":"https:\/\/www.billigtrikotde.com\/en\/wp-json\/wp\/v2\/product\/3228","targetHints":{"allow":["GET"]}}],"collection":[{"href":"https:\/\/www.billigtrikotde.com\/en\/wp-json\/wp\/v2\/product"}],"about":[{"href":"https:\/\/www.billigtrikotde.com\/en\/wp-json\/wp\/v2\/types\/product"}],"replies":[{"embeddable":true,"href":"https:\/\/www.billigtrikotde.com\/en\/wp-json\/wp\/v2\/comments?post=3228"}],"wp:featuredmedia":[{"embeddable":true,"href":"https:\/\/www.billigtrikotde.com\/en\/wp-json\/wp\/v2\/media\/3268"}],"wp:attachment":[{"href":"https:\/\/www.billigtrikotde.com\/en\/wp-json\/wp\/v2\/media?parent=3228"}],"wp:term":[{"taxonomy":"product_brand","embeddable":true,"href":"https:\/\/www.billigtrikotde.com\/en\/wp-json\/wp\/v2\/product_brand?post=3228"},{"taxonomy":"product_cat","embeddable":true,"href":"https:\/\/www.billigtrikotde.com\/en\/wp-json\/wp\/v2\/product_cat?post=3228"},{"taxonomy":"product_tag","embeddable":true,"href":"https:\/\/www.billigtrikotde.com\/en\/wp-json\/wp\/v2\/product_tag?post=3228"}],"curies":[{"name":"wp","href":"https:\/\/api.w.org\/{rel}","templated":true}]}}