{"id":3191,"date":"2024-10-23T14:50:44","date_gmt":"2024-10-23T12:50:44","guid":{"rendered":"http:\/\/billigtrikots.com\/?post_type=product&#038;p=3191"},"modified":"2024-10-23T14:52:46","modified_gmt":"2024-10-23T12:52:46","slug":"fussball-trikot-liverpool-fc-2021-22-heimtrikot-rot-fuer-kinder-mit-aufdruck-mane-10","status":"publish","type":"product","link":"https:\/\/www.billigtrikotde.com\/en\/fussball-trikot-liverpool-fc-2021-22-heimtrikot-rot-fuer-kinder-mit-aufdruck-mane-10\/","title":{"rendered":"Liverpool FC 2021\/22 home shirt red for kids with print Man\u00e9 10"},"content":{"rendered":"<p>Football jersey for children, in home kit design of Liverpool FC for the 2021\/22 season; Dri-FIT technology for optimum moisture transport; round neck; various branding, club and sponsor details; material 100% polyester.<\/p>\n<p>Tips for printing: If the name and number on the picture are exactly what you want, you do not need to enter them again. If not, you should enter your desired name and number.<\/p>\n<p>Washing tips: It is recommended to wash football shirts by hand. If you want to use the washing machine, remember to turn football shirts inside out and then wash them. Fill the machine with cold water and use a delicate cycle to better protect the colours.<\/p>","protected":false},"excerpt":{"rendered":"<p>Fu\u00dfballtrikot f\u00fcr Kinder, im Heimoutfit-Design des FC Liverpools f\u00fcr die Saison 2021\/22; Dri-FIT-Technologie f\u00fcr einen optimalen Feuchtigkeitstransport; Rundhalsausschnitt; diverse Marken-, Vereins- und Sponsorendetails; Material 100% Polyester. Tipps zum Drucken: Wenn der Name und die Nummer auf dem Bild genau Ihren W\u00fcnschen entsprechen, m\u00fcssen Sie sie nicht erneut eingeben. Wenn nicht, sollten Sie Ihren gew\u00fcnschten Namen [&hellip;]<\/p>","protected":false},"featured_media":3232,"comment_status":"open","ping_status":"closed","template":"","meta":[],"product_brand":[],"product_cat":[151],"product_tag":[20,21,22,23,24,94,152,153,154],"class_list":{"0":"post-3191","1":"product","2":"type-product","3":"status-publish","4":"has-post-thumbnail","6":"product_cat-liverpool-kindertrikot","7":"product_tag-coole-fussballtrikots","8":"product_tag-fussballtrikot-fuer-herren","9":"product_tag-fussballtrikot-guenstig-kaufen","10":"product_tag-fussballtrikot-kurzarm","11":"product_tag-guenstiges-fussballtrikot","12":"product_tag-kinder-fussball-trikotsatz","13":"product_tag-liverpool-heimtrikot","14":"product_tag-liverpool-trikots","15":"product_tag-liverpool-trikotsatz-fuer-kinder","17":"first","18":"instock","19":"shipping-taxable","20":"purchasable","21":"product-type-variable"},"_links":{"self":[{"href":"https:\/\/www.billigtrikotde.com\/en\/wp-json\/wp\/v2\/product\/3191","targetHints":{"allow":["GET"]}}],"collection":[{"href":"https:\/\/www.billigtrikotde.com\/en\/wp-json\/wp\/v2\/product"}],"about":[{"href":"https:\/\/www.billigtrikotde.com\/en\/wp-json\/wp\/v2\/types\/product"}],"replies":[{"embeddable":true,"href":"https:\/\/www.billigtrikotde.com\/en\/wp-json\/wp\/v2\/comments?post=3191"}],"wp:featuredmedia":[{"embeddable":true,"href":"https:\/\/www.billigtrikotde.com\/en\/wp-json\/wp\/v2\/media\/3232"}],"wp:attachment":[{"href":"https:\/\/www.billigtrikotde.com\/en\/wp-json\/wp\/v2\/media?parent=3191"}],"wp:term":[{"taxonomy":"product_brand","embeddable":true,"href":"https:\/\/www.billigtrikotde.com\/en\/wp-json\/wp\/v2\/product_brand?post=3191"},{"taxonomy":"product_cat","embeddable":true,"href":"https:\/\/www.billigtrikotde.com\/en\/wp-json\/wp\/v2\/product_cat?post=3191"},{"taxonomy":"product_tag","embeddable":true,"href":"https:\/\/www.billigtrikotde.com\/en\/wp-json\/wp\/v2\/product_tag?post=3191"}],"curies":[{"name":"wp","href":"https:\/\/api.w.org\/{rel}","templated":true}]}}