{"id":3187,"date":"2024-10-23T14:50:41","date_gmt":"2024-10-23T12:50:41","guid":{"rendered":"http:\/\/billigtrikots.com\/?post_type=product&#038;p=3187"},"modified":"2024-10-23T14:52:45","modified_gmt":"2024-10-23T12:52:45","slug":"juventus-kinder-torwart-trikot-21-22-schwarz-trikotsatz-fussball-fan-trikots","status":"publish","type":"product","link":"https:\/\/www.billigtrikotde.com\/en\/juventus-kinder-torwart-trikot-21-22-schwarz-trikotsatz-fussball-fan-trikots\/","title":{"rendered":"Juventus Kids Goalkeeper Jersey 21\/22 Black Kit Football Fan Shirts"},"content":{"rendered":"<p>Das Kinder-Trikot von a-didas in Gr\u00fcn l\u00e4sst dich die Farben deines Vereins tragen und allen zeigen, wof\u00fcr dein Herz schl\u00e4gt. Das Trikot sorgt bei echten FC Juventus Turin-Anh\u00e4ngern f\u00fcr Begeisterung. Die bequeme, schwei\u00dfableitende, leichte und atmungsaktive Funktionsweise l\u00e4sst es \u00fcberzeugen. Es besticht optisch mit einem Vereinswappen auf der Brust. So kannst du allen zeigen, dass du der Beste auf dem Platz bist.<\/p>\n<p>Tips for printing: If the name and number on the picture are exactly what you want, you do not need to enter them again. If not, you should enter your desired name and number.<\/p>\n<p>Washing tips: It is recommended to wash football shirts by hand. If you want to use the washing machine, remember to turn football shirts inside out and then wash them. Fill the machine with cold water and use a delicate cycle to better protect the colours.<\/p>","protected":false},"excerpt":{"rendered":"<p>Das Kinder-Trikot von a-didas in Gr\u00fcn l\u00e4sst dich die Farben deines Vereins tragen und allen zeigen, wof\u00fcr dein Herz schl\u00e4gt. Das Trikot sorgt bei echten FC Juventus Turin-Anh\u00e4ngern f\u00fcr Begeisterung. Die bequeme, schwei\u00dfableitende, leichte und atmungsaktive Funktionsweise l\u00e4sst es \u00fcberzeugen. Es besticht optisch mit einem Vereinswappen auf der Brust. So kannst du allen zeigen, dass du der Beste auf dem Platz bist.<\/p>","protected":false},"featured_media":3222,"comment_status":"open","ping_status":"closed","template":"","meta":[],"product_brand":[],"product_cat":[148],"product_tag":[20,38,24,149,94],"class_list":{"0":"post-3187","1":"product","2":"type-product","3":"status-publish","4":"has-post-thumbnail","6":"product_cat-juventus-kindertrikot","7":"product_tag-coole-fussballtrikots","8":"product_tag-fussball-trikot-langarm","9":"product_tag-guenstiges-fussballtrikot","10":"product_tag-juventus-trikotsatz-fuer-kinder","11":"product_tag-kinder-fussball-trikotsatz","13":"first","14":"instock","15":"shipping-taxable","16":"purchasable","17":"product-type-variable"},"_links":{"self":[{"href":"https:\/\/www.billigtrikotde.com\/en\/wp-json\/wp\/v2\/product\/3187","targetHints":{"allow":["GET"]}}],"collection":[{"href":"https:\/\/www.billigtrikotde.com\/en\/wp-json\/wp\/v2\/product"}],"about":[{"href":"https:\/\/www.billigtrikotde.com\/en\/wp-json\/wp\/v2\/types\/product"}],"replies":[{"embeddable":true,"href":"https:\/\/www.billigtrikotde.com\/en\/wp-json\/wp\/v2\/comments?post=3187"}],"wp:featuredmedia":[{"embeddable":true,"href":"https:\/\/www.billigtrikotde.com\/en\/wp-json\/wp\/v2\/media\/3222"}],"wp:attachment":[{"href":"https:\/\/www.billigtrikotde.com\/en\/wp-json\/wp\/v2\/media?parent=3187"}],"wp:term":[{"taxonomy":"product_brand","embeddable":true,"href":"https:\/\/www.billigtrikotde.com\/en\/wp-json\/wp\/v2\/product_brand?post=3187"},{"taxonomy":"product_cat","embeddable":true,"href":"https:\/\/www.billigtrikotde.com\/en\/wp-json\/wp\/v2\/product_cat?post=3187"},{"taxonomy":"product_tag","embeddable":true,"href":"https:\/\/www.billigtrikotde.com\/en\/wp-json\/wp\/v2\/product_tag?post=3187"}],"curies":[{"name":"wp","href":"https:\/\/api.w.org\/{rel}","templated":true}]}}