{"id":3124,"date":"2024-10-23T14:47:29","date_gmt":"2024-10-23T12:47:29","guid":{"rendered":"http:\/\/billigtrikots.com\/?post_type=product&#038;p=3124"},"modified":"2025-06-16T16:04:09","modified_gmt":"2025-06-16T14:04:09","slug":"guenstige-kindertrikot-juventus-turin-torwarttrikot-schwarz-mit-aufdruck-pinsoglio-31","status":"publish","type":"product","link":"https:\/\/www.billigtrikotde.com\/en\/guenstige-kindertrikot-juventus-turin-torwarttrikot-schwarz-mit-aufdruck-pinsoglio-31\/","title":{"rendered":"Cheap kids jersey Juventus Turin goalkeeper jersey black with print Pinsoglio 31"},"content":{"rendered":"<p>Dress like the goalkeeper of your favourite team. The jersey is worn by your hero on match day and is ideal for a game among friends.<\/p>\n<p>Tips for printing: If the name and number on the picture are exactly what you want, you do not need to enter them again. If not, you should enter your desired name and number.<\/p>\n<p>Washing tips: It is recommended to wash football shirts by hand. If you want to use the washing machine, remember to turn football shirts inside out and then wash them. Fill the machine with cold water and use a delicate cycle to better protect the colours.<\/p>","protected":false},"excerpt":{"rendered":"<p>Kleiden Sie sich wie der Tormann Ihres Lieblingsteams. Das Trikot wird von Ihrem Helden am Spieltag getragen und sind ideal f\u00fcr ein Spiel unter Freunden. Tipps zum Drucken: Wenn der Name und die Nummer auf dem Bild genau Ihren W\u00fcnschen entsprechen, m\u00fcssen Sie sie nicht erneut eingeben. Wenn nicht, sollten Sie Ihren gew\u00fcnschten Namen und [\u2026]<\/p>","protected":false},"featured_media":3161,"comment_status":"open","ping_status":"closed","template":"","meta":[],"product_brand":[],"product_cat":[148],"product_tag":[20,35,21,23,24,62,61,149,94],"class_list":{"0":"post-3124","1":"product","2":"type-product","3":"status-publish","4":"has-post-thumbnail","6":"product_cat-juventus-kindertrikot","7":"product_tag-coole-fussballtrikots","8":"product_tag-fussball-torwarttrikots","9":"product_tag-fussballtrikot-fuer-herren","10":"product_tag-fussballtrikot-kurzarm","11":"product_tag-guenstiges-fussballtrikot","12":"product_tag-juventus-torwarttrikot","13":"product_tag-juventus-trikots","14":"product_tag-juventus-trikotsatz-fuer-kinder","15":"product_tag-kinder-fussball-trikotsatz","17":"first","18":"instock","19":"shipping-taxable","20":"purchasable","21":"product-type-variable"},"_links":{"self":[{"href":"https:\/\/www.billigtrikotde.com\/en\/wp-json\/wp\/v2\/product\/3124","targetHints":{"allow":["GET"]}}],"collection":[{"href":"https:\/\/www.billigtrikotde.com\/en\/wp-json\/wp\/v2\/product"}],"about":[{"href":"https:\/\/www.billigtrikotde.com\/en\/wp-json\/wp\/v2\/types\/product"}],"replies":[{"embeddable":true,"href":"https:\/\/www.billigtrikotde.com\/en\/wp-json\/wp\/v2\/comments?post=3124"}],"wp:featuredmedia":[{"embeddable":true,"href":"https:\/\/www.billigtrikotde.com\/en\/wp-json\/wp\/v2\/media\/3161"}],"wp:attachment":[{"href":"https:\/\/www.billigtrikotde.com\/en\/wp-json\/wp\/v2\/media?parent=3124"}],"wp:term":[{"taxonomy":"product_brand","embeddable":true,"href":"https:\/\/www.billigtrikotde.com\/en\/wp-json\/wp\/v2\/product_brand?post=3124"},{"taxonomy":"product_cat","embeddable":true,"href":"https:\/\/www.billigtrikotde.com\/en\/wp-json\/wp\/v2\/product_cat?post=3124"},{"taxonomy":"product_tag","embeddable":true,"href":"https:\/\/www.billigtrikotde.com\/en\/wp-json\/wp\/v2\/product_tag?post=3124"}],"curies":[{"name":"wp","href":"https:\/\/api.w.org\/{rel}","templated":true}]}}