{"id":3096,"date":"2024-10-23T14:46:15","date_gmt":"2024-10-23T12:46:15","guid":{"rendered":"http:\/\/billigtrikots.com\/?post_type=product&#038;p=3096"},"modified":"2024-10-23T14:48:22","modified_gmt":"2024-10-23T12:48:22","slug":"kindertrikot-fc-barcelona-2021-22-heim-trikotsatz-blau-rot-mit-aufdruck-ronaldinho-10","status":"publish","type":"product","link":"https:\/\/www.billigtrikotde.com\/en\/kindertrikot-fc-barcelona-2021-22-heim-trikotsatz-blau-rot-mit-aufdruck-ronaldinho-10\/","title":{"rendered":"Kids Jersey FC Barcelona 2021\/22 Home Kit Blue Red with Ronaldinho Print 10"},"content":{"rendered":"<p>The Nike children's jersey in blue allows you to wear the colours of your club and show everyone what your heart beats for. Expand your FC Barcelona collection with the home jersey, which is also worn by players in the Primera Division. We recommend this lightweight, comfortable, breathable, and moisture-wicking model with a pleasant wearing experience. This is a sports shirt that can definitely impress with the club badge on the chest. This way, you can perform even better and give your all in every session. The great blue model with a stripe pattern simply looks fantastic.<\/p>\n<p>Tips for printing: If the name and number on the picture are exactly what you want, you do not need to enter them again. If not, you should enter your desired name and number.<\/p>\n<p>Washing tips: It is recommended to wash football shirts by hand. If you want to use the washing machine, remember to turn football shirts inside out and then wash them. Fill the machine with cold water and use a delicate cycle to better protect the colours.<\/p>","protected":false},"excerpt":{"rendered":"<p>Das Kinder-Trikot von Nike in Blau l\u00e4sst dich die Farben deines Vereins tragen und allen zeigen, wof\u00fcr dein Herz schl\u00e4gt. Erweitere deine FC Barcelona-Kollektion mit dem Heim-Trikot, das auch die Spieler in der Primera Division tragen. Wir empfehlen dieses leichte, bequeme, atmungsaktive und schwei\u00dfableitende Modell mit dem angenehmen Tragegef\u00fchl. Dies ist ein Sportshirt, das durch [&hellip;]<\/p>","protected":false},"featured_media":3136,"comment_status":"open","ping_status":"closed","template":"","meta":[],"product_brand":[],"product_cat":[146],"product_tag":[32,147,20,33,21,22,23,24,94],"class_list":{"0":"post-3096","1":"product","2":"type-product","3":"status-publish","4":"has-post-thumbnail","6":"product_cat-barcelona-kindertrikot","7":"product_tag-barcelona-heimtrikot","8":"product_tag-barcelona-trikotsatz-fuer-kinder","9":"product_tag-coole-fussballtrikots","10":"product_tag-fc-barcelona-trikots","11":"product_tag-fussballtrikot-fuer-herren","12":"product_tag-fussballtrikot-guenstig-kaufen","13":"product_tag-fussballtrikot-kurzarm","14":"product_tag-guenstiges-fussballtrikot","15":"product_tag-kinder-fussball-trikotsatz","17":"first","18":"instock","19":"shipping-taxable","20":"purchasable","21":"product-type-variable"},"_links":{"self":[{"href":"https:\/\/www.billigtrikotde.com\/en\/wp-json\/wp\/v2\/product\/3096","targetHints":{"allow":["GET"]}}],"collection":[{"href":"https:\/\/www.billigtrikotde.com\/en\/wp-json\/wp\/v2\/product"}],"about":[{"href":"https:\/\/www.billigtrikotde.com\/en\/wp-json\/wp\/v2\/types\/product"}],"replies":[{"embeddable":true,"href":"https:\/\/www.billigtrikotde.com\/en\/wp-json\/wp\/v2\/comments?post=3096"}],"wp:featuredmedia":[{"embeddable":true,"href":"https:\/\/www.billigtrikotde.com\/en\/wp-json\/wp\/v2\/media\/3136"}],"wp:attachment":[{"href":"https:\/\/www.billigtrikotde.com\/en\/wp-json\/wp\/v2\/media?parent=3096"}],"wp:term":[{"taxonomy":"product_brand","embeddable":true,"href":"https:\/\/www.billigtrikotde.com\/en\/wp-json\/wp\/v2\/product_brand?post=3096"},{"taxonomy":"product_cat","embeddable":true,"href":"https:\/\/www.billigtrikotde.com\/en\/wp-json\/wp\/v2\/product_cat?post=3096"},{"taxonomy":"product_tag","embeddable":true,"href":"https:\/\/www.billigtrikotde.com\/en\/wp-json\/wp\/v2\/product_tag?post=3096"}],"curies":[{"name":"wp","href":"https:\/\/api.w.org\/{rel}","templated":true}]}}