{"id":3037,"date":"2024-10-23T14:43:29","date_gmt":"2024-10-23T12:43:29","guid":{"rendered":"http:\/\/billigtrikots.com\/?post_type=product&#038;p=3037"},"modified":"2024-10-23T14:45:31","modified_gmt":"2024-10-23T12:45:31","slug":"kinder-fussballtrikot-fc-barcelona-2021-22-auswaerts-trikot-mit-aufdruck-ter-stegen-1","status":"publish","type":"product","link":"https:\/\/www.billigtrikotde.com\/en\/kinder-fussballtrikot-fc-barcelona-2021-22-auswaerts-trikot-mit-aufdruck-ter-stegen-1\/","title":{"rendered":"Kids Football Shirt FC Barcelona 2021\/22 Away Shirt with print Ter Stegen 1"},"content":{"rendered":"<p>The youngest fans show their support through the cooling model in purple. Nike has created a very perfect product with the children's sports top. Love your team \u2013 with the away sports top of FC Barcelona, which is even worn by the players in La Liga, you show who your heart beats for. The comfortable, cooling, sweat-wicking, breathable and lightweight functionality makes it convincing. The great look of this shirt is complemented by a club crest on the chest. With this shirt, you are perfectly equipped for the next session.<\/p>\n<p>Tips for printing: If the name and number on the picture are exactly what you want, you do not need to enter them again. If not, you should enter your desired name and number.<\/p>\n<p>Washing tips: It is recommended to wash football shirts by hand. If you want to use the washing machine, remember to turn football shirts inside out and then wash them. Fill the machine with cold water and use a delicate cycle to better protect the colours.<\/p>","protected":false},"excerpt":{"rendered":"<p>Die j\u00fcngsten Fans zeigen ihre Unterst\u00fctzung durch das k\u00fchlende Modell in Lila. Nike hat mit dem Kinder-Sporttop ein sehr perfektes Produkt erschaffen. Liebe deine Mannschaft \u2013 mit dem Ausw\u00e4rts-Sporttop des FC Barcelona, das sogar von den Spielern in der Primera Division getragen wird, zeigst du, f\u00fcr wen dein Herz schl\u00e4gt. Die bequeme, k\u00fchlende, schwei\u00dfableitende, atmungsaktive [&hellip;]<\/p>","protected":false},"featured_media":3078,"comment_status":"open","ping_status":"closed","template":"","meta":[],"product_brand":[],"product_cat":[146],"product_tag":[36,147,20,33,21,22,23,24,94],"class_list":{"0":"post-3037","1":"product","2":"type-product","3":"status-publish","4":"has-post-thumbnail","6":"product_cat-barcelona-kindertrikot","7":"product_tag-barcelona-auswaertstrikot","8":"product_tag-barcelona-trikotsatz-fuer-kinder","9":"product_tag-coole-fussballtrikots","10":"product_tag-fc-barcelona-trikots","11":"product_tag-fussballtrikot-fuer-herren","12":"product_tag-fussballtrikot-guenstig-kaufen","13":"product_tag-fussballtrikot-kurzarm","14":"product_tag-guenstiges-fussballtrikot","15":"product_tag-kinder-fussball-trikotsatz","17":"first","18":"instock","19":"shipping-taxable","20":"purchasable","21":"product-type-variable"},"_links":{"self":[{"href":"https:\/\/www.billigtrikotde.com\/en\/wp-json\/wp\/v2\/product\/3037","targetHints":{"allow":["GET"]}}],"collection":[{"href":"https:\/\/www.billigtrikotde.com\/en\/wp-json\/wp\/v2\/product"}],"about":[{"href":"https:\/\/www.billigtrikotde.com\/en\/wp-json\/wp\/v2\/types\/product"}],"replies":[{"embeddable":true,"href":"https:\/\/www.billigtrikotde.com\/en\/wp-json\/wp\/v2\/comments?post=3037"}],"wp:featuredmedia":[{"embeddable":true,"href":"https:\/\/www.billigtrikotde.com\/en\/wp-json\/wp\/v2\/media\/3078"}],"wp:attachment":[{"href":"https:\/\/www.billigtrikotde.com\/en\/wp-json\/wp\/v2\/media?parent=3037"}],"wp:term":[{"taxonomy":"product_brand","embeddable":true,"href":"https:\/\/www.billigtrikotde.com\/en\/wp-json\/wp\/v2\/product_brand?post=3037"},{"taxonomy":"product_cat","embeddable":true,"href":"https:\/\/www.billigtrikotde.com\/en\/wp-json\/wp\/v2\/product_cat?post=3037"},{"taxonomy":"product_tag","embeddable":true,"href":"https:\/\/www.billigtrikotde.com\/en\/wp-json\/wp\/v2\/product_tag?post=3037"}],"curies":[{"name":"wp","href":"https:\/\/api.w.org\/{rel}","templated":true}]}}