{"id":3033,"date":"2024-10-23T14:43:26","date_gmt":"2024-10-23T12:43:26","guid":{"rendered":"http:\/\/billigtrikots.com\/?post_type=product&#038;p=3033"},"modified":"2024-10-23T14:45:30","modified_gmt":"2024-10-23T12:45:30","slug":"manchester-city-auswaertstrikot-replica-2022-fuer-kinder","status":"publish","type":"product","link":"https:\/\/www.billigtrikotde.com\/en\/manchester-city-auswaertstrikot-replica-2022-fuer-kinder\/","title":{"rendered":"Manchester City away jersey replica 2022 for kids"},"content":{"rendered":"<p>Ein Must-Have f\u00fcr Manchester City Fans. Dieses herausragende Fu\u00dfballtrikot ist eine authentische Replik des Trikots, das die Starspieler des Teams bei Ausw\u00e4rtsspielen tragen. Das Beste daran ist, dass PUMAs dryCELL Feuchtigkeitsabtransport-Technologie dir den R\u00fccken freih\u00e4lt und das Trikot aus recycelten Fasern hergestellt ist, damit du deine Unterst\u00fctzung mit Stolz und gutem Gewissen zur Schau stellen kannst.<\/p>\n<p>Tips for printing: If the name and number on the picture are exactly what you want, you do not need to enter them again. If not, you should enter your desired name and number.<\/p>\n<p>Washing tips: It is recommended to wash football shirts by hand. If you want to use the washing machine, remember to turn football shirts inside out and then wash them. Fill the machine with cold water and use a delicate cycle to better protect the colours.<\/p>","protected":false},"excerpt":{"rendered":"<p>Ein Must-Have f\u00fcr Manchester City Fans. Dieses herausragende Fu\u00dfballtrikot ist eine authentische Replik des Trikots, das die Starspieler des Teams bei Ausw\u00e4rtsspielen tragen. Das Beste daran ist, dass PUMAs dryCELL Feuchtigkeitsabtransport-Technologie dir den R\u00fccken freih\u00e4lt und das Trikot aus recycelten Fasern hergestellt ist, damit du deine Unterst\u00fctzung mit Stolz und gutem Gewissen zur Schau stellen kannst.<\/p>","protected":false},"featured_media":3067,"comment_status":"open","ping_status":"closed","template":"","meta":[],"product_brand":[],"product_cat":[144],"product_tag":[20,94,83,84,145],"class_list":{"0":"post-3033","1":"product","2":"type-product","3":"status-publish","4":"has-post-thumbnail","6":"product_cat-manchester-city-kindertrikot","7":"product_tag-coole-fussballtrikots","8":"product_tag-kinder-fussball-trikotsatz","9":"product_tag-manchester-city-auswaertstrikot","10":"product_tag-manchester-city-trikots","11":"product_tag-manchester-city-trikotsatz-fuer-kinder","13":"first","14":"instock","15":"shipping-taxable","16":"purchasable","17":"product-type-variable"},"_links":{"self":[{"href":"https:\/\/www.billigtrikotde.com\/en\/wp-json\/wp\/v2\/product\/3033","targetHints":{"allow":["GET"]}}],"collection":[{"href":"https:\/\/www.billigtrikotde.com\/en\/wp-json\/wp\/v2\/product"}],"about":[{"href":"https:\/\/www.billigtrikotde.com\/en\/wp-json\/wp\/v2\/types\/product"}],"replies":[{"embeddable":true,"href":"https:\/\/www.billigtrikotde.com\/en\/wp-json\/wp\/v2\/comments?post=3033"}],"wp:featuredmedia":[{"embeddable":true,"href":"https:\/\/www.billigtrikotde.com\/en\/wp-json\/wp\/v2\/media\/3067"}],"wp:attachment":[{"href":"https:\/\/www.billigtrikotde.com\/en\/wp-json\/wp\/v2\/media?parent=3033"}],"wp:term":[{"taxonomy":"product_brand","embeddable":true,"href":"https:\/\/www.billigtrikotde.com\/en\/wp-json\/wp\/v2\/product_brand?post=3033"},{"taxonomy":"product_cat","embeddable":true,"href":"https:\/\/www.billigtrikotde.com\/en\/wp-json\/wp\/v2\/product_cat?post=3033"},{"taxonomy":"product_tag","embeddable":true,"href":"https:\/\/www.billigtrikotde.com\/en\/wp-json\/wp\/v2\/product_tag?post=3033"}],"curies":[{"name":"wp","href":"https:\/\/api.w.org\/{rel}","templated":true}]}}