{"id":2941,"date":"2024-10-23T14:39:06","date_gmt":"2024-10-23T12:39:06","guid":{"rendered":"http:\/\/billigtrikots.com\/?post_type=product&#038;p=2941"},"modified":"2024-10-23T14:41:13","modified_gmt":"2024-10-23T12:41:13","slug":"trikotsatz-manchester-united-heimtrikot-2022-kinder-rot-mit-aufdruck-martial-9","status":"publish","type":"product","link":"https:\/\/www.billigtrikotde.com\/en\/trikotsatz-manchester-united-heimtrikot-2022-kinder-rot-mit-aufdruck-martial-9\/","title":{"rendered":"Manchester United home kit 2022 kids red with print MARTIAL 9"},"content":{"rendered":"<p>Young talents, bite and the necessary portion of ambition. These three pillars have brought Manchester United more than a century of roaring success. This adidas Manchester United jersey for children and teenagers is inspired by the legendary kit with its clean red design and white, ribbed round neckline, with which the team achieved some of its most unforgettable triumphs. The fan design is made from soft material with moisture-absorbing AEROREADY technology and guarantees a comfortably dry and pleasant wearing experience. The detail on the back also shows that you are a true fan. This product is Primegreen: made with various functional recycled materials.<\/p>\n<p>Tips for printing: If the name and number on the picture are exactly what you want, you do not need to enter them again. If not, you should enter your desired name and number.<\/p>\n<p>Washing tips: It is recommended to wash football shirts by hand. If you want to use the washing machine, remember to turn football shirts inside out and then wash them. Fill the machine with cold water and use a delicate cycle to better protect the colours.<\/p>","protected":false},"excerpt":{"rendered":"<p>Junge Talente, Biss und die n\u00f6tige Portion Ehrgeiz. Diese drei S\u00e4ulen bescheren Manchester United schon mehr als ein Jahrhundert lang rauschende Erfolge. Dieses adidas Manchester United Trikot f\u00fcr Kinder und Teens ist mit seinem cleanen roten Design und dem wei\u00dfen, gerippten Rundhalsausschnitt von der legend\u00e4ren Ausr\u00fcstung inspiriert, mit der die Mannschaft einige ihrer unvergesslichsten Triumphe [&hellip;]<\/p>","protected":false},"featured_media":2980,"comment_status":"open","ping_status":"closed","template":"","meta":[],"product_brand":[],"product_cat":[140],"product_tag":[20,94,141,52,142],"class_list":{"0":"post-2941","1":"product","2":"type-product","3":"status-publish","4":"has-post-thumbnail","6":"product_cat-manchester-united-kindertrikot","7":"product_tag-coole-fussballtrikots","8":"product_tag-kinder-fussball-trikotsatz","9":"product_tag-manchester-united-heimtrikot","10":"product_tag-manchester-united-trikots","11":"product_tag-manchester-united-trikotsatz-fuer-kinder","13":"first","14":"instock","15":"shipping-taxable","16":"purchasable","17":"product-type-variable"},"_links":{"self":[{"href":"https:\/\/www.billigtrikotde.com\/en\/wp-json\/wp\/v2\/product\/2941","targetHints":{"allow":["GET"]}}],"collection":[{"href":"https:\/\/www.billigtrikotde.com\/en\/wp-json\/wp\/v2\/product"}],"about":[{"href":"https:\/\/www.billigtrikotde.com\/en\/wp-json\/wp\/v2\/types\/product"}],"replies":[{"embeddable":true,"href":"https:\/\/www.billigtrikotde.com\/en\/wp-json\/wp\/v2\/comments?post=2941"}],"wp:featuredmedia":[{"embeddable":true,"href":"https:\/\/www.billigtrikotde.com\/en\/wp-json\/wp\/v2\/media\/2980"}],"wp:attachment":[{"href":"https:\/\/www.billigtrikotde.com\/en\/wp-json\/wp\/v2\/media?parent=2941"}],"wp:term":[{"taxonomy":"product_brand","embeddable":true,"href":"https:\/\/www.billigtrikotde.com\/en\/wp-json\/wp\/v2\/product_brand?post=2941"},{"taxonomy":"product_cat","embeddable":true,"href":"https:\/\/www.billigtrikotde.com\/en\/wp-json\/wp\/v2\/product_cat?post=2941"},{"taxonomy":"product_tag","embeddable":true,"href":"https:\/\/www.billigtrikotde.com\/en\/wp-json\/wp\/v2\/product_tag?post=2941"}],"curies":[{"name":"wp","href":"https:\/\/api.w.org\/{rel}","templated":true}]}}