{"id":2851,"date":"2024-10-23T14:35:22","date_gmt":"2024-10-23T12:35:22","guid":{"rendered":"http:\/\/billigtrikots.com\/?post_type=product&#038;p=2851"},"modified":"2024-10-23T14:37:24","modified_gmt":"2024-10-23T12:37:24","slug":"kinder-trikotsatz-fc-bayern-muenchen-heimtrikot-rot-2022-mit-aufdruck-kimmich-6","status":"publish","type":"product","link":"https:\/\/www.billigtrikotde.com\/en\/kinder-trikotsatz-fc-bayern-muenchen-heimtrikot-rot-2022-mit-aufdruck-kimmich-6\/","title":{"rendered":"Kids jersey set FC Bayern Munich home jersey red 2022 with print Kimmich 6"},"content":{"rendered":"<p>Here comes the adidas children's kit in red, which helps you support your favourite club in any situation and show what your heart beats for. As a true FC Bayern Munich fan, you need this home kit, which the players wear in the Bundesliga. The moisture-wicking, comfortable, and breathable functionality makes it convincing. With this set, you can become even more capable and prepare for the next game. The great look of the kit is complemented by the club badge on the chest and the club badge on the shorts.<\/p>\n<p>Tips for printing: If the name and number on the picture are exactly what you want, you do not need to enter them again. If not, you should enter your desired name and number.<\/p>\n<p>Washing tips: It is recommended to wash football shirts by hand. If you want to use the washing machine, remember to turn football shirts inside out and then wash them. Fill the machine with cold water and use a delicate cycle to better protect the colours.<\/p>","protected":false},"excerpt":{"rendered":"<p>Hier kommt das adidas Kinder-Kit in Rot, das dir hilft, deinen Lieblingsverein in jeder Lage zu supporten und zu zeigen, wof\u00fcr dein Herz schl\u00e4gt. Als echter FC Bayern M\u00fcnchen-Fan brauchst du dieses Heim-Set, das die Spieler in der 1. Bundesliga tragen. Die schwei\u00dfableitende, bequeme und atmungsaktive Funktionsweise l\u00e4sst es \u00fcberzeugen. Mit diesem Set kannst du [&hellip;]<\/p>","protected":false},"featured_media":2893,"comment_status":"open","ping_status":"closed","template":"","meta":[],"product_brand":[],"product_cat":[135],"product_tag":[136,137,138,20,94],"class_list":{"0":"post-2851","1":"product","2":"type-product","3":"status-publish","4":"has-post-thumbnail","6":"product_cat-bayern-munich-kindertrikot","7":"product_tag-bayern-muenchen-heimtrikot","8":"product_tag-bayern-muenchen-trikots","9":"product_tag-bayern-munich-trikotsatz-fuer-kinder","10":"product_tag-coole-fussballtrikots","11":"product_tag-kinder-fussball-trikotsatz","13":"first","14":"instock","15":"shipping-taxable","16":"purchasable","17":"product-type-variable"},"_links":{"self":[{"href":"https:\/\/www.billigtrikotde.com\/en\/wp-json\/wp\/v2\/product\/2851","targetHints":{"allow":["GET"]}}],"collection":[{"href":"https:\/\/www.billigtrikotde.com\/en\/wp-json\/wp\/v2\/product"}],"about":[{"href":"https:\/\/www.billigtrikotde.com\/en\/wp-json\/wp\/v2\/types\/product"}],"replies":[{"embeddable":true,"href":"https:\/\/www.billigtrikotde.com\/en\/wp-json\/wp\/v2\/comments?post=2851"}],"wp:featuredmedia":[{"embeddable":true,"href":"https:\/\/www.billigtrikotde.com\/en\/wp-json\/wp\/v2\/media\/2893"}],"wp:attachment":[{"href":"https:\/\/www.billigtrikotde.com\/en\/wp-json\/wp\/v2\/media?parent=2851"}],"wp:term":[{"taxonomy":"product_brand","embeddable":true,"href":"https:\/\/www.billigtrikotde.com\/en\/wp-json\/wp\/v2\/product_brand?post=2851"},{"taxonomy":"product_cat","embeddable":true,"href":"https:\/\/www.billigtrikotde.com\/en\/wp-json\/wp\/v2\/product_cat?post=2851"},{"taxonomy":"product_tag","embeddable":true,"href":"https:\/\/www.billigtrikotde.com\/en\/wp-json\/wp\/v2\/product_tag?post=2851"}],"curies":[{"name":"wp","href":"https:\/\/api.w.org\/{rel}","templated":true}]}}