{"id":2565,"date":"2024-10-23T14:22:42","date_gmt":"2024-10-23T12:22:42","guid":{"rendered":"http:\/\/billigtrikots.com\/?post_type=product&#038;p=2565"},"modified":"2024-10-23T14:24:51","modified_gmt":"2024-10-23T12:24:51","slug":"brasilien-home-stadium-trikot-2022-gelb-mit-aufdruck-dani-alves-2","status":"publish","type":"product","link":"https:\/\/www.billigtrikotde.com\/en\/brasilien-home-stadium-trikot-2022-gelb-mit-aufdruck-dani-alves-2\/","title":{"rendered":"Brazil Home Stadium Jersey 2022 yellow with print Dani Alves 2"},"content":{"rendered":"<p>The jerseys for Brazil 2020 are the first to feature the brand new association logo, which was unveiled in April 2019.<\/p>\n<p>The Brazilian Copa America 2020 home football shirt is predominantly yellow, combined with green for the collar and cuffs. To celebrate the 50th anniversary of the 1970 World Cup victory, the design of the Nike Brazil 2020 home jersey is inspired by the one worn during the World Cup half a century ago.<\/p>\n<p>Tips for printing: If the name and number on the picture are exactly what you want, you do not need to enter them again. If not, you should enter your desired name and number.<\/p>\n<p>Washing tips: It is recommended to wash football shirts by hand. If you want to use the washing machine, remember to turn football shirts inside out and then wash them. Fill the machine with cold water and use a delicate cycle to better protect the colours.<\/p>","protected":false},"excerpt":{"rendered":"<p>Die Trikots f\u00fcr Brasilien 2020 sind die ersten mit dem brandneuen Verbandslogo, das im April 2019 enth\u00fcllt wurde. Das brasilianische Copa America 2020-Heimfu\u00dfballtrikot ist \u00fcberwiegend gelb, kombiniert mit gr\u00fcn f\u00fcr Kragen und Manschetten. Zur Feier des 50. Jahrestages des Sieges bei der Weltmeisterschaft 1970 ist das Design des Nike Brasilien 2020 Heimtrikots von demjenigen inspiriert, [&hellip;]<\/p>","protected":false},"featured_media":2601,"comment_status":"open","ping_status":"closed","template":"","meta":[],"product_brand":[],"product_cat":[112],"product_tag":[20,113,114,21,22,23,24],"class_list":{"0":"post-2565","1":"product","2":"type-product","3":"status-publish","4":"has-post-thumbnail","6":"product_cat-brasilien-trikots","7":"product_tag-coole-fussballtrikots","8":"product_tag-brasilien-heimtrikot","9":"product_tag-brasilien-trikots","10":"product_tag-fussballtrikot-fuer-herren","11":"product_tag-fussballtrikot-guenstig-kaufen","12":"product_tag-fussballtrikot-kurzarm","13":"product_tag-guenstiges-fussballtrikot","15":"first","16":"instock","17":"shipping-taxable","18":"purchasable","19":"product-type-variable"},"_links":{"self":[{"href":"https:\/\/www.billigtrikotde.com\/en\/wp-json\/wp\/v2\/product\/2565","targetHints":{"allow":["GET"]}}],"collection":[{"href":"https:\/\/www.billigtrikotde.com\/en\/wp-json\/wp\/v2\/product"}],"about":[{"href":"https:\/\/www.billigtrikotde.com\/en\/wp-json\/wp\/v2\/types\/product"}],"replies":[{"embeddable":true,"href":"https:\/\/www.billigtrikotde.com\/en\/wp-json\/wp\/v2\/comments?post=2565"}],"wp:featuredmedia":[{"embeddable":true,"href":"https:\/\/www.billigtrikotde.com\/en\/wp-json\/wp\/v2\/media\/2601"}],"wp:attachment":[{"href":"https:\/\/www.billigtrikotde.com\/en\/wp-json\/wp\/v2\/media?parent=2565"}],"wp:term":[{"taxonomy":"product_brand","embeddable":true,"href":"https:\/\/www.billigtrikotde.com\/en\/wp-json\/wp\/v2\/product_brand?post=2565"},{"taxonomy":"product_cat","embeddable":true,"href":"https:\/\/www.billigtrikotde.com\/en\/wp-json\/wp\/v2\/product_cat?post=2565"},{"taxonomy":"product_tag","embeddable":true,"href":"https:\/\/www.billigtrikotde.com\/en\/wp-json\/wp\/v2\/product_tag?post=2565"}],"curies":[{"name":"wp","href":"https:\/\/api.w.org\/{rel}","templated":true}]}}