{"id":2553,"date":"2024-10-23T14:22:07","date_gmt":"2024-10-23T12:22:07","guid":{"rendered":"http:\/\/billigtrikots.com\/?post_type=product&#038;p=2553"},"modified":"2024-10-23T14:24:17","modified_gmt":"2024-10-23T12:24:17","slug":"bvb-borussia-dortmund-heimtrikot-in-gelbe-2022-fuer-kinder-mit-aufdruck-hummels-15","status":"publish","type":"product","link":"https:\/\/www.billigtrikotde.com\/en\/bvb-borussia-dortmund-heimtrikot-in-gelbe-2022-fuer-kinder-mit-aufdruck-hummels-15\/","title":{"rendered":"BVB Borussia Dortmund home jersey in yellow 2022 for kids with print Hummels 15"},"content":{"rendered":"<p>Kids' jerseys in BVB design<br \/>\nA jersey of the favourite football club is a dream for every young budding star. If your child is a big BVB fan, you will find a wide selection of jerseys here to wrap him or her in yellow and black. You will find the jerseys here in many different variants. Whatever you decide on, you will receive a top that is characterised by the following attributes:<\/p>\n<p>High-quality workmanship<br \/>\nStability<br \/>\nAuthenticity<br \/>\nGood material quality<br \/>\nSurprise your youngster with a great jersey, because in the colours of the favourite team the fun of the game is double the joy. Wearing a jersey also offers itself on many other occasions. In particular children, who typically are not subject to a dress code, like to wear their team's shirts in everyday life. They enjoy wearing them at school and in their leisure time. If they are lucky enough to experience their team live in the stadium, a jersey is of course always the first choice.<\/p>\n<p>Tips for printing: If the name and number on the picture are exactly what you want, you do not need to enter them again. If not, you should enter your desired name and number.<\/p>\n<p>Washing tips: It is recommended to wash football shirts by hand. If you want to use the washing machine, remember to turn football shirts inside out and then wash them. Fill the machine with cold water and use a delicate cycle to better protect the colours.<\/p>","protected":false},"excerpt":{"rendered":"<p>Kindertrikots im BVB-Design Ein Trikot des Lieblingsfu\u00dfballvereins ist ein Traum f\u00fcr jeden kleinen Nachwuchsstar. Wenn dein Kind ein gro\u00dfer BVB-Fan ist, findest du hier eine gro\u00dfe Auswahl an Trikots, um sie oder ihn in Gelb und Schwarz zu h\u00fcllen. Die Trikots findest du hier in vielen verschiedenen Ausf\u00fchrungen. Egal f\u00fcr welches du dich entscheidest, du [&hellip;]<\/p>","protected":false},"featured_media":2588,"comment_status":"open","ping_status":"closed","template":"","meta":[],"product_brand":[],"product_cat":[108],"product_tag":[20,110,65,109,66,94],"class_list":{"0":"post-2553","1":"product","2":"type-product","3":"status-publish","4":"has-post-thumbnail","6":"product_cat-borussia-dortmund-kindertrikot","7":"product_tag-coole-fussballtrikots","8":"product_tag-borussia-dortmund-heimtrikot","9":"product_tag-borussia-dortmund-trikots","10":"product_tag-borussia-dortmund-trikotsatz-fuer-kinder","11":"product_tag-bvb-trikots","12":"product_tag-kinder-fussball-trikotsatz","14":"first","15":"instock","16":"shipping-taxable","17":"purchasable","18":"product-type-variable"},"_links":{"self":[{"href":"https:\/\/www.billigtrikotde.com\/en\/wp-json\/wp\/v2\/product\/2553","targetHints":{"allow":["GET"]}}],"collection":[{"href":"https:\/\/www.billigtrikotde.com\/en\/wp-json\/wp\/v2\/product"}],"about":[{"href":"https:\/\/www.billigtrikotde.com\/en\/wp-json\/wp\/v2\/types\/product"}],"replies":[{"embeddable":true,"href":"https:\/\/www.billigtrikotde.com\/en\/wp-json\/wp\/v2\/comments?post=2553"}],"wp:featuredmedia":[{"embeddable":true,"href":"https:\/\/www.billigtrikotde.com\/en\/wp-json\/wp\/v2\/media\/2588"}],"wp:attachment":[{"href":"https:\/\/www.billigtrikotde.com\/en\/wp-json\/wp\/v2\/media?parent=2553"}],"wp:term":[{"taxonomy":"product_brand","embeddable":true,"href":"https:\/\/www.billigtrikotde.com\/en\/wp-json\/wp\/v2\/product_brand?post=2553"},{"taxonomy":"product_cat","embeddable":true,"href":"https:\/\/www.billigtrikotde.com\/en\/wp-json\/wp\/v2\/product_cat?post=2553"},{"taxonomy":"product_tag","embeddable":true,"href":"https:\/\/www.billigtrikotde.com\/en\/wp-json\/wp\/v2\/product_tag?post=2553"}],"curies":[{"name":"wp","href":"https:\/\/api.w.org\/{rel}","templated":true}]}}