{"id":2444,"date":"2024-10-23T14:17:05","date_gmt":"2024-10-23T12:17:05","guid":{"rendered":"http:\/\/billigtrikots.com\/?post_type=product&#038;p=2444"},"modified":"2024-10-23T14:19:09","modified_gmt":"2024-10-23T12:19:09","slug":"ac-mailand-auswaertstrikot-2022-beige-rot-fuer-kinder-mit-aufdruck-brahim-21","status":"publish","type":"product","link":"https:\/\/www.billigtrikotde.com\/en\/ac-mailand-auswaertstrikot-2022-beige-rot-fuer-kinder-mit-aufdruck-brahim-21\/","title":{"rendered":"AC Milan Away Jersey 2022 Beige Red for Kids with Print BRAHIM 21"},"content":{"rendered":"<p>The children's sports shirt from PUMA in beige lets you wear the colours of your favourite club and show everyone what your heart beats for. A must-have for true AC Milan fans: the away sports shirt in the original design worn by the Serie A players. It is breathable, super comfortable and lightweight. It stands out visually with a club crest on the chest. With this jersey, you'll be perfectly equipped for every session.<\/p>\n<p>Tips for printing: If the name and number on the picture are exactly what you want, you do not need to enter them again. If not, you should enter your desired name and number.<\/p>\n<p>Washing tips: It is recommended to wash football shirts by hand. If you want to use the washing machine, remember to turn football shirts inside out and then wash them. Fill the machine with cold water and use a delicate cycle to better protect the colours.<\/p>","protected":false},"excerpt":{"rendered":"<p>Das Kinder-Sportshirt von PUMA in Beige l\u00e4sst dich die Farben deines Lieblingsclubs tragen und allen zeigen, wof\u00fcr dein Herz schl\u00e4gt. F\u00fcr wahre AC Mailand-Fans ein Must-Have: das Ausw\u00e4rts-Sportshirt im Originaldesign, wie es die Spieler in der Serie A tragen. Es ist atmungsaktiv, super bequem und leicht. Es besticht optisch mit einem Vereinswappen auf der Brust. [&hellip;]<\/p>","protected":false},"featured_media":2484,"comment_status":"open","ping_status":"closed","template":"","meta":[],"product_brand":[],"product_cat":[92],"product_tag":[19,93,20,94],"class_list":{"0":"post-2444","1":"product","2":"type-product","3":"status-publish","4":"has-post-thumbnail","6":"product_cat-ac-mailand-kindertrikot","7":"product_tag-ac-milan-auswaertstrikot","8":"product_tag-ac-milan-trikotsatz-fuer-kinder","9":"product_tag-coole-fussballtrikots","10":"product_tag-kinder-fussball-trikotsatz","12":"first","13":"instock","14":"shipping-taxable","15":"purchasable","16":"product-type-variable"},"_links":{"self":[{"href":"https:\/\/www.billigtrikotde.com\/en\/wp-json\/wp\/v2\/product\/2444","targetHints":{"allow":["GET"]}}],"collection":[{"href":"https:\/\/www.billigtrikotde.com\/en\/wp-json\/wp\/v2\/product"}],"about":[{"href":"https:\/\/www.billigtrikotde.com\/en\/wp-json\/wp\/v2\/types\/product"}],"replies":[{"embeddable":true,"href":"https:\/\/www.billigtrikotde.com\/en\/wp-json\/wp\/v2\/comments?post=2444"}],"wp:featuredmedia":[{"embeddable":true,"href":"https:\/\/www.billigtrikotde.com\/en\/wp-json\/wp\/v2\/media\/2484"}],"wp:attachment":[{"href":"https:\/\/www.billigtrikotde.com\/en\/wp-json\/wp\/v2\/media?parent=2444"}],"wp:term":[{"taxonomy":"product_brand","embeddable":true,"href":"https:\/\/www.billigtrikotde.com\/en\/wp-json\/wp\/v2\/product_brand?post=2444"},{"taxonomy":"product_cat","embeddable":true,"href":"https:\/\/www.billigtrikotde.com\/en\/wp-json\/wp\/v2\/product_cat?post=2444"},{"taxonomy":"product_tag","embeddable":true,"href":"https:\/\/www.billigtrikotde.com\/en\/wp-json\/wp\/v2\/product_tag?post=2444"}],"curies":[{"name":"wp","href":"https:\/\/api.w.org\/{rel}","templated":true}]}}