{"id":2421,"date":"2024-10-23T14:16:01","date_gmt":"2024-10-23T12:16:01","guid":{"rendered":"http:\/\/billigtrikots.com\/?post_type=product&#038;p=2421"},"modified":"2024-10-23T14:18:04","modified_gmt":"2024-10-23T12:18:04","slug":"fussball-trikots-langarm-atletico-madrid-2022-heimtrikot-mit-aufdruck-m-llorente-14","status":"publish","type":"product","link":"https:\/\/www.billigtrikotde.com\/en\/fussball-trikots-langarm-atletico-madrid-2022-heimtrikot-mit-aufdruck-m-llorente-14\/","title":{"rendered":"Football Shirts long sleeve Atl\u00e9tico Madrid 2022 Home Shirt with print M.Llorente 14"},"content":{"rendered":"<p>Represent your favourite team with the Atl\u00e9tico de Madrid home match jersey. The sweat-resistant fabric keeps you dry and comfortable on the pitch and in the stands, and the team details let you show your support wherever you go.<\/p>\n<p>Tips for printing: If the name and number on the picture are exactly what you want, you do not need to enter them again. If not, you should enter your desired name and number.<\/p>\n<p>Washing tips: It is recommended to wash football shirts by hand. If you want to use the washing machine, remember to turn football shirts inside out and then wash them. Fill the machine with cold water and use a delicate cycle to better protect the colours.<\/p>","protected":false},"excerpt":{"rendered":"<p>Repr\u00e4sentieren Sie Ihre Lieblingsmannschaft mit dem Atl\u00e9tico de Madrid Heimspieltrikot. Das schwei\u00dfresistente Gewebe h\u00e4lt Sie auf dem Spielfeld und auf der Trib\u00fcne trocken und komfortabel, und die Teamdetails lassen Sie Ihre Unterst\u00fctzung zeigen, wo immer Sie gehen. Tipps zum Drucken: Wenn der Name und die Nummer auf dem Bild genau Ihren W\u00fcnschen entsprechen, m\u00fcssen Sie [&hellip;]<\/p>","protected":false},"featured_media":2461,"comment_status":"open","ping_status":"closed","template":"","meta":[],"product_brand":[],"product_cat":[88],"product_tag":[89,90,20,38,21,24],"class_list":{"0":"post-2421","1":"product","2":"type-product","3":"status-publish","4":"has-post-thumbnail","6":"product_cat-atletico-madrid","7":"product_tag-atletico-madrid-heimtrikot","8":"product_tag-atletico-madrid-trikots","9":"product_tag-coole-fussballtrikots","10":"product_tag-fussball-trikot-langarm","11":"product_tag-fussballtrikot-fuer-herren","12":"product_tag-guenstiges-fussballtrikot","14":"first","15":"instock","16":"shipping-taxable","17":"purchasable","18":"product-type-variable"},"_links":{"self":[{"href":"https:\/\/www.billigtrikotde.com\/en\/wp-json\/wp\/v2\/product\/2421","targetHints":{"allow":["GET"]}}],"collection":[{"href":"https:\/\/www.billigtrikotde.com\/en\/wp-json\/wp\/v2\/product"}],"about":[{"href":"https:\/\/www.billigtrikotde.com\/en\/wp-json\/wp\/v2\/types\/product"}],"replies":[{"embeddable":true,"href":"https:\/\/www.billigtrikotde.com\/en\/wp-json\/wp\/v2\/comments?post=2421"}],"wp:featuredmedia":[{"embeddable":true,"href":"https:\/\/www.billigtrikotde.com\/en\/wp-json\/wp\/v2\/media\/2461"}],"wp:attachment":[{"href":"https:\/\/www.billigtrikotde.com\/en\/wp-json\/wp\/v2\/media?parent=2421"}],"wp:term":[{"taxonomy":"product_brand","embeddable":true,"href":"https:\/\/www.billigtrikotde.com\/en\/wp-json\/wp\/v2\/product_brand?post=2421"},{"taxonomy":"product_cat","embeddable":true,"href":"https:\/\/www.billigtrikotde.com\/en\/wp-json\/wp\/v2\/product_cat?post=2421"},{"taxonomy":"product_tag","embeddable":true,"href":"https:\/\/www.billigtrikotde.com\/en\/wp-json\/wp\/v2\/product_tag?post=2421"}],"curies":[{"name":"wp","href":"https:\/\/api.w.org\/{rel}","templated":true}]}}