{"id":2316,"date":"2024-10-23T14:11:55","date_gmt":"2024-10-23T12:11:55","guid":{"rendered":"http:\/\/billigtrikots.com\/?post_type=product&#038;p=2316"},"modified":"2024-10-23T14:13:05","modified_gmt":"2024-10-23T12:13:05","slug":"manchester-city-auswaertstrikot-2022-weiss-hellblau-mit-aufdruck-kompany-4","status":"publish","type":"product","link":"https:\/\/www.billigtrikotde.com\/en\/manchester-city-auswaertstrikot-2022-weiss-hellblau-mit-aufdruck-kompany-4\/","title":{"rendered":"Manchester City away kit 2022 white\/light blue with print KOMPANY 4"},"content":{"rendered":"<p>The latest Puma MCFC men's away jersey comes in an unusually bright colour and is therefore truly unique! It is of course adorned with the proud club logo, official sponsor details and the legendary Puma Cat. Don't miss out on this unique design!<\/p>\n<p>It is made from 100% recycled polyester and thanks to dryCELL technology, it ensures good heat and moisture management. This keeps your body dry and fresh, and you can be sure of sustainable quality. The special replica cut differs slightly from the tighter-fitting player jerseys and ensures maximum freedom of movement in all directions.<\/p>\n<p>Show your allegiance and loyalty no matter when and where the Citizens are on the pitch! Get the official Puma Manchester City men's away jersey 2021\/22 and celebrate the highly successful team!<\/p>\n<p>Tips for printing: If the name and number on the picture are exactly what you want, you do not need to enter them again. If not, you should enter your desired name and number.<\/p>\n<p>Washing tips: It is recommended to wash football shirts by hand. If you want to use the washing machine, remember to turn football shirts inside out and then wash them. Fill the machine with cold water and use a delicate cycle to better protect the colours.<\/p>","protected":false},"excerpt":{"rendered":"<p>Das aktuelle Puma MCFC Herren Ausw\u00e4rts Trikot zeigt sich in einer ungew\u00f6hnlich hellen Farbe und ist somit ein echtes Unikat! Es ist nat\u00fcrlich mit dem stolzen Vereinslogo, offiziellen Sponsorendetails und der legend\u00e4ren Puma Cat geschm\u00fcckt. Dieses einzigartige Design darfst du dir nicht entgehen lassen! Gefertigt wird es aus 100% recyceltem Polyester und dank der dryCELL [&hellip;]<\/p>","protected":false},"featured_media":2349,"comment_status":"open","ping_status":"closed","template":"","meta":[],"product_brand":[],"product_cat":[82],"product_tag":[20,21,22,23,24,83,84],"class_list":{"0":"post-2316","1":"product","2":"type-product","3":"status-publish","4":"has-post-thumbnail","6":"product_cat-manchester-city","7":"product_tag-coole-fussballtrikots","8":"product_tag-fussballtrikot-fuer-herren","9":"product_tag-fussballtrikot-guenstig-kaufen","10":"product_tag-fussballtrikot-kurzarm","11":"product_tag-guenstiges-fussballtrikot","12":"product_tag-manchester-city-auswaertstrikot","13":"product_tag-manchester-city-trikots","15":"first","16":"instock","17":"shipping-taxable","18":"purchasable","19":"product-type-variable"},"_links":{"self":[{"href":"https:\/\/www.billigtrikotde.com\/en\/wp-json\/wp\/v2\/product\/2316","targetHints":{"allow":["GET"]}}],"collection":[{"href":"https:\/\/www.billigtrikotde.com\/en\/wp-json\/wp\/v2\/product"}],"about":[{"href":"https:\/\/www.billigtrikotde.com\/en\/wp-json\/wp\/v2\/types\/product"}],"replies":[{"embeddable":true,"href":"https:\/\/www.billigtrikotde.com\/en\/wp-json\/wp\/v2\/comments?post=2316"}],"wp:featuredmedia":[{"embeddable":true,"href":"https:\/\/www.billigtrikotde.com\/en\/wp-json\/wp\/v2\/media\/2349"}],"wp:attachment":[{"href":"https:\/\/www.billigtrikotde.com\/en\/wp-json\/wp\/v2\/media?parent=2316"}],"wp:term":[{"taxonomy":"product_brand","embeddable":true,"href":"https:\/\/www.billigtrikotde.com\/en\/wp-json\/wp\/v2\/product_brand?post=2316"},{"taxonomy":"product_cat","embeddable":true,"href":"https:\/\/www.billigtrikotde.com\/en\/wp-json\/wp\/v2\/product_cat?post=2316"},{"taxonomy":"product_tag","embeddable":true,"href":"https:\/\/www.billigtrikotde.com\/en\/wp-json\/wp\/v2\/product_tag?post=2316"}],"curies":[{"name":"wp","href":"https:\/\/api.w.org\/{rel}","templated":true}]}}