{"id":2303,"date":"2024-10-23T14:11:23","date_gmt":"2024-10-23T12:11:23","guid":{"rendered":"http:\/\/billigtrikots.com\/?post_type=product&#038;p=2303"},"modified":"2024-10-23T14:11:44","modified_gmt":"2024-10-23T12:11:44","slug":"james-maddison-10-leicester-city-fc-2022-home-fussball-trikots-herren","status":"publish","type":"product","link":"https:\/\/www.billigtrikotde.com\/en\/james-maddison-10-leicester-city-fc-2022-home-fussball-trikots-herren\/","title":{"rendered":"James Maddison #10 Leicester City FC 2022 Home Football Shirts Men"},"content":{"rendered":"<p>Play like the pros on the pitch with these Leicester City FC 2021\/22 home shorts for men. These lightweight shorts are available in a white colourway and made from smooth Primegreen polyester fabric with AEROREADY technology that wicks sweat away for cool comfort. They feature an elastic waistband with adjustable drawcords for a personalised fit, as well as contrasting 3-stripes on the sides. Stamped with a SportLogo and the iconic Foxes crest on each leg. Machine washable.<\/p>\n<p>Tips for printing: If the name and number on the picture are exactly what you want, you do not need to enter them again. If not, you should enter your desired name and number.<\/p>\n<p>Washing tips: It is recommended to wash football shirts by hand. If you want to use the washing machine, remember to turn football shirts inside out and then wash them. Fill the machine with cold water and use a delicate cycle to better protect the colours.<\/p>","protected":false},"excerpt":{"rendered":"<p>Spielen Sie wie die Profis auf dem Platz mit diesen Leicester City FC 2021\/22 Heimshorts f\u00fcr Herren. Diese leichte Shorts ist in einer wei\u00dfen Farbgebung erh\u00e4ltlich und besteht aus glattem Primegreen-Polyestergewebe mit AEROREADY-Technologie, die Schwei\u00df f\u00fcr k\u00fchlen Komfort ableitet. Sie verf\u00fcgt \u00fcber einen elastischen Bund mit verstellbaren Kordeln f\u00fcr eine individuelle Passform sowie kontrastierende 3-Streifen [&hellip;]<\/p>","protected":false},"featured_media":2307,"comment_status":"open","ping_status":"closed","template":"","meta":[],"product_brand":[],"product_cat":[80],"product_tag":[20,21,22,23,54,24,81],"class_list":{"0":"post-2303","1":"product","2":"type-product","3":"status-publish","4":"has-post-thumbnail","6":"product_cat-leicester-city","7":"product_tag-coole-fussballtrikots","8":"product_tag-fussballtrikot-fuer-herren","9":"product_tag-fussballtrikot-guenstig-kaufen","10":"product_tag-fussballtrikot-kurzarm","11":"product_tag-fussballtrikot-set","12":"product_tag-guenstiges-fussballtrikot","13":"product_tag-leicester-city-f-c-trikots","15":"first","16":"instock","17":"shipping-taxable","18":"purchasable","19":"product-type-variable"},"_links":{"self":[{"href":"https:\/\/www.billigtrikotde.com\/en\/wp-json\/wp\/v2\/product\/2303","targetHints":{"allow":["GET"]}}],"collection":[{"href":"https:\/\/www.billigtrikotde.com\/en\/wp-json\/wp\/v2\/product"}],"about":[{"href":"https:\/\/www.billigtrikotde.com\/en\/wp-json\/wp\/v2\/types\/product"}],"replies":[{"embeddable":true,"href":"https:\/\/www.billigtrikotde.com\/en\/wp-json\/wp\/v2\/comments?post=2303"}],"wp:featuredmedia":[{"embeddable":true,"href":"https:\/\/www.billigtrikotde.com\/en\/wp-json\/wp\/v2\/media\/2307"}],"wp:attachment":[{"href":"https:\/\/www.billigtrikotde.com\/en\/wp-json\/wp\/v2\/media?parent=2303"}],"wp:term":[{"taxonomy":"product_brand","embeddable":true,"href":"https:\/\/www.billigtrikotde.com\/en\/wp-json\/wp\/v2\/product_brand?post=2303"},{"taxonomy":"product_cat","embeddable":true,"href":"https:\/\/www.billigtrikotde.com\/en\/wp-json\/wp\/v2\/product_cat?post=2303"},{"taxonomy":"product_tag","embeddable":true,"href":"https:\/\/www.billigtrikotde.com\/en\/wp-json\/wp\/v2\/product_tag?post=2303"}],"curies":[{"name":"wp","href":"https:\/\/api.w.org\/{rel}","templated":true}]}}