{"id":2292,"date":"2024-10-23T14:10:52","date_gmt":"2024-10-23T12:10:52","guid":{"rendered":"http:\/\/billigtrikots.com\/?post_type=product&#038;p=2292"},"modified":"2024-10-23T14:11:43","modified_gmt":"2024-10-23T12:11:43","slug":"demarai-gray-7-leicester-city-f-c-2022-home-kit-kurzarm-kurze-hosen","status":"publish","type":"product","link":"https:\/\/www.billigtrikotde.com\/en\/demarai-gray-7-leicester-city-f-c-2022-home-kit-kurzarm-kurze-hosen\/","title":{"rendered":"Demarai Gray #7 Leicester City F.C. 2022 Home Kit Short Sleeve + Shorts"},"content":{"rendered":"<p>This Leicester City FC 2021\/22 home shirt for men from adidas will keep the boys in the top 4 this season. This standard fit shirt in blue camouflage colour is made from lightweight poly fabric that uses AEROREADY technology to wick away sweat and keep you cool and comfortable. It has a V-neck and short sleeves with contrasting white trims and 3-Stripes on the shoulders. Featuring the club's sponsors on the front, this top is finished with a sports badge and the iconic Foxes crest on the chest.<\/p>\n<p>Tips for printing: If the name and number on the picture are exactly what you want, you do not need to enter them again. If not, you should enter your desired name and number.<\/p>\n<p>Washing tips: It is recommended to wash football shirts by hand. If you want to use the washing machine, remember to turn football shirts inside out and then wash them. Fill the machine with cold water and use a delicate cycle to better protect the colours.<\/p>","protected":false},"excerpt":{"rendered":"<p>Mit diesem Leicester City FC 2021\/22 Heimtrikot f\u00fcr Herren von adidas sind die Jungs in dieser Saison unter den Top 4. Dieses Standard-Fit-Shirt in blauer Tarnfarbe besteht aus leichtem Polygewebe, das mit AEROREADY-Technologie Schwei\u00df ableitet und f\u00fcr k\u00fchlen Komfort sorgt. Es hat einen V-Ausschnitt und kurze \u00c4rmel mit kontrastierenden wei\u00dfen Bes\u00e4tzen und 3-Streifen an den [&hellip;]<\/p>","protected":false},"featured_media":2296,"comment_status":"open","ping_status":"closed","template":"","meta":[],"product_brand":[],"product_cat":[80],"product_tag":[20,21,22,23,54,24,81],"class_list":{"0":"post-2292","1":"product","2":"type-product","3":"status-publish","4":"has-post-thumbnail","6":"product_cat-leicester-city","7":"product_tag-coole-fussballtrikots","8":"product_tag-fussballtrikot-fuer-herren","9":"product_tag-fussballtrikot-guenstig-kaufen","10":"product_tag-fussballtrikot-kurzarm","11":"product_tag-fussballtrikot-set","12":"product_tag-guenstiges-fussballtrikot","13":"product_tag-leicester-city-f-c-trikots","15":"first","16":"instock","17":"shipping-taxable","18":"purchasable","19":"product-type-variable"},"_links":{"self":[{"href":"https:\/\/www.billigtrikotde.com\/en\/wp-json\/wp\/v2\/product\/2292","targetHints":{"allow":["GET"]}}],"collection":[{"href":"https:\/\/www.billigtrikotde.com\/en\/wp-json\/wp\/v2\/product"}],"about":[{"href":"https:\/\/www.billigtrikotde.com\/en\/wp-json\/wp\/v2\/types\/product"}],"replies":[{"embeddable":true,"href":"https:\/\/www.billigtrikotde.com\/en\/wp-json\/wp\/v2\/comments?post=2292"}],"wp:featuredmedia":[{"embeddable":true,"href":"https:\/\/www.billigtrikotde.com\/en\/wp-json\/wp\/v2\/media\/2296"}],"wp:attachment":[{"href":"https:\/\/www.billigtrikotde.com\/en\/wp-json\/wp\/v2\/media?parent=2292"}],"wp:term":[{"taxonomy":"product_brand","embeddable":true,"href":"https:\/\/www.billigtrikotde.com\/en\/wp-json\/wp\/v2\/product_brand?post=2292"},{"taxonomy":"product_cat","embeddable":true,"href":"https:\/\/www.billigtrikotde.com\/en\/wp-json\/wp\/v2\/product_cat?post=2292"},{"taxonomy":"product_tag","embeddable":true,"href":"https:\/\/www.billigtrikotde.com\/en\/wp-json\/wp\/v2\/product_tag?post=2292"}],"curies":[{"name":"wp","href":"https:\/\/api.w.org\/{rel}","templated":true}]}}