{"id":22431,"date":"2025-08-08T14:55:16","date_gmt":"2025-08-08T12:55:16","guid":{"rendered":"https:\/\/www.billigtrikotde.com\/?post_type=product&#038;p=22431"},"modified":"2025-08-08T15:15:20","modified_gmt":"2025-08-08T13:15:20","slug":"inter-miami-lionel-messi-10-heimtrikot-kinder-2025-26-fussball-trikotsatz","status":"publish","type":"product","link":"https:\/\/www.billigtrikotde.com\/en\/inter-miami-lionel-messi-10-heimtrikot-kinder-2025-26-fussball-trikotsatz\/","title":{"rendered":"Inter Miami Lionel Messi #10 Kids' Home Jersey 2025-26 Football Kit Set"},"content":{"rendered":"<p>The home kit 2025 is based on the jerseys worn by exciting new signings such as Sergio Busquets, Jordi Alba, Lionel Messi, Luis Su\u00e1rez and the rest of the first team in elite MLS matches, and shows your unwavering support for Inter Miami. The kit features the iconic pink stripes of the classic Miami International team and emphasises the energy of competition at the highest level. The performance-oriented AEROREADY technology wicks moisture to keep you dry, while the club badge provides light wear comfort.<\/p>\n<p>Tips for printing: If the name and number on the picture are exactly what you want, you do not need to enter them again. If not, you should enter your desired name and number.<\/p>\n<p>Washing tips: It is recommended to wash football shirts by hand. If you want to use the washing machine, remember to turn football shirts inside out and then wash them. Fill the machine with cold water and use a delicate cycle to better protect the colours.<\/p>","protected":false},"excerpt":{"rendered":"<p>Das Heimtrikot 2025 basiert auf den Trikots, die von aufregenden Neuzug\u00e4ngen wie Sergio Busquets, Jordi Alba, Lionel Messi, Luis Suarez und dem Rest der ersten Mannschaft in Elitespielen der MLS getragen wurden, und zeigt Ihre unersch\u00fctterliche Unterst\u00fctzung f\u00fcr Inter Miami.Das Trikot weist die ikonischen rosa Streifen des klassischen Miami International-Teams auf und unterstreicht die Energie [&hellip;]<\/p>","protected":false},"featured_media":22435,"comment_status":"open","ping_status":"closed","template":"","meta":[],"product_brand":[],"product_cat":[569],"product_tag":[1461,1299],"class_list":{"0":"post-22431","1":"product","2":"type-product","3":"status-publish","4":"has-post-thumbnail","6":"product_cat-inter-miami-kindertrikot","7":"product_tag-guenstige-inter-miami-trikot-kinder","8":"product_tag-lionel-messi-trikots","10":"first","11":"instock","12":"shipping-taxable","13":"purchasable","14":"product-type-variable"},"_links":{"self":[{"href":"https:\/\/www.billigtrikotde.com\/en\/wp-json\/wp\/v2\/product\/22431","targetHints":{"allow":["GET"]}}],"collection":[{"href":"https:\/\/www.billigtrikotde.com\/en\/wp-json\/wp\/v2\/product"}],"about":[{"href":"https:\/\/www.billigtrikotde.com\/en\/wp-json\/wp\/v2\/types\/product"}],"replies":[{"embeddable":true,"href":"https:\/\/www.billigtrikotde.com\/en\/wp-json\/wp\/v2\/comments?post=22431"}],"wp:featuredmedia":[{"embeddable":true,"href":"https:\/\/www.billigtrikotde.com\/en\/wp-json\/wp\/v2\/media\/22435"}],"wp:attachment":[{"href":"https:\/\/www.billigtrikotde.com\/en\/wp-json\/wp\/v2\/media?parent=22431"}],"wp:term":[{"taxonomy":"product_brand","embeddable":true,"href":"https:\/\/www.billigtrikotde.com\/en\/wp-json\/wp\/v2\/product_brand?post=22431"},{"taxonomy":"product_cat","embeddable":true,"href":"https:\/\/www.billigtrikotde.com\/en\/wp-json\/wp\/v2\/product_cat?post=22431"},{"taxonomy":"product_tag","embeddable":true,"href":"https:\/\/www.billigtrikotde.com\/en\/wp-json\/wp\/v2\/product_tag?post=22431"}],"curies":[{"name":"wp","href":"https:\/\/api.w.org\/{rel}","templated":true}]}}