{"id":21896,"date":"2025-05-17T15:06:05","date_gmt":"2025-05-17T13:06:05","guid":{"rendered":"https:\/\/www.billigtrikotde.com\/?post_type=product&#038;p=21896"},"modified":"2025-05-17T16:20:21","modified_gmt":"2025-05-17T14:20:21","slug":"fc-barcelona-x-travis-scott-heimtrikot-2024-25-online-kaufen","status":"publish","type":"product","link":"https:\/\/www.billigtrikotde.com\/en\/fc-barcelona-x-travis-scott-heimtrikot-2024-25-online-kaufen\/","title":{"rendered":"FC Barcelona X Travis Scott home jersey 2024-25 short sleeve"},"content":{"rendered":"<h3>FC Barcelona X Travis Scott Heimtrikot 2024-25 Online Kaufen<\/h3>\n<p>Mit seinem limitierten Design ist das Barcelona x Travis Scott Trikot 2024\/25 ein Must-have f\u00fcr jeden Fan. Hergestellt aus hochwertigen Materialien, verk\u00f6rpert dieses Trikot die perfekte Verbindung von Fu\u00dfball und Hip-Hop-Kultur. Zeige deine Liebe zu beidem mit diesem einzigartigen und stylischen Fan-Edition-Trikot.<\/p>\n<p>Tips for printing: If the name and number on the picture are exactly what you want, you do not need to enter them again. If not, you should enter your desired name and number.<\/p>\n<p>Washing tips: It is recommended to wash football shirts by hand. If you want to use the washing machine, remember to turn football shirts inside out and then wash them. Fill the machine with cold water and use a delicate cycle to better protect the colours.<\/p>","protected":false},"excerpt":{"rendered":"<p>FC Barcelona X Travis Scott Home Jersey 2024-25 Buy Online With its limited design, the Barcelona x Travis Scott Jersey 2024\/25 is a must-have for every fan. Made from high-quality materials, this jersey embodies the perfect combination of football and hip-hop culture. Show your love for both with this unique and stylish fan edition jersey. Printing tips: If [\u2026]<\/p>","protected":false},"featured_media":21900,"comment_status":"open","ping_status":"closed","template":"","meta":[],"product_brand":[],"product_cat":[31],"product_tag":[1496,20,1275,21,22,24],"class_list":{"0":"post-21896","1":"product","2":"type-product","3":"status-publish","4":"has-post-thumbnail","6":"product_cat-fc-barcelona","7":"product_tag-barcelona-travis-scott-trikot","8":"product_tag-coole-fussballtrikots","9":"product_tag-fc-barcelona-24-25-trikot","10":"product_tag-fussballtrikot-fuer-herren","11":"product_tag-fussballtrikot-guenstig-kaufen","12":"product_tag-guenstiges-fussballtrikot","14":"first","15":"instock","16":"shipping-taxable","17":"purchasable","18":"product-type-variable"},"_links":{"self":[{"href":"https:\/\/www.billigtrikotde.com\/en\/wp-json\/wp\/v2\/product\/21896","targetHints":{"allow":["GET"]}}],"collection":[{"href":"https:\/\/www.billigtrikotde.com\/en\/wp-json\/wp\/v2\/product"}],"about":[{"href":"https:\/\/www.billigtrikotde.com\/en\/wp-json\/wp\/v2\/types\/product"}],"replies":[{"embeddable":true,"href":"https:\/\/www.billigtrikotde.com\/en\/wp-json\/wp\/v2\/comments?post=21896"}],"wp:featuredmedia":[{"embeddable":true,"href":"https:\/\/www.billigtrikotde.com\/en\/wp-json\/wp\/v2\/media\/21900"}],"wp:attachment":[{"href":"https:\/\/www.billigtrikotde.com\/en\/wp-json\/wp\/v2\/media?parent=21896"}],"wp:term":[{"taxonomy":"product_brand","embeddable":true,"href":"https:\/\/www.billigtrikotde.com\/en\/wp-json\/wp\/v2\/product_brand?post=21896"},{"taxonomy":"product_cat","embeddable":true,"href":"https:\/\/www.billigtrikotde.com\/en\/wp-json\/wp\/v2\/product_cat?post=21896"},{"taxonomy":"product_tag","embeddable":true,"href":"https:\/\/www.billigtrikotde.com\/en\/wp-json\/wp\/v2\/product_tag?post=21896"}],"curies":[{"name":"wp","href":"https:\/\/api.w.org\/{rel}","templated":true}]}}