{"id":21873,"date":"2025-05-16T14:34:01","date_gmt":"2025-05-16T12:34:01","guid":{"rendered":"https:\/\/www.billigtrikotde.com\/?post_type=product&#038;p=21873"},"modified":"2025-05-16T14:34:03","modified_gmt":"2025-05-16T12:34:03","slug":"fussballtrikot-kaufen-aston-villa-emiliano-martinez-torwart-auswaertstrikot-kinder","status":"publish","type":"product","link":"https:\/\/www.billigtrikotde.com\/en\/fussballtrikot-kaufen-aston-villa-emiliano-martinez-torwart-auswaertstrikot-kinder\/","title":{"rendered":"Aston Villa Emiliano Martinez #23 goalkeeper away jersey children 2024-25 football kit set"},"content":{"rendered":"<h3>Football shirt kaufen Aston Villa Emiliano Martinez Goalkeeper away shirt children 2024-25 black<\/h3>\n<p>Tips for printing: If the name and number on the picture are exactly what you want, you do not need to enter them again. If not, you should enter your desired name and number.<\/p>\n<p>Washing tips: It is recommended to wash football shirts by hand. If you want to use the washing machine, remember to turn football shirts inside out and then wash them. Fill the machine with cold water and use a delicate cycle to better protect the colours.<\/p>","protected":false},"excerpt":{"rendered":"<p>Fu\u00dfballtrikot kaufen Aston Villa Emiliano Martinez Torwart Ausw\u00e4rtstrikot Kinder 2024-25 Schwarz Tipps zum Drucken: Wenn der Name und die Nummer auf dem Bild genau Ihren W\u00fcnschen entsprechen, m\u00fcssen Sie sie nicht erneut eingeben. Wenn nicht, sollten Sie Ihren gew\u00fcnschten Namen und Ihre Nummer eingeben. Tipps zum Waschen: Es wird empfohlen, Fu\u00dfballtrikots von Hand zu waschen. [&hellip;]<\/p>","protected":false},"featured_media":21875,"comment_status":"open","ping_status":"closed","template":"","meta":[],"product_brand":[],"product_cat":[893],"product_tag":[1493,1494,1492,1491,1495],"class_list":{"0":"post-21873","1":"product","2":"type-product","3":"status-publish","4":"has-post-thumbnail","6":"product_cat-aston-villa-kindertrikot","7":"product_tag-aston-villa-torwartbekleidung-fussball-kinder","8":"product_tag-emiliano-martinez-trikot-kinder-kaufen","9":"product_tag-guenstige-aston-villa-torwarttrikot-kinder","10":"product_tag-guenstige-aston-villa-trikot-kinder","11":"product_tag-guenstige-emiliano-martinez-trikot-kinder","13":"first","14":"instock","15":"shipping-taxable","16":"purchasable","17":"product-type-variable"},"_links":{"self":[{"href":"https:\/\/www.billigtrikotde.com\/en\/wp-json\/wp\/v2\/product\/21873","targetHints":{"allow":["GET"]}}],"collection":[{"href":"https:\/\/www.billigtrikotde.com\/en\/wp-json\/wp\/v2\/product"}],"about":[{"href":"https:\/\/www.billigtrikotde.com\/en\/wp-json\/wp\/v2\/types\/product"}],"replies":[{"embeddable":true,"href":"https:\/\/www.billigtrikotde.com\/en\/wp-json\/wp\/v2\/comments?post=21873"}],"wp:featuredmedia":[{"embeddable":true,"href":"https:\/\/www.billigtrikotde.com\/en\/wp-json\/wp\/v2\/media\/21875"}],"wp:attachment":[{"href":"https:\/\/www.billigtrikotde.com\/en\/wp-json\/wp\/v2\/media?parent=21873"}],"wp:term":[{"taxonomy":"product_brand","embeddable":true,"href":"https:\/\/www.billigtrikotde.com\/en\/wp-json\/wp\/v2\/product_brand?post=21873"},{"taxonomy":"product_cat","embeddable":true,"href":"https:\/\/www.billigtrikotde.com\/en\/wp-json\/wp\/v2\/product_cat?post=21873"},{"taxonomy":"product_tag","embeddable":true,"href":"https:\/\/www.billigtrikotde.com\/en\/wp-json\/wp\/v2\/product_tag?post=21873"}],"curies":[{"name":"wp","href":"https:\/\/api.w.org\/{rel}","templated":true}]}}