{"id":21721,"date":"2025-05-12T13:52:06","date_gmt":"2025-05-12T11:52:06","guid":{"rendered":"https:\/\/www.billigtrikotde.com\/?post_type=product&#038;p=21721"},"modified":"2025-05-12T13:53:08","modified_gmt":"2025-05-12T11:53:08","slug":"inter-milan-auswaertstrikot-kinder-2024-25-fussball-trikotsatz","status":"publish","type":"product","link":"https:\/\/www.billigtrikotde.com\/en\/inter-milan-auswaertstrikot-kinder-2024-25-fussball-trikotsatz\/","title":{"rendered":"Inter Milan Away jersey Kids 2024-25 Football jersey set"},"content":{"rendered":"<h3>Details of Inter Milan Away Jersey Youth 2024-25 football jersey set:<\/h3>\n<p>Suitable for children<br \/>\nBrand logo: Embroidered<br \/>\nTeam badge: Embroidered<br \/>\n100 % Polyester for a dry wearing feeling.<br \/>\nProduct colour: white<\/p>\n<p>Tips for printing: If the name and number on the picture are exactly what you want, you do not need to enter them again. If not, you should enter your desired name and number.<\/p>\n<p>Washing tips: It is recommended to wash football shirts by hand. If you want to use the washing machine, remember to turn football shirts inside out and then wash them. Fill the machine with cold water and use a delicate cycle to better protect the colours.<\/p>","protected":false},"excerpt":{"rendered":"<p>Details zu Inter Milan Ausw\u00e4rtstrikot Kinder 2024-25 Fu\u00dfball trikotsatz: F\u00fcr Kinder geeignet Markenlogo: Gestickt Teamabzeichen: Gestickt 100 % Polyester f\u00fcr ein trockenes Tragegef\u00fchl. Produktfarbe: Wei\u00df Tipps zum Drucken: Wenn der Name und die Nummer auf dem Bild genau Ihren W\u00fcnschen entsprechen, m\u00fcssen Sie sie nicht erneut eingeben. Wenn nicht, sollten Sie Ihren gew\u00fcnschten Namen und [&hellip;]<\/p>","protected":false},"featured_media":21723,"comment_status":"open","ping_status":"closed","template":"","meta":[],"product_brand":[],"product_cat":[779],"product_tag":[20,215,780,781,94],"class_list":{"0":"post-21721","1":"product","2":"type-product","3":"status-publish","4":"has-post-thumbnail","6":"product_cat-inter-milan-kindertrikot","7":"product_tag-coole-fussballtrikots","8":"product_tag-fussball-trikot-kurzarm","9":"product_tag-inter-milan-fussballtrikots-kinder","10":"product_tag-inter-milan-trikot-fuer-kinder","11":"product_tag-kinder-fussball-trikotsatz","13":"first","14":"instock","15":"shipping-taxable","16":"purchasable","17":"product-type-variable"},"_links":{"self":[{"href":"https:\/\/www.billigtrikotde.com\/en\/wp-json\/wp\/v2\/product\/21721","targetHints":{"allow":["GET"]}}],"collection":[{"href":"https:\/\/www.billigtrikotde.com\/en\/wp-json\/wp\/v2\/product"}],"about":[{"href":"https:\/\/www.billigtrikotde.com\/en\/wp-json\/wp\/v2\/types\/product"}],"replies":[{"embeddable":true,"href":"https:\/\/www.billigtrikotde.com\/en\/wp-json\/wp\/v2\/comments?post=21721"}],"wp:featuredmedia":[{"embeddable":true,"href":"https:\/\/www.billigtrikotde.com\/en\/wp-json\/wp\/v2\/media\/21723"}],"wp:attachment":[{"href":"https:\/\/www.billigtrikotde.com\/en\/wp-json\/wp\/v2\/media?parent=21721"}],"wp:term":[{"taxonomy":"product_brand","embeddable":true,"href":"https:\/\/www.billigtrikotde.com\/en\/wp-json\/wp\/v2\/product_brand?post=21721"},{"taxonomy":"product_cat","embeddable":true,"href":"https:\/\/www.billigtrikotde.com\/en\/wp-json\/wp\/v2\/product_cat?post=21721"},{"taxonomy":"product_tag","embeddable":true,"href":"https:\/\/www.billigtrikotde.com\/en\/wp-json\/wp\/v2\/product_tag?post=21721"}],"curies":[{"name":"wp","href":"https:\/\/api.w.org\/{rel}","templated":true}]}}