{"id":21306,"date":"2025-03-17T15:03:28","date_gmt":"2025-03-17T14:03:28","guid":{"rendered":"https:\/\/www.billigtrikotde.com\/?post_type=product&#038;p=21306"},"modified":"2025-03-17T15:18:17","modified_gmt":"2025-03-17T14:18:17","slug":"kinder-arsenal-auswaertstrikot-2024-25-mit-aufdruck-jorginho-frello-20","status":"publish","type":"product","link":"https:\/\/www.billigtrikotde.com\/en\/kinder-arsenal-auswaertstrikot-2024-25-mit-aufdruck-jorginho-frello-20\/","title":{"rendered":"Kids Arsenal away shirt 2024-25 with print Jorginho Frello 20"},"content":{"rendered":"<p>This is the latest Arsenal 2024-25 away jersey. What makes this Arsenal jersey unique is its vibrant black, red and green colour scheme that reflects the style of the Pan-African flag. In addition, everyone should take a look at the pattern of this Arsenal football shirt as it is quite eye-catching. The shorts have a white zigzag pattern on the sides, a pattern that is often used in African designs to depict shells.<\/p>\n<p>Tips for printing: If the name and number on the picture are exactly what you want, you do not need to enter them again. If not, you should enter your desired name and number.<\/p>\n<p>Washing tips: It is recommended to wash football shirts by hand. If you want to use the washing machine, remember to turn football shirts inside out and then wash them. Fill the machine with cold water and use a delicate cycle to better protect the colours.<\/p>","protected":false},"excerpt":{"rendered":"<p>Dies ist das neueste Ausw\u00e4rtstrikot von Arsenal 2024\u201325. Was dieses Arsenal-Trikot einzigartig macht, ist seine leuchtende Farbgebung in Schwarz, Rot und Gr\u00fcn, die den Stil der panafrikanischen Flagge widerspiegelt. Dar\u00fcber hinaus sollte jeder einen Blick auf das Muster dieses Arsenal-Fu\u00dfballtrikots werfen, da es ziemlich auff\u00e4llig ist. Die Shorts haben an den Seiten ein wei\u00dfes Zickzackmuster, [&hellip;]<\/p>","protected":false},"featured_media":21308,"comment_status":"open","ping_status":"closed","template":"","meta":[],"product_brand":[],"product_cat":[167],"product_tag":[851,1445,852,1263,20,1444,1443],"class_list":{"0":"post-21306","1":"product","2":"type-product","3":"status-publish","4":"has-post-thumbnail","6":"product_cat-arsenal-kindertrikot","7":"product_tag-arsenal-fussballtrikots-kinder","8":"product_tag-arsenal-fussballtrikots-kinder-mit-eigenem-namen","9":"product_tag-arsenal-trikot-fuer-kinder","10":"product_tag-arsenal-trikotsatz-fuer-kinder","11":"product_tag-coole-fussballtrikots","12":"product_tag-guenstige-jorginho-frello-trikot-kinder","13":"product_tag-jorginho-frello-trikot-kinder-kaufen","15":"first","16":"instock","17":"shipping-taxable","18":"purchasable","19":"product-type-variable"},"_links":{"self":[{"href":"https:\/\/www.billigtrikotde.com\/en\/wp-json\/wp\/v2\/product\/21306","targetHints":{"allow":["GET"]}}],"collection":[{"href":"https:\/\/www.billigtrikotde.com\/en\/wp-json\/wp\/v2\/product"}],"about":[{"href":"https:\/\/www.billigtrikotde.com\/en\/wp-json\/wp\/v2\/types\/product"}],"replies":[{"embeddable":true,"href":"https:\/\/www.billigtrikotde.com\/en\/wp-json\/wp\/v2\/comments?post=21306"}],"wp:featuredmedia":[{"embeddable":true,"href":"https:\/\/www.billigtrikotde.com\/en\/wp-json\/wp\/v2\/media\/21308"}],"wp:attachment":[{"href":"https:\/\/www.billigtrikotde.com\/en\/wp-json\/wp\/v2\/media?parent=21306"}],"wp:term":[{"taxonomy":"product_brand","embeddable":true,"href":"https:\/\/www.billigtrikotde.com\/en\/wp-json\/wp\/v2\/product_brand?post=21306"},{"taxonomy":"product_cat","embeddable":true,"href":"https:\/\/www.billigtrikotde.com\/en\/wp-json\/wp\/v2\/product_cat?post=21306"},{"taxonomy":"product_tag","embeddable":true,"href":"https:\/\/www.billigtrikotde.com\/en\/wp-json\/wp\/v2\/product_tag?post=21306"}],"curies":[{"name":"wp","href":"https:\/\/api.w.org\/{rel}","templated":true}]}}