{"id":21030,"date":"2025-03-10T14:21:32","date_gmt":"2025-03-10T13:21:32","guid":{"rendered":"https:\/\/www.billigtrikotde.com\/?post_type=product&#038;p=21030"},"modified":"2025-03-10T14:21:34","modified_gmt":"2025-03-10T13:21:34","slug":"kinder-ac-milan-heimtrikot-2024-25-trikotsatz-kit-mit-namen-fikayo-tomori-23","status":"publish","type":"product","link":"https:\/\/www.billigtrikotde.com\/en\/kinder-ac-milan-heimtrikot-2024-25-trikotsatz-kit-mit-namen-fikayo-tomori-23\/","title":{"rendered":"Kids AC Milan Home Jersey 2024-25 Kit with name Fikayo Tomori 23"},"content":{"rendered":"<p>After last season's experimental jersey design, the new AC Milan 24-25 home jersey returns to a classic design. The jersey features the red and black stripes and the club's white logo. Within the red stripe is a very subtle design that could be linked to the club's 125th anniversary. Milan was founded in 1899, 125 years ago.<\/p>\n<p>Tips for printing: If the name and number on the picture are exactly what you want, you do not need to enter them again. If not, you should enter your desired name and number.<\/p>\n<p>Washing tips: It is recommended to wash football shirts by hand. If you want to use the washing machine, remember to turn football shirts inside out and then wash them. Fill the machine with cold water and use a delicate cycle to better protect the colours.<\/p>","protected":false},"excerpt":{"rendered":"<p>Nach dem experimentellen Trikotdesign der letzten Saison kehrt das neue AC Mailand 24-25 Heimtrikot zu einem klassischen Design zur\u00fcck. Das Trikot weist die roten und schwarzen Streifen und das wei\u00dfe Logo des Vereins auf. Innerhalb des roten Streifens befindet sich ein sehr dezentes Design, das mit dem 125-j\u00e4hrigen Jubil\u00e4um des Clubs in Verbindung stehen k\u00f6nnte. [&hellip;]<\/p>","protected":false},"featured_media":21032,"comment_status":"open","ping_status":"closed","template":"","meta":[],"product_brand":[],"product_cat":[92],"product_tag":[630,631,93,20,1422,574,1415,24,1416,94],"class_list":{"0":"post-21030","1":"product","2":"type-product","3":"status-publish","4":"has-post-thumbnail","6":"product_cat-ac-mailand-kindertrikot","7":"product_tag-ac-milan-fussballtrikots-kinder","8":"product_tag-ac-milan-trikot-fuer-kinder","9":"product_tag-ac-milan-trikotsatz-fuer-kinder","10":"product_tag-coole-fussballtrikots","11":"product_tag-fikayo-tomori-trikot","12":"product_tag-fussballtrikot-deutschland","13":"product_tag-fussballtrikots-set","14":"product_tag-guenstiges-fussballtrikot","15":"product_tag-kinder-ac-milan-trikot","16":"product_tag-kinder-fussball-trikotsatz","18":"first","19":"instock","20":"shipping-taxable","21":"purchasable","22":"product-type-variable"},"_links":{"self":[{"href":"https:\/\/www.billigtrikotde.com\/en\/wp-json\/wp\/v2\/product\/21030","targetHints":{"allow":["GET"]}}],"collection":[{"href":"https:\/\/www.billigtrikotde.com\/en\/wp-json\/wp\/v2\/product"}],"about":[{"href":"https:\/\/www.billigtrikotde.com\/en\/wp-json\/wp\/v2\/types\/product"}],"replies":[{"embeddable":true,"href":"https:\/\/www.billigtrikotde.com\/en\/wp-json\/wp\/v2\/comments?post=21030"}],"wp:featuredmedia":[{"embeddable":true,"href":"https:\/\/www.billigtrikotde.com\/en\/wp-json\/wp\/v2\/media\/21032"}],"wp:attachment":[{"href":"https:\/\/www.billigtrikotde.com\/en\/wp-json\/wp\/v2\/media?parent=21030"}],"wp:term":[{"taxonomy":"product_brand","embeddable":true,"href":"https:\/\/www.billigtrikotde.com\/en\/wp-json\/wp\/v2\/product_brand?post=21030"},{"taxonomy":"product_cat","embeddable":true,"href":"https:\/\/www.billigtrikotde.com\/en\/wp-json\/wp\/v2\/product_cat?post=21030"},{"taxonomy":"product_tag","embeddable":true,"href":"https:\/\/www.billigtrikotde.com\/en\/wp-json\/wp\/v2\/product_tag?post=21030"}],"curies":[{"name":"wp","href":"https:\/\/api.w.org\/{rel}","templated":true}]}}