{"id":20837,"date":"2025-03-01T11:12:30","date_gmt":"2025-03-01T10:12:30","guid":{"rendered":"https:\/\/www.billigtrikotde.com\/?post_type=product&#038;p=20837"},"modified":"2025-03-01T11:12:31","modified_gmt":"2025-03-01T10:12:31","slug":"guenstig-kinder-ac-milan-3rd-trikot-2024-25-fussballtrikots-set-alvaro-morata-7","status":"publish","type":"product","link":"https:\/\/www.billigtrikotde.com\/en\/guenstig-kinder-ac-milan-3rd-trikot-2024-25-fussballtrikots-set-alvaro-morata-7\/","title":{"rendered":"Cheap kids AC Milan 3rd jersey 2024-25 football shirts set Alvaro Morata 7"},"content":{"rendered":"<p>AC Milan's third jersey for the 2024\/25 season deviates from the classic red and black colour scheme. Dark grey is the main colour and the details in fresh mint green, including the monochrome club badge, cuffs and collar, are in fresh mint green. In addition, the grape mist details on the collar add a subtle and sophisticated touch and reflect the forward-thinking spirit of Milan.<\/p>\n<p>Tips for printing: If the name and number on the picture are exactly what you want, you do not need to enter them again. If not, you should enter your desired name and number.<\/p>\n<p>Washing tips: It is recommended to wash football shirts by hand. If you want to use the washing machine, remember to turn football shirts inside out and then wash them. Fill the machine with cold water and use a delicate cycle to better protect the colours.<\/p>","protected":false},"excerpt":{"rendered":"<p>Das dritte Trikot des AC Mailand f\u00fcr die Saison 2024\/25 weicht vom klassischen Farbschema aus Rot und Schwarz ab. Dunkelgrau ist die Hauptfarbe und die Details in frischem Mintgr\u00fcn, darunter das einfarbige Vereinsabzeichen, die Manschetten und der Kragen, sind in frischem Mintgr\u00fcn gehalten. Dar\u00fcber hinaus verleihen die Details in Grape Mist am Kragen eine subtile [&hellip;]<\/p>","protected":false},"featured_media":20839,"comment_status":"open","ping_status":"closed","template":"","meta":[],"product_brand":[],"product_cat":[92],"product_tag":[630,631,93,1228,20,574,1415,24,1416,94,1264],"class_list":{"0":"post-20837","1":"product","2":"type-product","3":"status-publish","4":"has-post-thumbnail","6":"product_cat-ac-mailand-kindertrikot","7":"product_tag-ac-milan-fussballtrikots-kinder","8":"product_tag-ac-milan-trikot-fuer-kinder","9":"product_tag-ac-milan-trikotsatz-fuer-kinder","10":"product_tag-alvaro-morata-trikots","11":"product_tag-coole-fussballtrikots","12":"product_tag-fussballtrikot-deutschland","13":"product_tag-fussballtrikots-set","14":"product_tag-guenstiges-fussballtrikot","15":"product_tag-kinder-ac-milan-trikot","16":"product_tag-kinder-fussball-trikotsatz","17":"product_tag-milan-24-25-trikot","19":"first","20":"instock","21":"shipping-taxable","22":"purchasable","23":"product-type-variable"},"_links":{"self":[{"href":"https:\/\/www.billigtrikotde.com\/en\/wp-json\/wp\/v2\/product\/20837","targetHints":{"allow":["GET"]}}],"collection":[{"href":"https:\/\/www.billigtrikotde.com\/en\/wp-json\/wp\/v2\/product"}],"about":[{"href":"https:\/\/www.billigtrikotde.com\/en\/wp-json\/wp\/v2\/types\/product"}],"replies":[{"embeddable":true,"href":"https:\/\/www.billigtrikotde.com\/en\/wp-json\/wp\/v2\/comments?post=20837"}],"wp:featuredmedia":[{"embeddable":true,"href":"https:\/\/www.billigtrikotde.com\/en\/wp-json\/wp\/v2\/media\/20839"}],"wp:attachment":[{"href":"https:\/\/www.billigtrikotde.com\/en\/wp-json\/wp\/v2\/media?parent=20837"}],"wp:term":[{"taxonomy":"product_brand","embeddable":true,"href":"https:\/\/www.billigtrikotde.com\/en\/wp-json\/wp\/v2\/product_brand?post=20837"},{"taxonomy":"product_cat","embeddable":true,"href":"https:\/\/www.billigtrikotde.com\/en\/wp-json\/wp\/v2\/product_cat?post=20837"},{"taxonomy":"product_tag","embeddable":true,"href":"https:\/\/www.billigtrikotde.com\/en\/wp-json\/wp\/v2\/product_tag?post=20837"}],"curies":[{"name":"wp","href":"https:\/\/api.w.org\/{rel}","templated":true}]}}