{"id":1938,"date":"2024-10-23T13:52:39","date_gmt":"2024-10-23T11:52:39","guid":{"rendered":"http:\/\/billigtrikots.com\/?post_type=product&#038;p=1938"},"modified":"2024-10-23T13:54:14","modified_gmt":"2024-10-23T11:54:14","slug":"wolverhampton-wanderers-gelb-trikot-2022-heim-mit-aufdruck-boly-15","status":"publish","type":"product","link":"https:\/\/www.billigtrikotde.com\/en\/wolverhampton-wanderers-gelb-trikot-2022-heim-mit-aufdruck-boly-15\/","title":{"rendered":"Wolverhampton Wanderers Yellow Shirt 2022 Home with Print BOLY 15"},"content":{"rendered":"<p>Get ready to show your support in this men's Wolverhampton Wanderers FC 2021\/22 home shirt from Castore. This standard fit shirt in gold colour is made from lightweight polyester fabric to keep you cool and comfortable on the pitch. It has a V-neck, short sleeves and contrasting black panels and cuffs. With signature Castore branding, this shirt features the iconic Wolves crest on the chest. Machine washable.<\/p>\n<p>Tips for printing: If the name and number on the picture are exactly what you want, you do not need to enter them again. If not, you should enter your desired name and number.<\/p>\n<p>Washing tips: It is recommended to wash football shirts by hand. If you want to use the washing machine, remember to turn football shirts inside out and then wash them. Fill the machine with cold water and use a delicate cycle to better protect the colours.<\/p>","protected":false},"excerpt":{"rendered":"<p>Mach dich bereit und zeige deine Unterst\u00fctzung in diesem Herren Wolverhampton Wanderers FC 2021\/22 Heimtrikot von Castore. Dieses Standard-Fit-Shirt in der Farbe Gold ist aus leichtem Polyestergewebe gefertigt, das dich auf dem Platz k\u00fchl und bequem h\u00e4lt. Es hat einen V-Ausschnitt, kurze \u00c4rmel und kontrastierende schwarze Eins\u00e4tze und B\u00fcndchen. Mit dem charakteristischen Castore-Branding ist dieses [&hellip;]<\/p>","protected":false},"featured_media":1970,"comment_status":"open","ping_status":"closed","template":"","meta":[],"product_brand":[],"product_cat":[69],"product_tag":[20,70,21,22,23,24,71],"class_list":{"0":"post-1938","1":"product","2":"type-product","3":"status-publish","4":"has-post-thumbnail","6":"product_cat-wolverhampton-wanderers","7":"product_tag-coole-fussballtrikots","8":"product_tag-castore-wolves-heimtrikot","9":"product_tag-fussballtrikot-fuer-herren","10":"product_tag-fussballtrikot-guenstig-kaufen","11":"product_tag-fussballtrikot-kurzarm","12":"product_tag-guenstiges-fussballtrikot","13":"product_tag-wolverhampton-wanderers-trikots","15":"first","16":"instock","17":"shipping-taxable","18":"purchasable","19":"product-type-variable"},"_links":{"self":[{"href":"https:\/\/www.billigtrikotde.com\/en\/wp-json\/wp\/v2\/product\/1938","targetHints":{"allow":["GET"]}}],"collection":[{"href":"https:\/\/www.billigtrikotde.com\/en\/wp-json\/wp\/v2\/product"}],"about":[{"href":"https:\/\/www.billigtrikotde.com\/en\/wp-json\/wp\/v2\/types\/product"}],"replies":[{"embeddable":true,"href":"https:\/\/www.billigtrikotde.com\/en\/wp-json\/wp\/v2\/comments?post=1938"}],"wp:featuredmedia":[{"embeddable":true,"href":"https:\/\/www.billigtrikotde.com\/en\/wp-json\/wp\/v2\/media\/1970"}],"wp:attachment":[{"href":"https:\/\/www.billigtrikotde.com\/en\/wp-json\/wp\/v2\/media?parent=1938"}],"wp:term":[{"taxonomy":"product_brand","embeddable":true,"href":"https:\/\/www.billigtrikotde.com\/en\/wp-json\/wp\/v2\/product_brand?post=1938"},{"taxonomy":"product_cat","embeddable":true,"href":"https:\/\/www.billigtrikotde.com\/en\/wp-json\/wp\/v2\/product_cat?post=1938"},{"taxonomy":"product_tag","embeddable":true,"href":"https:\/\/www.billigtrikotde.com\/en\/wp-json\/wp\/v2\/product_tag?post=1938"}],"curies":[{"name":"wp","href":"https:\/\/api.w.org\/{rel}","templated":true}]}}