{"id":19170,"date":"2024-10-24T11:13:04","date_gmt":"2024-10-24T09:13:04","guid":{"rendered":"http:\/\/billigtrikots.com\/?post_type=product&#038;p=19170"},"modified":"2024-10-24T11:15:54","modified_gmt":"2024-10-24T09:15:54","slug":"fussballtrikots-kinder-guenstig-athletic-bilbao-heimtrikotsatz-2024-2025","status":"publish","type":"product","link":"https:\/\/www.billigtrikotde.com\/en\/fussballtrikots-kinder-guenstig-athletic-bilbao-heimtrikotsatz-2024-2025\/","title":{"rendered":"Football Shirts Kids Cheap Athletic Bilbao Home Kit 2024 2025"},"content":{"rendered":"<p>The Athletic Bilbao 2024-25 jersey has a traditional classic red and white stripe design with a subtle pattern within the red stripes.this graphic is inspired by the Ibaigane Palace, a symbol of the club's identity known for its blend of historic and modern architecture.the round collar is white on the front and black on the back. The upper back features a graphic that combines the Basque flag with a lion emblem.<\/p>\n<p>Tips for printing: If the name and number on the picture are exactly what you want, you do not need to enter them again. If not, you should enter your desired name and number.<\/p>\n<p>Washing tips: It is recommended to wash football shirts by hand. If you want to use the washing machine, remember to turn football shirts inside out and then wash them. Fill the machine with cold water and use a delicate cycle to better protect the colours.<\/p>","protected":false},"excerpt":{"rendered":"<p>Das Athletic Bilbao 2024-25 Trikot hat ein traditionelles klassisches rot-wei\u00dfes Streifendesign mit einem dezenten Muster innerhalb der roten Streifen.Diese Grafik ist vom Ibaigane-Palast inspiriert, einem Symbol f\u00fcr die Identit\u00e4t des Vereins, das f\u00fcr seine Mischung aus historischer und moderner Architektur bekannt ist.Der Rundkragen ist auf der Vorderseite wei\u00df und auf der R\u00fcckseite schwarz. Auf dem [&hellip;]<\/p>","protected":false},"featured_media":19216,"comment_status":"open","ping_status":"closed","template":"","meta":[],"product_brand":[],"product_cat":[1025],"product_tag":[1278,1026,1027,20,574,23,24,94],"class_list":{"0":"post-19170","1":"product","2":"type-product","3":"status-publish","4":"has-post-thumbnail","6":"product_cat-athletic-bilbao-kindertrikot","7":"product_tag-athletic-bilbao-24-25-trikot","8":"product_tag-athletic-bilbao-fussballtrikots-kinder","9":"product_tag-athletic-bilbao-trikot-fuer-kinder","10":"product_tag-coole-fussballtrikots","11":"product_tag-fussballtrikot-deutschland","12":"product_tag-fussballtrikot-kurzarm","13":"product_tag-guenstiges-fussballtrikot","14":"product_tag-kinder-fussball-trikotsatz","16":"first","17":"instock","18":"shipping-taxable","19":"purchasable","20":"product-type-variable"},"_links":{"self":[{"href":"https:\/\/www.billigtrikotde.com\/en\/wp-json\/wp\/v2\/product\/19170","targetHints":{"allow":["GET"]}}],"collection":[{"href":"https:\/\/www.billigtrikotde.com\/en\/wp-json\/wp\/v2\/product"}],"about":[{"href":"https:\/\/www.billigtrikotde.com\/en\/wp-json\/wp\/v2\/types\/product"}],"replies":[{"embeddable":true,"href":"https:\/\/www.billigtrikotde.com\/en\/wp-json\/wp\/v2\/comments?post=19170"}],"wp:featuredmedia":[{"embeddable":true,"href":"https:\/\/www.billigtrikotde.com\/en\/wp-json\/wp\/v2\/media\/19216"}],"wp:attachment":[{"href":"https:\/\/www.billigtrikotde.com\/en\/wp-json\/wp\/v2\/media?parent=19170"}],"wp:term":[{"taxonomy":"product_brand","embeddable":true,"href":"https:\/\/www.billigtrikotde.com\/en\/wp-json\/wp\/v2\/product_brand?post=19170"},{"taxonomy":"product_cat","embeddable":true,"href":"https:\/\/www.billigtrikotde.com\/en\/wp-json\/wp\/v2\/product_cat?post=19170"},{"taxonomy":"product_tag","embeddable":true,"href":"https:\/\/www.billigtrikotde.com\/en\/wp-json\/wp\/v2\/product_tag?post=19170"}],"curies":[{"name":"wp","href":"https:\/\/api.w.org\/{rel}","templated":true}]}}