{"id":19024,"date":"2024-10-24T11:06:38","date_gmt":"2024-10-24T09:06:38","guid":{"rendered":"http:\/\/billigtrikots.com\/?post_type=product&#038;p=19024"},"modified":"2024-10-24T11:07:58","modified_gmt":"2024-10-24T09:07:58","slug":"kinder-fussballtrikot-set-manchester-city-heimtrikotsatz-2024-25-erling-haaland-9","status":"publish","type":"product","link":"https:\/\/www.billigtrikotde.com\/en\/kinder-fussballtrikot-set-manchester-city-heimtrikotsatz-2024-25-erling-haaland-9\/","title":{"rendered":"Kids Football Shirt Set Manchester City Home Shirt Set 2024-25 Erling Haaland 9"},"content":{"rendered":"<p>The new Man City 2024-25 jersey has the classic sky blue colour combined with navy applications and white logos, and what makes the Manchester City 24-25 jersey stand out is the collar and cuffs. Both feature a unique graffiti-inspired 0161 graphic that pays homage to the 0161 area of Manchester. The 0161 phone code covers a large part of Greater Manchester, including the city centre and surrounding areas.<\/p>\n<p>Tips for printing: If the name and number on the picture are exactly what you want, you do not need to enter them again. If not, you should enter your desired name and number.<\/p>\n<p>Washing tips: It is recommended to wash football shirts by hand. If you want to use the washing machine, remember to turn football shirts inside out and then wash them. Fill the machine with cold water and use a delicate cycle to better protect the colours.<\/p>","protected":false},"excerpt":{"rendered":"<p>Das neue Man City 2024-25 Trikot hat die klassische himmelblaue Farbe kombiniert mit navyfarbenen Applikationen und wei\u00dfen Logos.Was das Manchester City 24-25 Trikot besonders auszeichnet, sind der Kragen und die \u00c4rmelb\u00fcndchen. Beide sind mit einer einzigartigen, von Graffiti inspirierten 0161-Grafik versehen, die eine Hommage an den 0161-Bereich von Manchester ist. Die Telefonvorwahl 0161 deckt einen [&hellip;]<\/p>","protected":false},"featured_media":19040,"comment_status":"closed","ping_status":"closed","template":"","meta":[],"product_brand":[],"product_cat":[144],"product_tag":[20,1233,22,23,24],"class_list":{"0":"post-19024","1":"product","2":"type-product","3":"status-publish","4":"has-post-thumbnail","6":"product_cat-manchester-city-kindertrikot","7":"product_tag-coole-fussballtrikots","8":"product_tag-erling-haaland-trikots","9":"product_tag-fussballtrikot-guenstig-kaufen","10":"product_tag-fussballtrikot-kurzarm","11":"product_tag-guenstiges-fussballtrikot","13":"first","14":"instock","15":"purchasable","16":"product-type-variable"},"_links":{"self":[{"href":"https:\/\/www.billigtrikotde.com\/en\/wp-json\/wp\/v2\/product\/19024","targetHints":{"allow":["GET"]}}],"collection":[{"href":"https:\/\/www.billigtrikotde.com\/en\/wp-json\/wp\/v2\/product"}],"about":[{"href":"https:\/\/www.billigtrikotde.com\/en\/wp-json\/wp\/v2\/types\/product"}],"replies":[{"embeddable":true,"href":"https:\/\/www.billigtrikotde.com\/en\/wp-json\/wp\/v2\/comments?post=19024"}],"wp:featuredmedia":[{"embeddable":true,"href":"https:\/\/www.billigtrikotde.com\/en\/wp-json\/wp\/v2\/media\/19040"}],"wp:attachment":[{"href":"https:\/\/www.billigtrikotde.com\/en\/wp-json\/wp\/v2\/media?parent=19024"}],"wp:term":[{"taxonomy":"product_brand","embeddable":true,"href":"https:\/\/www.billigtrikotde.com\/en\/wp-json\/wp\/v2\/product_brand?post=19024"},{"taxonomy":"product_cat","embeddable":true,"href":"https:\/\/www.billigtrikotde.com\/en\/wp-json\/wp\/v2\/product_cat?post=19024"},{"taxonomy":"product_tag","embeddable":true,"href":"https:\/\/www.billigtrikotde.com\/en\/wp-json\/wp\/v2\/product_tag?post=19024"}],"curies":[{"name":"wp","href":"https:\/\/api.w.org\/{rel}","templated":true}]}}