{"id":18914,"date":"2024-10-24T11:02:11","date_gmt":"2024-10-24T09:02:11","guid":{"rendered":"http:\/\/billigtrikots.com\/?post_type=product&#038;p=18914"},"modified":"2024-11-20T15:20:09","modified_gmt":"2024-11-20T14:20:09","slug":"guenstiges-kindertrikot-spanien-auswaerts-trikotsatzt-em-2024-lamine-yamal-19","status":"publish","type":"product","link":"https:\/\/www.billigtrikotde.com\/en\/guenstiges-kindertrikot-spanien-auswaerts-trikotsatzt-em-2024-lamine-yamal-19\/","title":{"rendered":"Cheap kids jersey Spain away kit Euro 2024 lamine yamal jersey barcelona"},"content":{"rendered":"<p>The Spain 2024 away kit has a fresh and eye-catching colour combination. It is mainly pale neon yellow, possibly inspired by the country's sand dunes, and a unique feature of the Spain Euro 2024 away kit is the panels - the light blue panels feature a sand dune graphic.<\/p>\n<p>Tips for printing: If the name and number on the picture are exactly what you want, you do not need to enter them again. If not, you should enter your desired name and number.<\/p>\n<p>Washing tips: It is recommended to wash football shirts by hand. If you want to use the washing machine, remember to turn football shirts inside out and then wash them. Fill the machine with cold water and use a delicate cycle to better protect the colours.<\/p>","protected":false},"excerpt":{"rendered":"<p>Das Spanien 2024 Ausw\u00e4rtstrikot hat eine frische und auff\u00e4llige Farbkombination. Es ist vor allem blass neongelb, m\u00f6glicherweise inspiriert von den Sandd\u00fcnen des Landes.Ein einzigartiges Merkmal des Spanien Euro 2024 Ausw\u00e4rtstrikots sind die Paneele \u2013 die hellblauen Paneele sind mit einer Sandd\u00fcnengrafik versehen. Tipps zum Drucken: Wenn der Name und die Nummer auf dem Bild genau [\u2026]<\/p>","protected":false},"featured_media":18930,"comment_status":"closed","ping_status":"closed","template":"","meta":[],"product_brand":[],"product_cat":[1079],"product_tag":[20,1076,22,23,24,1225],"class_list":{"0":"post-18914","1":"product","2":"type-product","3":"status-publish","4":"has-post-thumbnail","6":"product_cat-em-2024-spanien","7":"product_tag-coole-fussballtrikots","8":"product_tag-em-2024-trikot","9":"product_tag-fussballtrikot-guenstig-kaufen","10":"product_tag-fussballtrikot-kurzarm","11":"product_tag-guenstiges-fussballtrikot","12":"product_tag-lamine-yamal-trikots","14":"first","15":"instock","16":"purchasable","17":"product-type-variable"},"_links":{"self":[{"href":"https:\/\/www.billigtrikotde.com\/en\/wp-json\/wp\/v2\/product\/18914","targetHints":{"allow":["GET"]}}],"collection":[{"href":"https:\/\/www.billigtrikotde.com\/en\/wp-json\/wp\/v2\/product"}],"about":[{"href":"https:\/\/www.billigtrikotde.com\/en\/wp-json\/wp\/v2\/types\/product"}],"replies":[{"embeddable":true,"href":"https:\/\/www.billigtrikotde.com\/en\/wp-json\/wp\/v2\/comments?post=18914"}],"wp:featuredmedia":[{"embeddable":true,"href":"https:\/\/www.billigtrikotde.com\/en\/wp-json\/wp\/v2\/media\/18930"}],"wp:attachment":[{"href":"https:\/\/www.billigtrikotde.com\/en\/wp-json\/wp\/v2\/media?parent=18914"}],"wp:term":[{"taxonomy":"product_brand","embeddable":true,"href":"https:\/\/www.billigtrikotde.com\/en\/wp-json\/wp\/v2\/product_brand?post=18914"},{"taxonomy":"product_cat","embeddable":true,"href":"https:\/\/www.billigtrikotde.com\/en\/wp-json\/wp\/v2\/product_cat?post=18914"},{"taxonomy":"product_tag","embeddable":true,"href":"https:\/\/www.billigtrikotde.com\/en\/wp-json\/wp\/v2\/product_tag?post=18914"}],"curies":[{"name":"wp","href":"https:\/\/api.w.org\/{rel}","templated":true}]}}