{"id":1879,"date":"2024-10-23T13:49:57","date_gmt":"2024-10-23T11:49:57","guid":{"rendered":"http:\/\/billigtrikots.com\/?post_type=product&#038;p=1879"},"modified":"2024-10-23T13:52:00","modified_gmt":"2024-10-23T11:52:00","slug":"bvb-borussia-dortmund-heimtrikot-herren-2022-hazard-10-gelb-schwarz-trikotsatz","status":"publish","type":"product","link":"https:\/\/www.billigtrikotde.com\/en\/bvb-borussia-dortmund-heimtrikot-herren-2022-hazard-10-gelb-schwarz-trikotsatz\/","title":{"rendered":"BVB Borussia Dortmund Home Jersey Men 2022 Hazard 10 Yellow Black Kit"},"content":{"rendered":"<p>Go all out with the P-uma Borussia Dortmund 21\/22 home jersey, which has a slightly looser fit specially designed for fans.<\/p>\n<p>Inspired by the club's famous Champions League triumph in 1997, the P-uma Borussia Dortmund 21\/22 home jersey embodies the underdog spirit of Karl-Heinz Riedle and Co. with black shoulder sections and striped sleeves that mimic the jersey and socks from the 1997 final.<\/p>\n<p>The standard version of the jersey is designed for comfort on and off the pitch and features the latest sweat-wicking technology to keep you fresh. The more casual cut also makes it ideal for leisure time.<\/p>\n<p>Tips for printing: If the name and number on the picture are exactly what you want, you do not need to enter them again. If not, you should enter your desired name and number.<\/p>\n<p>Washing tips: It is recommended to wash football shirts by hand. If you want to use the washing machine, remember to turn football shirts inside out and then wash them. Fill the machine with cold water and use a delicate cycle to better protect the colours.<\/p>","protected":false},"excerpt":{"rendered":"<p>Gib alles mit dem P-uma Borussia Dortmund 21\/22 Heimtrikot, das eine etwas lockerere Passform hat die speziell f\u00fcr Fans entwickelt wurde. Inspiriert vom ber\u00fchmten Champions-League-Triumph des Vereins im Jahr 1997 verk\u00f6rpert das P-uma Borussia Dortmund 21\/22 Heimtrikot den Au\u00dfenseitergeist von Karl-Heinz Riedle und Co. mit schwarzen Schulterpartien und gestreiften \u00c4rmeln, die das Trikot und die [&hellip;]<\/p>","protected":false},"featured_media":1910,"comment_status":"open","ping_status":"closed","template":"","meta":[],"product_brand":[],"product_cat":[63],"product_tag":[20,65,66,67,21,22,23,24],"class_list":{"0":"post-1879","1":"product","2":"type-product","3":"status-publish","4":"has-post-thumbnail","6":"product_cat-borussia-dortmund","7":"product_tag-coole-fussballtrikots","8":"product_tag-borussia-dortmund-trikots","9":"product_tag-bvb-trikots","10":"product_tag-fussball-trikotsatz","11":"product_tag-fussballtrikot-fuer-herren","12":"product_tag-fussballtrikot-guenstig-kaufen","13":"product_tag-fussballtrikot-kurzarm","14":"product_tag-guenstiges-fussballtrikot","16":"first","17":"instock","18":"shipping-taxable","19":"purchasable","20":"product-type-variable"},"_links":{"self":[{"href":"https:\/\/www.billigtrikotde.com\/en\/wp-json\/wp\/v2\/product\/1879","targetHints":{"allow":["GET"]}}],"collection":[{"href":"https:\/\/www.billigtrikotde.com\/en\/wp-json\/wp\/v2\/product"}],"about":[{"href":"https:\/\/www.billigtrikotde.com\/en\/wp-json\/wp\/v2\/types\/product"}],"replies":[{"embeddable":true,"href":"https:\/\/www.billigtrikotde.com\/en\/wp-json\/wp\/v2\/comments?post=1879"}],"wp:featuredmedia":[{"embeddable":true,"href":"https:\/\/www.billigtrikotde.com\/en\/wp-json\/wp\/v2\/media\/1910"}],"wp:attachment":[{"href":"https:\/\/www.billigtrikotde.com\/en\/wp-json\/wp\/v2\/media?parent=1879"}],"wp:term":[{"taxonomy":"product_brand","embeddable":true,"href":"https:\/\/www.billigtrikotde.com\/en\/wp-json\/wp\/v2\/product_brand?post=1879"},{"taxonomy":"product_cat","embeddable":true,"href":"https:\/\/www.billigtrikotde.com\/en\/wp-json\/wp\/v2\/product_cat?post=1879"},{"taxonomy":"product_tag","embeddable":true,"href":"https:\/\/www.billigtrikotde.com\/en\/wp-json\/wp\/v2\/product_tag?post=1879"}],"curies":[{"name":"wp","href":"https:\/\/api.w.org\/{rel}","templated":true}]}}