{"id":18295,"date":"2024-10-24T10:26:05","date_gmt":"2024-10-24T08:26:05","guid":{"rendered":"http:\/\/billigtrikots.com\/?post_type=product&#038;p=18295"},"modified":"2024-10-24T10:29:16","modified_gmt":"2024-10-24T08:29:16","slug":"mexiko-auswaertstrikot-copa-america-2024-kurzarm-fuer-herren","status":"publish","type":"product","link":"https:\/\/www.billigtrikotde.com\/en\/mexiko-auswaertstrikot-copa-america-2024-kurzarm-fuer-herren\/","title":{"rendered":"Mexico away jersey Copa Am\u00e9rica 2024 short sleeve for men"},"content":{"rendered":"<p>The Mexico 2024 away jersey is inspired by Mexico's rich cultural heritage and the country's future. The result is a fascinating fusion of tradition and modernity. The Mexico 2024 away jersey has a light green-grey base colour that is combined with three fluorescent stripes, creating a dynamic and eye-catching colour scheme.<br \/>\nThe special feature of Mexico's 2024 away kit is the unique Aztec pattern that runs through the entire design. The intricate pattern is inspired by the ancient Aztec and Mayan civilisations and pays homage to Mexico's cultural roots while adding a modern twist, with Mexico using the same template as Argentina, Germany and all other Adidas national teams. The most striking feature is the contrasting panels.<\/p>","protected":false},"excerpt":{"rendered":"<p>Das Mexiko 2024 Ausw\u00e4rtstrikot l\u00e4sst sich von Mexikos reichem kulturellen Erbe und der Zukunft des Landes inspirieren. Das Ergebnis ist eine faszinierende Verschmelzung von Tradition und Moderne.Das Mexiko 2024 Ausw\u00e4rtstrikot hat eine hellgr\u00fcn-graue Grundfarbe, die mit drei fluoreszierenden Streifen kombiniert wird, wodurch eine dynamische und auff\u00e4llige Farbgebung entsteht. Das Besondere an Mexikos Ausw\u00e4rtstrikot 2024 ist [&hellip;]<\/p>","protected":false},"featured_media":18339,"comment_status":"open","ping_status":"closed","template":"","meta":[],"product_brand":[],"product_cat":[251],"product_tag":[20,21,22,24,1165,1166,1167,1168],"class_list":{"0":"post-18295","1":"product","2":"type-product","3":"status-publish","4":"has-post-thumbnail","6":"product_cat-mexiko-trikots","7":"product_tag-coole-fussballtrikots","8":"product_tag-fussballtrikot-fuer-herren","9":"product_tag-fussballtrikot-guenstig-kaufen","10":"product_tag-guenstiges-fussballtrikot","11":"product_tag-mexiko-auswaerts-2024","12":"product_tag-mexiko-copa-america-2024","13":"product_tag-mexiko-fussballtrikots","14":"product_tag-mexiko-heim-2024","16":"first","17":"instock","18":"shipping-taxable","19":"purchasable","20":"product-type-variable"},"_links":{"self":[{"href":"https:\/\/www.billigtrikotde.com\/en\/wp-json\/wp\/v2\/product\/18295","targetHints":{"allow":["GET"]}}],"collection":[{"href":"https:\/\/www.billigtrikotde.com\/en\/wp-json\/wp\/v2\/product"}],"about":[{"href":"https:\/\/www.billigtrikotde.com\/en\/wp-json\/wp\/v2\/types\/product"}],"replies":[{"embeddable":true,"href":"https:\/\/www.billigtrikotde.com\/en\/wp-json\/wp\/v2\/comments?post=18295"}],"wp:featuredmedia":[{"embeddable":true,"href":"https:\/\/www.billigtrikotde.com\/en\/wp-json\/wp\/v2\/media\/18339"}],"wp:attachment":[{"href":"https:\/\/www.billigtrikotde.com\/en\/wp-json\/wp\/v2\/media?parent=18295"}],"wp:term":[{"taxonomy":"product_brand","embeddable":true,"href":"https:\/\/www.billigtrikotde.com\/en\/wp-json\/wp\/v2\/product_brand?post=18295"},{"taxonomy":"product_cat","embeddable":true,"href":"https:\/\/www.billigtrikotde.com\/en\/wp-json\/wp\/v2\/product_cat?post=18295"},{"taxonomy":"product_tag","embeddable":true,"href":"https:\/\/www.billigtrikotde.com\/en\/wp-json\/wp\/v2\/product_tag?post=18295"}],"curies":[{"name":"wp","href":"https:\/\/api.w.org\/{rel}","templated":true}]}}