{"id":18280,"date":"2024-10-24T10:25:28","date_gmt":"2024-10-24T08:25:28","guid":{"rendered":"http:\/\/billigtrikots.com\/?post_type=product&#038;p=18280"},"modified":"2024-10-24T10:28:09","modified_gmt":"2024-10-24T08:28:09","slug":"herren-argentinien-auswaertstrikot-copa-america-2024-online-kaufen","status":"publish","type":"product","link":"https:\/\/www.billigtrikotde.com\/en\/herren-argentinien-auswaertstrikot-copa-america-2024-online-kaufen\/","title":{"rendered":"Men's Argentina Away Jersey Copa Am\u00e9rica 2024 Buy Online"},"content":{"rendered":"<p>The Argentina 2024 away shirt combines a royal blue base colour with the colours of the Argentinian flag, white and sky blue. The Three Stripes are likely light blue, the AFA crest is sky blue and white. The blue colour of the Argentina 2024 away shirt resembles the colour of the Argentinian away shirts up to the end of the 1990s, before navy blue became the regular choice. The federation badge will be two-colour in sky blue and white. What makes the Argentina 2024 away shirt unique is a detail that evokes memories of the 2006 World Cup \u2013 the page has a Team Spirit-like panel with the sky blue and white colours of the Argentinian flag.<\/p>","protected":false},"excerpt":{"rendered":"<p>Das Argentinien 2024 Ausw\u00e4rtstrikot kombiniert eine k\u00f6nigsblaue Grundfarbe mit den Farben der argentinischen Flagge, Wei\u00df und Himmelblau.Die Three Stripes sind wahrscheinlich hellblau, das AFA-Wappen ist himmelblau und wei\u00df.Die blaue Farbe des Argentinien 2024-Ausw\u00e4rtstrikots \u00e4hnelt der Farbe der argentinischen Ausw\u00e4rtstrikots bis Ende der 90er Jahre, bevor Marineblau die regul\u00e4re Wahl wurde. Das Verbandsabzeichen wird zweifarbig in [&hellip;]<\/p>","protected":false},"featured_media":18325,"comment_status":"open","ping_status":"closed","template":"","meta":[],"product_brand":[],"product_cat":[325],"product_tag":[1118,1119,20,21,22,24],"class_list":{"0":"post-18280","1":"product","2":"type-product","3":"status-publish","4":"has-post-thumbnail","6":"product_cat-argentinien-trikots","7":"product_tag-argentinien-copa-america-2024","8":"product_tag-argentinien-fussballtrikots","9":"product_tag-coole-fussballtrikots","10":"product_tag-fussballtrikot-fuer-herren","11":"product_tag-fussballtrikot-guenstig-kaufen","12":"product_tag-guenstiges-fussballtrikot","14":"first","15":"instock","16":"shipping-taxable","17":"purchasable","18":"product-type-variable"},"_links":{"self":[{"href":"https:\/\/www.billigtrikotde.com\/en\/wp-json\/wp\/v2\/product\/18280","targetHints":{"allow":["GET"]}}],"collection":[{"href":"https:\/\/www.billigtrikotde.com\/en\/wp-json\/wp\/v2\/product"}],"about":[{"href":"https:\/\/www.billigtrikotde.com\/en\/wp-json\/wp\/v2\/types\/product"}],"replies":[{"embeddable":true,"href":"https:\/\/www.billigtrikotde.com\/en\/wp-json\/wp\/v2\/comments?post=18280"}],"wp:featuredmedia":[{"embeddable":true,"href":"https:\/\/www.billigtrikotde.com\/en\/wp-json\/wp\/v2\/media\/18325"}],"wp:attachment":[{"href":"https:\/\/www.billigtrikotde.com\/en\/wp-json\/wp\/v2\/media?parent=18280"}],"wp:term":[{"taxonomy":"product_brand","embeddable":true,"href":"https:\/\/www.billigtrikotde.com\/en\/wp-json\/wp\/v2\/product_brand?post=18280"},{"taxonomy":"product_cat","embeddable":true,"href":"https:\/\/www.billigtrikotde.com\/en\/wp-json\/wp\/v2\/product_cat?post=18280"},{"taxonomy":"product_tag","embeddable":true,"href":"https:\/\/www.billigtrikotde.com\/en\/wp-json\/wp\/v2\/product_tag?post=18280"}],"curies":[{"name":"wp","href":"https:\/\/api.w.org\/{rel}","templated":true}]}}