{"id":18126,"date":"2024-10-24T10:17:55","date_gmt":"2024-10-24T08:17:55","guid":{"rendered":"http:\/\/billigtrikots.com\/?post_type=product&#038;p=18126"},"modified":"2024-10-24T10:20:41","modified_gmt":"2024-10-24T08:20:41","slug":"kinder-fussball-trikot-frankreich-auswaerts-trikotsatz-em-2024","status":"publish","type":"product","link":"https:\/\/www.billigtrikotde.com\/en\/kinder-fussball-trikot-frankreich-auswaerts-trikotsatz-em-2024\/","title":{"rendered":"Kids Football Shirt France Away Kit Euro 2024"},"content":{"rendered":"<p>The France Euro 2024 away jersey combines a white base colour with a royal blue. The most striking feature is the pinstripe design - it goes from blue (right side) to red (left side) and the France Euro 2024 away jersey has a blue collar and blue cuffs.<\/p>\n<p>Both the home and away jerseys for the France 2024 European Championship will feature a new coloured crest in a huge format that is larger than that of the previous France jerseys. However, the area of the France crest will continue to comply with the FIFA rules for jerseys.<\/p>","protected":false},"excerpt":{"rendered":"<p>Das Frankreich Euro 2024 Ausw\u00e4rtstrikot kombiniert eine wei\u00dfe Grundfarbe mit einem K\u00f6nigsblau. Am auff\u00e4lligsten ist das Nadelstreifendesign &#8211; es geht von Blau (rechte Seite) zu Rot (linke Seite).Das Frankreich Euro 2024 Ausw\u00e4rtstrikot hat einen blauen Kragen und blaue \u00c4rmelb\u00fcndchen. Sowohl das Heim- als auch das Ausw\u00e4rtstrikot der Frankreich-EM 2024 werden ein neues farbiges Wappen in [&hellip;]<\/p>","protected":false},"featured_media":18177,"comment_status":"open","ping_status":"closed","template":"","meta":[],"product_brand":[],"product_cat":[1098],"product_tag":[20,1076,1077,1099,21,22,23,24],"class_list":{"0":"post-18126","1":"product","2":"type-product","3":"status-publish","4":"has-post-thumbnail","6":"product_cat-em-2024-frankreich","7":"product_tag-coole-fussballtrikots","8":"product_tag-em-2024-trikot","9":"product_tag-em-2024-trikot-herren","10":"product_tag-frankreich-trikot-em-2024","11":"product_tag-fussballtrikot-fuer-herren","12":"product_tag-fussballtrikot-guenstig-kaufen","13":"product_tag-fussballtrikot-kurzarm","14":"product_tag-guenstiges-fussballtrikot","16":"first","17":"instock","18":"shipping-taxable","19":"purchasable","20":"product-type-variable"},"_links":{"self":[{"href":"https:\/\/www.billigtrikotde.com\/en\/wp-json\/wp\/v2\/product\/18126","targetHints":{"allow":["GET"]}}],"collection":[{"href":"https:\/\/www.billigtrikotde.com\/en\/wp-json\/wp\/v2\/product"}],"about":[{"href":"https:\/\/www.billigtrikotde.com\/en\/wp-json\/wp\/v2\/types\/product"}],"replies":[{"embeddable":true,"href":"https:\/\/www.billigtrikotde.com\/en\/wp-json\/wp\/v2\/comments?post=18126"}],"wp:featuredmedia":[{"embeddable":true,"href":"https:\/\/www.billigtrikotde.com\/en\/wp-json\/wp\/v2\/media\/18177"}],"wp:attachment":[{"href":"https:\/\/www.billigtrikotde.com\/en\/wp-json\/wp\/v2\/media?parent=18126"}],"wp:term":[{"taxonomy":"product_brand","embeddable":true,"href":"https:\/\/www.billigtrikotde.com\/en\/wp-json\/wp\/v2\/product_brand?post=18126"},{"taxonomy":"product_cat","embeddable":true,"href":"https:\/\/www.billigtrikotde.com\/en\/wp-json\/wp\/v2\/product_cat?post=18126"},{"taxonomy":"product_tag","embeddable":true,"href":"https:\/\/www.billigtrikotde.com\/en\/wp-json\/wp\/v2\/product_tag?post=18126"}],"curies":[{"name":"wp","href":"https:\/\/api.w.org\/{rel}","templated":true}]}}