{"id":18107,"date":"2024-10-24T10:16:52","date_gmt":"2024-10-24T08:16:52","guid":{"rendered":"http:\/\/billigtrikots.com\/?post_type=product&#038;p=18107"},"modified":"2024-10-24T10:19:32","modified_gmt":"2024-10-24T08:19:32","slug":"frauen-england-euro-2024-heimtrikot-em-24-25-weiss-kurzarm","status":"publish","type":"product","link":"https:\/\/www.billigtrikotde.com\/en\/frauen-england-euro-2024-heimtrikot-em-24-25-weiss-kurzarm\/","title":{"rendered":"Women England EURO 2024 Home Jersey EM 24-25 white short sleeve"},"content":{"rendered":"<p>The England Euro 2024 shirt is a big change from the previous England home shirts. The England 2024 football shirt combines the classic white of the country with a dark navy blue and maroon\/light red detailing.We use a specially constructed collar which is a combination of a classic V collar and a polo collar - it's a 'false V' polo collar. The cuffs of the England 2024 home shirt have plain navy blue\/light red\/maroon stripe detailing.<\/p>","protected":false},"excerpt":{"rendered":"<p>Das England Euro 2024 Trikot ist eine starke Ver\u00e4nderung gegen\u00fcber den bisherigen England Heimtrikots. Das England 2024 Fu\u00dfballtrikot kombiniert das klassische Wei\u00df des Landes mit einem dunklen Marineblau und kastanienbraunen\/hellroten Details.We verwendet einen speziell konstruierten Kragen, der eine Kombination aus einem klassischen V-Kragen und einem Polokragen ist \u2013 es ist ein \u201efalscher V-Polokragen\u201c. Die \u00c4rmelb\u00fcndchen [&hellip;]<\/p>","protected":false},"featured_media":18155,"comment_status":"open","ping_status":"closed","template":"","meta":[],"product_brand":[],"product_cat":[1096,1072],"product_tag":[20,1076,1077,1097,21,22,23,24],"class_list":{"0":"post-18107","1":"product","2":"type-product","3":"status-publish","4":"has-post-thumbnail","6":"product_cat-em-2024-england","7":"product_cat-em-2024-trikots","8":"product_tag-coole-fussballtrikots","9":"product_tag-em-2024-trikot","10":"product_tag-em-2024-trikot-herren","11":"product_tag-england-trikot-em-2024","12":"product_tag-fussballtrikot-fuer-herren","13":"product_tag-fussballtrikot-guenstig-kaufen","14":"product_tag-fussballtrikot-kurzarm","15":"product_tag-guenstiges-fussballtrikot","17":"first","18":"instock","19":"shipping-taxable","20":"purchasable","21":"product-type-variable"},"_links":{"self":[{"href":"https:\/\/www.billigtrikotde.com\/en\/wp-json\/wp\/v2\/product\/18107","targetHints":{"allow":["GET"]}}],"collection":[{"href":"https:\/\/www.billigtrikotde.com\/en\/wp-json\/wp\/v2\/product"}],"about":[{"href":"https:\/\/www.billigtrikotde.com\/en\/wp-json\/wp\/v2\/types\/product"}],"replies":[{"embeddable":true,"href":"https:\/\/www.billigtrikotde.com\/en\/wp-json\/wp\/v2\/comments?post=18107"}],"wp:featuredmedia":[{"embeddable":true,"href":"https:\/\/www.billigtrikotde.com\/en\/wp-json\/wp\/v2\/media\/18155"}],"wp:attachment":[{"href":"https:\/\/www.billigtrikotde.com\/en\/wp-json\/wp\/v2\/media?parent=18107"}],"wp:term":[{"taxonomy":"product_brand","embeddable":true,"href":"https:\/\/www.billigtrikotde.com\/en\/wp-json\/wp\/v2\/product_brand?post=18107"},{"taxonomy":"product_cat","embeddable":true,"href":"https:\/\/www.billigtrikotde.com\/en\/wp-json\/wp\/v2\/product_cat?post=18107"},{"taxonomy":"product_tag","embeddable":true,"href":"https:\/\/www.billigtrikotde.com\/en\/wp-json\/wp\/v2\/product_tag?post=18107"}],"curies":[{"name":"wp","href":"https:\/\/api.w.org\/{rel}","templated":true}]}}