{"id":1810,"date":"2024-10-23T13:46:48","date_gmt":"2024-10-23T11:46:48","guid":{"rendered":"http:\/\/billigtrikots.com\/?post_type=product&#038;p=1810"},"modified":"2024-10-23T13:48:45","modified_gmt":"2024-10-23T11:48:45","slug":"bvb-borussia-dortmund-2022-heimtrikot-gelb-mit-aufdruck-zagadou-5","status":"publish","type":"product","link":"https:\/\/www.billigtrikotde.com\/en\/bvb-borussia-dortmund-2022-heimtrikot-gelb-mit-aufdruck-zagadou-5\/","title":{"rendered":"BVB Borussia Dortmund 2022 home shirt yellow with print Zagadou 5"},"content":{"rendered":"<p>No fan of the great club Borussia Dortmund should have to live without this authentic football jersey. It features a V-neck, raglan sleeves with mesh shoulder inserts and a jacquard structure on the back for optimal breathability. It also features PUMA's innovative dryCELL technology, which wicks moisture away from the body. And of course, the club's 09 logo proudly emblazoned on the chest is not to be missed.<\/p>\n<p>Tips for printing: If the name and number on the picture are exactly what you want, you do not need to enter them again. If not, you should enter your desired name and number.<\/p>\n<p>Washing tips: It is recommended to wash football shirts by hand. If you want to use the washing machine, remember to turn football shirts inside out and then wash them. Fill the machine with cold water and use a delicate cycle to better protect the colours.<\/p>","protected":false},"excerpt":{"rendered":"<p>Kein Fan des gro\u00dfartigen Vereins Borussia Dortmund sollte ohne dieses authentische Fu\u00dfballtrikot leben m\u00fcssen. Es verf\u00fcgt \u00fcber einen V-Ausschnitt, Raglan\u00e4rmel mit Schultereinsatz aus Mesh und eine Jacquardstruktur auf der R\u00fcckseite f\u00fcr optimale Atmungsaktivit\u00e4t. Au\u00dferdem bietet es die innovative dryCELL-Technologie von PUMA, die Feuchtigkeit vom K\u00f6rper wegtransportiert. Und nat\u00fcrlich darf auch das stolz auf der Brust [&hellip;]<\/p>","protected":false},"featured_media":1848,"comment_status":"open","ping_status":"closed","template":"","meta":[],"product_brand":[],"product_cat":[63],"product_tag":[20,65,66,21,22,23,24],"class_list":{"0":"post-1810","1":"product","2":"type-product","3":"status-publish","4":"has-post-thumbnail","6":"product_cat-borussia-dortmund","7":"product_tag-coole-fussballtrikots","8":"product_tag-borussia-dortmund-trikots","9":"product_tag-bvb-trikots","10":"product_tag-fussballtrikot-fuer-herren","11":"product_tag-fussballtrikot-guenstig-kaufen","12":"product_tag-fussballtrikot-kurzarm","13":"product_tag-guenstiges-fussballtrikot","15":"first","16":"instock","17":"shipping-taxable","18":"purchasable","19":"product-type-variable"},"_links":{"self":[{"href":"https:\/\/www.billigtrikotde.com\/en\/wp-json\/wp\/v2\/product\/1810","targetHints":{"allow":["GET"]}}],"collection":[{"href":"https:\/\/www.billigtrikotde.com\/en\/wp-json\/wp\/v2\/product"}],"about":[{"href":"https:\/\/www.billigtrikotde.com\/en\/wp-json\/wp\/v2\/types\/product"}],"replies":[{"embeddable":true,"href":"https:\/\/www.billigtrikotde.com\/en\/wp-json\/wp\/v2\/comments?post=1810"}],"wp:featuredmedia":[{"embeddable":true,"href":"https:\/\/www.billigtrikotde.com\/en\/wp-json\/wp\/v2\/media\/1848"}],"wp:attachment":[{"href":"https:\/\/www.billigtrikotde.com\/en\/wp-json\/wp\/v2\/media?parent=1810"}],"wp:term":[{"taxonomy":"product_brand","embeddable":true,"href":"https:\/\/www.billigtrikotde.com\/en\/wp-json\/wp\/v2\/product_brand?post=1810"},{"taxonomy":"product_cat","embeddable":true,"href":"https:\/\/www.billigtrikotde.com\/en\/wp-json\/wp\/v2\/product_cat?post=1810"},{"taxonomy":"product_tag","embeddable":true,"href":"https:\/\/www.billigtrikotde.com\/en\/wp-json\/wp\/v2\/product_tag?post=1810"}],"curies":[{"name":"wp","href":"https:\/\/api.w.org\/{rel}","templated":true}]}}