{"id":18096,"date":"2024-10-24T10:16:16","date_gmt":"2024-10-24T08:16:16","guid":{"rendered":"http:\/\/billigtrikots.com\/?post_type=product&#038;p=18096"},"modified":"2024-10-24T10:18:58","modified_gmt":"2024-10-24T08:18:58","slug":"kinder-portugal-euro-2024-heimtrikot-em-24-25-rot-kurzarm","status":"publish","type":"product","link":"https:\/\/www.billigtrikotde.com\/en\/kinder-portugal-euro-2024-heimtrikot-em-24-25-rot-kurzarm\/","title":{"rendered":"Kids Portugal EURO 2024 Home Jersey EM 24-25 Red Short Sleeve"},"content":{"rendered":"<p>The Portugal Euro 2024 jersey features the country's classic red colour, but combined with different colours than in previous years. It is mainly red, combined with green and black applications, plus a light beige for the sovoosh, as well as the names and numbers. The official colours are \"University Red\/Pine Green\/Sail\" and the Portugal 2024 jersey does not use a graphic design, but lets the colours take centre stage. There is special Portugal lettering on the inside of the collar.<\/p>","protected":false},"excerpt":{"rendered":"<p>Das Portugal Euro 2024 Trikot zeigt die klassische rote Farbe des Landes, aber kombiniert mit anderen Farben als in den letzten Jahren. Es ist haupts\u00e4chlich rot, kombiniert mit gr\u00fcnen und schwarzen Applikationen, dazu kommt ein helles Beige f\u00fcr den Sowoosh, sowie die Namen und Nummern. Offiziell lauten die Farben \u201eUniversity Red\/Pine Green\/Sail\u201c.Verwendet f\u00fcr das Trikot [&hellip;]<\/p>","protected":false},"featured_media":18142,"comment_status":"open","ping_status":"closed","template":"","meta":[],"product_brand":[],"product_cat":[1094,1072],"product_tag":[20,1076,1077,21,22,23,24,1095],"class_list":{"0":"post-18096","1":"product","2":"type-product","3":"status-publish","4":"has-post-thumbnail","6":"product_cat-em-2024-portugal","7":"product_cat-em-2024-trikots","8":"product_tag-coole-fussballtrikots","9":"product_tag-em-2024-trikot","10":"product_tag-em-2024-trikot-herren","11":"product_tag-fussballtrikot-fuer-herren","12":"product_tag-fussballtrikot-guenstig-kaufen","13":"product_tag-fussballtrikot-kurzarm","14":"product_tag-guenstiges-fussballtrikot","15":"product_tag-portugal-trikot-em-2024","17":"first","18":"instock","19":"shipping-taxable","20":"purchasable","21":"product-type-variable"},"_links":{"self":[{"href":"https:\/\/www.billigtrikotde.com\/en\/wp-json\/wp\/v2\/product\/18096","targetHints":{"allow":["GET"]}}],"collection":[{"href":"https:\/\/www.billigtrikotde.com\/en\/wp-json\/wp\/v2\/product"}],"about":[{"href":"https:\/\/www.billigtrikotde.com\/en\/wp-json\/wp\/v2\/types\/product"}],"replies":[{"embeddable":true,"href":"https:\/\/www.billigtrikotde.com\/en\/wp-json\/wp\/v2\/comments?post=18096"}],"wp:featuredmedia":[{"embeddable":true,"href":"https:\/\/www.billigtrikotde.com\/en\/wp-json\/wp\/v2\/media\/18142"}],"wp:attachment":[{"href":"https:\/\/www.billigtrikotde.com\/en\/wp-json\/wp\/v2\/media?parent=18096"}],"wp:term":[{"taxonomy":"product_brand","embeddable":true,"href":"https:\/\/www.billigtrikotde.com\/en\/wp-json\/wp\/v2\/product_brand?post=18096"},{"taxonomy":"product_cat","embeddable":true,"href":"https:\/\/www.billigtrikotde.com\/en\/wp-json\/wp\/v2\/product_cat?post=18096"},{"taxonomy":"product_tag","embeddable":true,"href":"https:\/\/www.billigtrikotde.com\/en\/wp-json\/wp\/v2\/product_tag?post=18096"}],"curies":[{"name":"wp","href":"https:\/\/api.w.org\/{rel}","templated":true}]}}