{"id":17914,"date":"2024-10-24T10:06:50","date_gmt":"2024-10-24T08:06:50","guid":{"rendered":"http:\/\/billigtrikots.com\/?post_type=product&#038;p=17914"},"modified":"2024-10-24T10:09:04","modified_gmt":"2024-10-24T08:09:04","slug":"deutschland-trikot-kinder-dfb-em-2024-heimtrikot-euro-24-weiss-shirt-set-antonio-rudiger-2","status":"publish","type":"product","link":"https:\/\/www.billigtrikotde.com\/en\/deutschland-trikot-kinder-dfb-em-2024-heimtrikot-euro-24-weiss-shirt-set-antonio-rudiger-2\/","title":{"rendered":"Germany Shirt Kids DFB EM 2024 Home Shirt Euro 24 white Shirt Set Antonio Rudiger 2"},"content":{"rendered":"<p>The first jersey leaks show the Germany Euro 2024 jersey again in the traditional colours of white and black, with white shorts and socks. Unique designs are always created for the Germany jerseys, this time inspired by the DFB jerseys from the 1994 World Cup with the diamonds in black, red and gold, and the Germany Euro 2024 home jerseys come with a nice little hidden detail. On the inside of the collar is the flag motif, which can also be seen on the sleeves.the Germany 2024 jersey has a modern and outstanding design. It is of course mainly white, which is even more interesting, and the sleeves have the three-colour gradient of the German flag, with white three stripes on top and an effect inspired by the 1994 World Cup. The front of the Germany Euro 2024 home jersey features a pattern consisting of the DFB logo. This pattern is also inspired by the 1994 World Cup jersey.<\/p>\n<p>Tips for printing: If the name and number on the picture are exactly what you want, you do not need to enter them again. If not, you should enter your desired name and number.<\/p>\n<p>Washing tips: It is recommended to wash football shirts by hand. If you want to use the washing machine, remember to turn football shirts inside out and then wash them. Fill the machine with cold water and use a delicate cycle to better protect the colours.<\/p>","protected":false},"excerpt":{"rendered":"<p>Die ersten Trikot Leaks zeigen das Deutschland EM Trikot 2024 wieder in traditionellen Farben Wei\u00df und Schwarz, mit wei\u00dfer Hose und Stutzen. F\u00fcr die Deutschland Trikots werden immer einzigartige Designs entworfen, dieses Mal orientiert sich man an den DFB Trikots der WM 1994 mit den Rauten in schwarz-rot-gold.Die Deutschland Euro 2024 Heimtrikots kommt mit einem [&hellip;]<\/p>","protected":false},"featured_media":17954,"comment_status":"open","ping_status":"closed","template":"","meta":[],"product_brand":[],"product_cat":[1073,1072],"product_tag":[20,1074,1075,1076,1078,22,396,24],"class_list":{"0":"post-17914","1":"product","2":"type-product","3":"status-publish","4":"has-post-thumbnail","6":"product_cat-em-2024-deutschland","7":"product_cat-em-2024-trikots","8":"product_tag-coole-fussballtrikots","9":"product_tag-deutschland-trikot-em-2024","10":"product_tag-dfb-em-trikots-2024","11":"product_tag-em-2024-trikot","12":"product_tag-em-2024-trikot-kinder","13":"product_tag-fussballtrikot-guenstig-kaufen","14":"product_tag-fussballtrikots-langarm","15":"product_tag-guenstiges-fussballtrikot","17":"first","18":"instock","19":"shipping-taxable","20":"purchasable","21":"product-type-variable"},"_links":{"self":[{"href":"https:\/\/www.billigtrikotde.com\/en\/wp-json\/wp\/v2\/product\/17914","targetHints":{"allow":["GET"]}}],"collection":[{"href":"https:\/\/www.billigtrikotde.com\/en\/wp-json\/wp\/v2\/product"}],"about":[{"href":"https:\/\/www.billigtrikotde.com\/en\/wp-json\/wp\/v2\/types\/product"}],"replies":[{"embeddable":true,"href":"https:\/\/www.billigtrikotde.com\/en\/wp-json\/wp\/v2\/comments?post=17914"}],"wp:featuredmedia":[{"embeddable":true,"href":"https:\/\/www.billigtrikotde.com\/en\/wp-json\/wp\/v2\/media\/17954"}],"wp:attachment":[{"href":"https:\/\/www.billigtrikotde.com\/en\/wp-json\/wp\/v2\/media?parent=17914"}],"wp:term":[{"taxonomy":"product_brand","embeddable":true,"href":"https:\/\/www.billigtrikotde.com\/en\/wp-json\/wp\/v2\/product_brand?post=17914"},{"taxonomy":"product_cat","embeddable":true,"href":"https:\/\/www.billigtrikotde.com\/en\/wp-json\/wp\/v2\/product_cat?post=17914"},{"taxonomy":"product_tag","embeddable":true,"href":"https:\/\/www.billigtrikotde.com\/en\/wp-json\/wp\/v2\/product_tag?post=17914"}],"curies":[{"name":"wp","href":"https:\/\/api.w.org\/{rel}","templated":true}]}}