{"id":17812,"date":"2024-10-24T10:01:21","date_gmt":"2024-10-24T08:01:21","guid":{"rendered":"http:\/\/billigtrikots.com\/?post_type=product&#038;p=17812"},"modified":"2024-10-24T10:03:59","modified_gmt":"2024-10-24T08:03:59","slug":"herren-dfb-deutschland-em-2024-auswaertstrikot-euro-24-thomas-muller-13","status":"publish","type":"product","link":"https:\/\/www.billigtrikotde.com\/en\/herren-dfb-deutschland-em-2024-auswaertstrikot-euro-24-thomas-muller-13\/","title":{"rendered":"Men's DFB Germany EM 2024 Away Jersey Euro 24 Thomas Muller 13"},"content":{"rendered":"<p>We can release Germany Euro 2024 away jerseys that confirm our leak. It has some similarities with the third jersey of AC Milan 23-24. The DFB Euro 2024 away jersey features a bold and new colour combination for the German national team. The DFB 2024 away jersey combines pink and purple.<\/p>\n<p>Tips for printing: If the name and number on the picture are exactly what you want, you do not need to enter them again. If not, you should enter your desired name and number.<\/p>\n<p>Washing tips: It is recommended to wash football shirts by hand. If you want to use the washing machine, remember to turn football shirts inside out and then wash them. Fill the machine with cold water and use a delicate cycle to better protect the colours.<\/p>","protected":false},"excerpt":{"rendered":"<p>Wir k\u00f6nnen Deutschland Euro 2024 Ausw\u00e4rtstrikots ver\u00f6ffentlichen, die unseren Leak best\u00e4tigen.Es hat einige \u00c4hnlichkeiten mit dem dritten Trikot des AC Mailand 23-24.Das DFB Euro 2024 Ausw\u00e4rtstrikot hat eine mutige und neue Farbkombination f\u00fcr die deutsche Nationalmannschaft. Das DFB 2024 Ausw\u00e4rtstrikot kombiniert Pink und Lila. Tipps zum Drucken: Wenn der Name und die Nummer auf dem [&hellip;]<\/p>","protected":false},"featured_media":17855,"comment_status":"open","ping_status":"closed","template":"","meta":[],"product_brand":[],"product_cat":[1073,1072],"product_tag":[20,1074,1075,1076,1077,21,22,23,24],"class_list":{"0":"post-17812","1":"product","2":"type-product","3":"status-publish","4":"has-post-thumbnail","6":"product_cat-em-2024-deutschland","7":"product_cat-em-2024-trikots","8":"product_tag-coole-fussballtrikots","9":"product_tag-deutschland-trikot-em-2024","10":"product_tag-dfb-em-trikots-2024","11":"product_tag-em-2024-trikot","12":"product_tag-em-2024-trikot-herren","13":"product_tag-fussballtrikot-fuer-herren","14":"product_tag-fussballtrikot-guenstig-kaufen","15":"product_tag-fussballtrikot-kurzarm","16":"product_tag-guenstiges-fussballtrikot","18":"first","19":"instock","20":"shipping-taxable","21":"purchasable","22":"product-type-variable"},"_links":{"self":[{"href":"https:\/\/www.billigtrikotde.com\/en\/wp-json\/wp\/v2\/product\/17812","targetHints":{"allow":["GET"]}}],"collection":[{"href":"https:\/\/www.billigtrikotde.com\/en\/wp-json\/wp\/v2\/product"}],"about":[{"href":"https:\/\/www.billigtrikotde.com\/en\/wp-json\/wp\/v2\/types\/product"}],"replies":[{"embeddable":true,"href":"https:\/\/www.billigtrikotde.com\/en\/wp-json\/wp\/v2\/comments?post=17812"}],"wp:featuredmedia":[{"embeddable":true,"href":"https:\/\/www.billigtrikotde.com\/en\/wp-json\/wp\/v2\/media\/17855"}],"wp:attachment":[{"href":"https:\/\/www.billigtrikotde.com\/en\/wp-json\/wp\/v2\/media?parent=17812"}],"wp:term":[{"taxonomy":"product_brand","embeddable":true,"href":"https:\/\/www.billigtrikotde.com\/en\/wp-json\/wp\/v2\/product_brand?post=17812"},{"taxonomy":"product_cat","embeddable":true,"href":"https:\/\/www.billigtrikotde.com\/en\/wp-json\/wp\/v2\/product_cat?post=17812"},{"taxonomy":"product_tag","embeddable":true,"href":"https:\/\/www.billigtrikotde.com\/en\/wp-json\/wp\/v2\/product_tag?post=17812"}],"curies":[{"name":"wp","href":"https:\/\/api.w.org\/{rel}","templated":true}]}}