{"id":1759,"date":"2024-10-23T13:44:29","date_gmt":"2024-10-23T11:44:29","guid":{"rendered":"http:\/\/billigtrikots.com\/?post_type=product&#038;p=1759"},"modified":"2024-10-23T13:46:37","modified_gmt":"2024-10-23T11:46:37","slug":"borussia-dortmund-2022-heimtrikot-gelb-schwarz-langarm-kurze-hosen-delaney-6","status":"publish","type":"product","link":"https:\/\/www.billigtrikotde.com\/en\/borussia-dortmund-2022-heimtrikot-gelb-schwarz-langarm-kurze-hosen-delaney-6\/","title":{"rendered":"Borussia Dortmund 2022 home shirt yellow-black long sleeve + shorts Delaney 6"},"content":{"rendered":"<p>The official Borussia Dortmund 09 logo adorns the left chest of this V-neck home jersey. This jersey is designed for comfort and features PUMA's dryCELL technology, which wicks moisture away from your body. Because a little sweat (or a lot) shouldn't get in the way of your game.<\/p>\n<p>This product contains recycled material: Made from recycled fibres. A PUMA initiative to reduce negative environmental impact.<\/p>\n<p>Tips for printing: If the name and number on the picture are exactly what you want, you do not need to enter them again. If not, you should enter your desired name and number.<\/p>\n<p>Washing tips: It is recommended to wash football shirts by hand. If you want to use the washing machine, remember to turn football shirts inside out and then wash them. Fill the machine with cold water and use a delicate cycle to better protect the colours.<\/p>","protected":false},"excerpt":{"rendered":"<p>Das offizielle Borussia Dortmund 09-Logo ziert die linke Brustseite dieses Heimtrikots mit V-Ausschnitt. Dieses Trikot ist ganz auf Tragekomfort ausgelegt und \u00fcberzeugt mit PUMAs dryCELL-Technologie, die Feuchtigkeit von deinem K\u00f6rper wegtransportiert. Denn ein wenig Schwei\u00df (oder auch eine Menge) sollte deinem Spiel nicht im Wege stehen. Dieses Produkt enth\u00e4lt Recyclingmaterial: Hergestellt aus wiederverwendeten Fasern. Eine [&hellip;]<\/p>","protected":false},"featured_media":1790,"comment_status":"open","ping_status":"closed","template":"","meta":[],"product_brand":[],"product_cat":[63],"product_tag":[20,65,66,38,21,22,24],"class_list":{"0":"post-1759","1":"product","2":"type-product","3":"status-publish","4":"has-post-thumbnail","6":"product_cat-borussia-dortmund","7":"product_tag-coole-fussballtrikots","8":"product_tag-borussia-dortmund-trikots","9":"product_tag-bvb-trikots","10":"product_tag-fussball-trikot-langarm","11":"product_tag-fussballtrikot-fuer-herren","12":"product_tag-fussballtrikot-guenstig-kaufen","13":"product_tag-guenstiges-fussballtrikot","15":"first","16":"instock","17":"shipping-taxable","18":"purchasable","19":"product-type-variable"},"_links":{"self":[{"href":"https:\/\/www.billigtrikotde.com\/en\/wp-json\/wp\/v2\/product\/1759","targetHints":{"allow":["GET"]}}],"collection":[{"href":"https:\/\/www.billigtrikotde.com\/en\/wp-json\/wp\/v2\/product"}],"about":[{"href":"https:\/\/www.billigtrikotde.com\/en\/wp-json\/wp\/v2\/types\/product"}],"replies":[{"embeddable":true,"href":"https:\/\/www.billigtrikotde.com\/en\/wp-json\/wp\/v2\/comments?post=1759"}],"wp:featuredmedia":[{"embeddable":true,"href":"https:\/\/www.billigtrikotde.com\/en\/wp-json\/wp\/v2\/media\/1790"}],"wp:attachment":[{"href":"https:\/\/www.billigtrikotde.com\/en\/wp-json\/wp\/v2\/media?parent=1759"}],"wp:term":[{"taxonomy":"product_brand","embeddable":true,"href":"https:\/\/www.billigtrikotde.com\/en\/wp-json\/wp\/v2\/product_brand?post=1759"},{"taxonomy":"product_cat","embeddable":true,"href":"https:\/\/www.billigtrikotde.com\/en\/wp-json\/wp\/v2\/product_cat?post=1759"},{"taxonomy":"product_tag","embeddable":true,"href":"https:\/\/www.billigtrikotde.com\/en\/wp-json\/wp\/v2\/product_tag?post=1759"}],"curies":[{"name":"wp","href":"https:\/\/api.w.org\/{rel}","templated":true}]}}