{"id":1629,"date":"2024-10-23T13:38:39","date_gmt":"2024-10-23T11:38:39","guid":{"rendered":"http:\/\/billigtrikots.com\/?post_type=product&#038;p=1629"},"modified":"2024-10-23T13:40:37","modified_gmt":"2024-10-23T11:40:37","slug":"guenstige-fussballtrikots-juventus-heimtrikot-2022-mit-aufdruck-higuain-21","status":"publish","type":"product","link":"https:\/\/www.billigtrikotde.com\/en\/guenstige-fussballtrikots-juventus-heimtrikot-2022-mit-aufdruck-higuain-21\/","title":{"rendered":"Cheap football shirts Juventus home shirt 2022 with print Higuain 21"},"content":{"rendered":"<p>Inspired by the 10th anniversary of the club's iconic Allianz Stadium, this Juventus 2021\/22 home jersey for men has incorporated the stars of the building into the legendary white and black striped colourway. It is made from smooth and lightweight Primegreen poly fabric with AEROREADY technology to wick away sweat. It features a V-neck collar, short sleeves and ribbed trims to optimise the fit. With signature 3-Stripes on the shoulders, this shirt features the world-famous Juventus crest and the Badge Of Sport logo embroidered on the chest.<\/p>\n<p>Tips for printing: If the name and number on the picture are exactly what you want, you do not need to enter them again. If not, you should enter your desired name and number.<\/p>\n<p>Washing tips: It is recommended to wash football shirts by hand. If you want to use the washing machine, remember to turn football shirts inside out and then wash them. Fill the machine with cold water and use a delicate cycle to better protect the colours.<\/p>","protected":false},"excerpt":{"rendered":"<p>Inspiriert vom 10-j\u00e4hrigen Jubil\u00e4um des legend\u00e4ren Allianz-Stadions des Clubs hat dieses Juventus 2021\/22 Heimtrikot f\u00fcr Herren die Stars des Geb\u00e4udes in die legend\u00e4re wei\u00df-schwarz gestreifte Farbe eingearbeitet. Es besteht aus glattem und leichtem Primegreen-Polygewebe mit AEROREADY-Technologie, um Schwei\u00df abzuleiten. Es verf\u00fcgt \u00fcber einen Kragen mit V-Ausschnitt, kurze \u00c4rmel und gerippte Verzierungen, um die Passform zu [&hellip;]<\/p>","protected":false},"featured_media":1666,"comment_status":"open","ping_status":"closed","template":"","meta":[],"product_brand":[],"product_cat":[59],"product_tag":[20,21,22,23,24,60,61],"class_list":{"0":"post-1629","1":"product","2":"type-product","3":"status-publish","4":"has-post-thumbnail","6":"product_cat-juventus","7":"product_tag-coole-fussballtrikots","8":"product_tag-fussballtrikot-fuer-herren","9":"product_tag-fussballtrikot-guenstig-kaufen","10":"product_tag-fussballtrikot-kurzarm","11":"product_tag-guenstiges-fussballtrikot","12":"product_tag-juventus-heimtrikot","13":"product_tag-juventus-trikots","15":"first","16":"instock","17":"shipping-taxable","18":"purchasable","19":"product-type-variable"},"_links":{"self":[{"href":"https:\/\/www.billigtrikotde.com\/en\/wp-json\/wp\/v2\/product\/1629","targetHints":{"allow":["GET"]}}],"collection":[{"href":"https:\/\/www.billigtrikotde.com\/en\/wp-json\/wp\/v2\/product"}],"about":[{"href":"https:\/\/www.billigtrikotde.com\/en\/wp-json\/wp\/v2\/types\/product"}],"replies":[{"embeddable":true,"href":"https:\/\/www.billigtrikotde.com\/en\/wp-json\/wp\/v2\/comments?post=1629"}],"wp:featuredmedia":[{"embeddable":true,"href":"https:\/\/www.billigtrikotde.com\/en\/wp-json\/wp\/v2\/media\/1666"}],"wp:attachment":[{"href":"https:\/\/www.billigtrikotde.com\/en\/wp-json\/wp\/v2\/media?parent=1629"}],"wp:term":[{"taxonomy":"product_brand","embeddable":true,"href":"https:\/\/www.billigtrikotde.com\/en\/wp-json\/wp\/v2\/product_brand?post=1629"},{"taxonomy":"product_cat","embeddable":true,"href":"https:\/\/www.billigtrikotde.com\/en\/wp-json\/wp\/v2\/product_cat?post=1629"},{"taxonomy":"product_tag","embeddable":true,"href":"https:\/\/www.billigtrikotde.com\/en\/wp-json\/wp\/v2\/product_tag?post=1629"}],"curies":[{"name":"wp","href":"https:\/\/api.w.org\/{rel}","templated":true}]}}