{"id":16205,"date":"2024-10-24T08:30:17","date_gmt":"2024-10-24T06:30:17","guid":{"rendered":"http:\/\/billigtrikots.com\/?post_type=product&#038;p=16205"},"modified":"2024-10-24T08:32:57","modified_gmt":"2024-10-24T06:32:57","slug":"herren-set-fc-barcelona-23-24-drittes-trikot-blau-ousmane-dembele-7","status":"publish","type":"product","link":"https:\/\/www.billigtrikotde.com\/en\/herren-set-fc-barcelona-23-24-drittes-trikot-blau-ousmane-dembele-7\/","title":{"rendered":"Men's Set FC Barcelona 23-24 Third Jersey blue Ousmane Dembele 7"},"content":{"rendered":"<p>The Barcelona 23-24 third football shirt is predominantly mint (\"Light Aqua\"), combined with Blaugrana as the design elements and black as the logo colour.As for the template, the Bar\u00e7a 23-24 third football shirt is streamlined. It uses the same template as various national teams for the 2023 Women's World Cup and other 23-24 elite club teams for their third kits.Two things make the Barcelona 23-24 jersey stand out - the fabric and the swoosh and crest.Barcelona's Blaugrana colours (blue and red) are woven into the fabric of the Barcelona 23-24 jersey, giving it a special touch.<\/p>\n<p>Tips for printing: If the name and number on the picture are exactly what you want, you do not need to enter them again. If not, you should enter your desired name and number.<\/p>\n<p>Washing tips: It is recommended to wash football shirts by hand. If you want to use the washing machine, remember to turn football shirts inside out and then wash them. Fill the machine with cold water and use a delicate cycle to better protect the colours.<\/p>","protected":false},"excerpt":{"rendered":"<p>Das dritte Barcelona 23-24 Fu\u00dfball trikot ist \u00fcberwiegend mint (\u201eLight Aqua\u201c), kombiniert mit Blaugrana als Designelementen und Schwarz als Logofarbe.Was die Template betrifft, so ist das Bar\u00e7a 23-24 dritte Fu\u00dfballtrikot stromlinienf\u00f6rmig. Es verwendet die gleiche Template wie verschiedene Nationalmannschaften f\u00fcr die Frauen-WM 2023 und andere 23-24 Elite-Clubteams f\u00fcr ihre dritten Trikots.Zwei Dinge lassen das Barcelona [&hellip;]<\/p>","protected":false},"featured_media":16246,"comment_status":"open","ping_status":"closed","template":"","meta":[],"product_brand":[],"product_cat":[31],"product_tag":[703,704,20,863,864,33,574,426,24],"class_list":{"0":"post-16205","1":"product","2":"type-product","3":"status-publish","4":"has-post-thumbnail","6":"product_cat-fc-barcelona","7":"product_tag-barcelona-fussballtrikot","8":"product_tag-barcelona-trikot","9":"product_tag-coole-fussballtrikots","10":"product_tag-fc-barcelona-neue-trikots","11":"product_tag-fc-barcelona-trikot-set","12":"product_tag-fc-barcelona-trikots","13":"product_tag-fussballtrikot-deutschland","14":"product_tag-fussballtrikots-kurzarm","15":"product_tag-guenstiges-fussballtrikot","17":"first","18":"instock","19":"shipping-taxable","20":"purchasable","21":"product-type-variable"},"_links":{"self":[{"href":"https:\/\/www.billigtrikotde.com\/en\/wp-json\/wp\/v2\/product\/16205","targetHints":{"allow":["GET"]}}],"collection":[{"href":"https:\/\/www.billigtrikotde.com\/en\/wp-json\/wp\/v2\/product"}],"about":[{"href":"https:\/\/www.billigtrikotde.com\/en\/wp-json\/wp\/v2\/types\/product"}],"replies":[{"embeddable":true,"href":"https:\/\/www.billigtrikotde.com\/en\/wp-json\/wp\/v2\/comments?post=16205"}],"wp:featuredmedia":[{"embeddable":true,"href":"https:\/\/www.billigtrikotde.com\/en\/wp-json\/wp\/v2\/media\/16246"}],"wp:attachment":[{"href":"https:\/\/www.billigtrikotde.com\/en\/wp-json\/wp\/v2\/media?parent=16205"}],"wp:term":[{"taxonomy":"product_brand","embeddable":true,"href":"https:\/\/www.billigtrikotde.com\/en\/wp-json\/wp\/v2\/product_brand?post=16205"},{"taxonomy":"product_cat","embeddable":true,"href":"https:\/\/www.billigtrikotde.com\/en\/wp-json\/wp\/v2\/product_cat?post=16205"},{"taxonomy":"product_tag","embeddable":true,"href":"https:\/\/www.billigtrikotde.com\/en\/wp-json\/wp\/v2\/product_tag?post=16205"}],"curies":[{"name":"wp","href":"https:\/\/api.w.org\/{rel}","templated":true}]}}